{"id":96,"date":"2020-02-23T16:06:13","date_gmt":"2020-02-23T16:06:13","guid":{"rendered":"http:\/\/susanne-frey.de\/?page_id=96"},"modified":"2020-04-14T19:06:22","modified_gmt":"2020-04-14T19:06:22","slug":"jephtha","status":"publish","type":"page","link":"http:\/\/susanne-frey.de\/?page_id=96","title":{"rendered":"Jephtha"},"content":{"rendered":"\n<p>Jephtha von Georg Friedrich H\u00e4ndel<br>Stadtsaal Veranstaltungsforum F\u00fcrstenfeldbruck. <br>Premiere am 26. M\u00e4rz 2016<\/p>\n\n\n\n<p>Musikalische Leitung: Gerd Guglh\u00f6r<br>Regie: Susanne Frey<br>B\u00fchne \/ Kost\u00fcme: Peter Sommerer<br>Choreographie \/ Tanz: Riikka L\u00e4ser<br>Mit Juan Carlos Falc\u00f3n (Jephtha), <a href=\"http:\/\/www.jullavonlandsberg.de\" target=\"_blank\" rel=\"noreferrer noopener\">Julla von Landsberg<\/a> (Iphis), Barbara Schmidt-Gaden (Storge), Stefan Steinemann (Hamor), Daniel Holzhauser (Zebul), Laura Verena Incko (Engel) und dem&nbsp;<a href=\"http:\/\/www.bachchor-ffb.de\/\">BACHChor&amp;Orchester<\/a> F\u00fcrstenfeldbruck&nbsp;<\/p>\n\n\n\n<p>In der S\u00fcddeutschen Zeitung wurde die Auff\u00fchrung als \u201egrandios\u201c bezeichnet und das \u201eeinleuchtende Regiekonzept\u201c gelobt.&nbsp;<\/p>\n\n\n\n<figure class=\"wp-block-embed-vimeo wp-block-embed is-type-video is-provider-vimeo wp-embed-aspect-16-9 wp-has-aspect-ratio\"><div class=\"wp-block-embed__wrapper\">\n<iframe loading=\"lazy\" src=\"https:\/\/player.vimeo.com\/video\/190156247?dnt=1&amp;app_id=122963\" width=\"525\" height=\"295\" frameborder=\"0\" allow=\"autoplay; fullscreen\" allowfullscreen><\/iframe>\n<\/div><\/figure>\n\n\n\n<p>Mit seinem letzten und modernsten Oratorium Jephtha l\u00f6ste H\u00e4ndel bereits bei den zeitgen\u00f6ssischen Zuh\u00f6rern unmittelbare Betroffenheit aus. Der alttestamentarische Stoff vom Heerf\u00fchrer Jephtha, der sich durch einen Schwur gezwungen sieht, seine eigene Tochter zu opfern, steht in spannendem Bezug zum Passionsgeschehen des Neuen Testaments.<\/p>\n\n\n\n<div class=\"wp-block-glsb-gosign-logo-slider-block gosign-logo-slider\" data-slick=\"{&quot;dots&quot;:false,&quot;infinite&quot;:true,&quot;arrows&quot;:false,&quot;speed&quot;:800,&quot;slidesToShow&quot;:1,&quot;slidesToScroll&quot;:1,&quot;autoplay&quot;:true,&quot;autoplaySpeed&quot;:2500,&quot;gosignAllowLinkOnImages&quot;:false}\"><div class=\"logo-slider-item\"><img loading=\"lazy\" width=\"1024\" height=\"683\" src=\"http:\/\/susanne-frey.de\/wp-content\/uploads\/2020\/04\/Jephtha_1-1024x683.jpg\" alt=\"\" data-id=\"495\" data-link=\"http:\/\/susanne-frey.de\/?attachment_id=495\" class=\"wp-image-495\" srcset=\"http:\/\/susanne-frey.de\/wp-content\/uploads\/2020\/04\/Jephtha_1-1024x683.jpg 1024w, http:\/\/susanne-frey.de\/wp-content\/uploads\/2020\/04\/Jephtha_1-300x200.jpg 300w, http:\/\/susanne-frey.de\/wp-content\/uploads\/2020\/04\/Jephtha_1-768x512.jpg 768w, http:\/\/susanne-frey.de\/wp-content\/uploads\/2020\/04\/Jephtha_1.jpg 1200w\" sizes=\"(max-width: 706px) 89vw, (max-width: 767px) 82vw, 740px\" \/><\/div><div class=\"logo-slider-item\"><img loading=\"lazy\" width=\"1024\" height=\"683\" src=\"http:\/\/susanne-frey.de\/wp-content\/uploads\/2020\/04\/Jephtha_3-1024x683.jpg\" alt=\"\" data-id=\"497\" data-link=\"http:\/\/susanne-frey.de\/?attachment_id=497\" class=\"wp-image-497\" srcset=\"http:\/\/susanne-frey.de\/wp-content\/uploads\/2020\/04\/Jephtha_3-1024x683.jpg 1024w, http:\/\/susanne-frey.de\/wp-content\/uploads\/2020\/04\/Jephtha_3-300x200.jpg 300w, http:\/\/susanne-frey.de\/wp-content\/uploads\/2020\/04\/Jephtha_3-768x512.jpg 768w, http:\/\/susanne-frey.de\/wp-content\/uploads\/2020\/04\/Jephtha_3.jpg 1200w\" sizes=\"(max-width: 706px) 89vw, (max-width: 767px) 82vw, 740px\" \/><\/div><div class=\"logo-slider-item\"><img loading=\"lazy\" width=\"1024\" height=\"683\" src=\"http:\/\/susanne-frey.de\/wp-content\/uploads\/2020\/04\/Jephtha_2-1024x683.jpg\" alt=\"\" data-id=\"496\" data-link=\"http:\/\/susanne-frey.de\/?attachment_id=496\" class=\"wp-image-496\" srcset=\"http:\/\/susanne-frey.de\/wp-content\/uploads\/2020\/04\/Jephtha_2-1024x683.jpg 1024w, http:\/\/susanne-frey.de\/wp-content\/uploads\/2020\/04\/Jephtha_2-300x200.jpg 300w, http:\/\/susanne-frey.de\/wp-content\/uploads\/2020\/04\/Jephtha_2-768x512.jpg 768w, http:\/\/susanne-frey.de\/wp-content\/uploads\/2020\/04\/Jephtha_2.jpg 1200w\" sizes=\"(max-width: 706px) 89vw, (max-width: 767px) 82vw, 740px\" \/><\/div><div class=\"logo-slider-item\"><img loading=\"lazy\" width=\"1024\" height=\"683\" src=\"http:\/\/susanne-frey.de\/wp-content\/uploads\/2020\/04\/Jephtha_10-1024x683.jpg\" alt=\"\" data-id=\"504\" data-link=\"http:\/\/susanne-frey.de\/?attachment_id=504\" class=\"wp-image-504\" srcset=\"http:\/\/susanne-frey.de\/wp-content\/uploads\/2020\/04\/Jephtha_10-1024x683.jpg 1024w, http:\/\/susanne-frey.de\/wp-content\/uploads\/2020\/04\/Jephtha_10-300x200.jpg 300w, http:\/\/susanne-frey.de\/wp-content\/uploads\/2020\/04\/Jephtha_10-768x512.jpg 768w, http:\/\/susanne-frey.de\/wp-content\/uploads\/2020\/04\/Jephtha_10.jpg 1200w\" sizes=\"(max-width: 706px) 89vw, (max-width: 767px) 82vw, 740px\" \/><\/div><div class=\"logo-slider-item\"><img loading=\"lazy\" width=\"1024\" height=\"683\" src=\"http:\/\/susanne-frey.de\/wp-content\/uploads\/2020\/04\/Jephtha_7-1024x683.jpg\" alt=\"\" data-id=\"501\" data-link=\"http:\/\/susanne-frey.de\/?attachment_id=501\" class=\"wp-image-501\" srcset=\"http:\/\/susanne-frey.de\/wp-content\/uploads\/2020\/04\/Jephtha_7-1024x683.jpg 1024w, http:\/\/susanne-frey.de\/wp-content\/uploads\/2020\/04\/Jephtha_7-300x200.jpg 300w, http:\/\/susanne-frey.de\/wp-content\/uploads\/2020\/04\/Jephtha_7-768x512.jpg 768w, http:\/\/susanne-frey.de\/wp-content\/uploads\/2020\/04\/Jephtha_7.jpg 1200w\" sizes=\"(max-width: 706px) 89vw, (max-width: 767px) 82vw, 740px\" \/><\/div><div class=\"logo-slider-item\"><img loading=\"lazy\" width=\"1024\" height=\"683\" src=\"http:\/\/susanne-frey.de\/wp-content\/uploads\/2020\/04\/Jephtha_6-1024x683.jpg\" alt=\"\" data-id=\"500\" data-link=\"http:\/\/susanne-frey.de\/?attachment_id=500\" class=\"wp-image-500\" srcset=\"http:\/\/susanne-frey.de\/wp-content\/uploads\/2020\/04\/Jephtha_6-1024x683.jpg 1024w, http:\/\/susanne-frey.de\/wp-content\/uploads\/2020\/04\/Jephtha_6-300x200.jpg 300w, http:\/\/susanne-frey.de\/wp-content\/uploads\/2020\/04\/Jephtha_6-768x512.jpg 768w, http:\/\/susanne-frey.de\/wp-content\/uploads\/2020\/04\/Jephtha_6.jpg 1200w\" sizes=\"(max-width: 706px) 89vw, (max-width: 767px) 82vw, 740px\" \/><\/div><div class=\"logo-slider-item\"><img loading=\"lazy\" width=\"1024\" height=\"683\" src=\"http:\/\/susanne-frey.de\/wp-content\/uploads\/2020\/04\/Jephtha_5-1024x683.jpg\" alt=\"\" data-id=\"499\" data-link=\"http:\/\/susanne-frey.de\/?attachment_id=499\" class=\"wp-image-499\" srcset=\"http:\/\/susanne-frey.de\/wp-content\/uploads\/2020\/04\/Jephtha_5-1024x683.jpg 1024w, http:\/\/susanne-frey.de\/wp-content\/uploads\/2020\/04\/Jephtha_5-300x200.jpg 300w, http:\/\/susanne-frey.de\/wp-content\/uploads\/2020\/04\/Jephtha_5-768x512.jpg 768w, http:\/\/susanne-frey.de\/wp-content\/uploads\/2020\/04\/Jephtha_5.jpg 1200w\" sizes=\"(max-width: 706px) 89vw, (max-width: 767px) 82vw, 740px\" \/><\/div><div class=\"logo-slider-item\"><img loading=\"lazy\" width=\"1024\" height=\"683\" src=\"http:\/\/susanne-frey.de\/wp-content\/uploads\/2020\/04\/Jephtha_8-1024x683.jpg\" alt=\"\" data-id=\"502\" data-link=\"http:\/\/susanne-frey.de\/?attachment_id=502\" class=\"wp-image-502\" srcset=\"http:\/\/susanne-frey.de\/wp-content\/uploads\/2020\/04\/Jephtha_8-1024x683.jpg 1024w, http:\/\/susanne-frey.de\/wp-content\/uploads\/2020\/04\/Jephtha_8-300x200.jpg 300w, http:\/\/susanne-frey.de\/wp-content\/uploads\/2020\/04\/Jephtha_8-768x512.jpg 768w, http:\/\/susanne-frey.de\/wp-content\/uploads\/2020\/04\/Jephtha_8.jpg 1200w\" sizes=\"(max-width: 706px) 89vw, (max-width: 767px) 82vw, 740px\" \/><\/div><div class=\"logo-slider-item\"><img loading=\"lazy\" width=\"1024\" height=\"683\" src=\"http:\/\/susanne-frey.de\/wp-content\/uploads\/2020\/04\/Jephtha_4-1024x683.jpg\" alt=\"\" data-id=\"498\" data-link=\"http:\/\/susanne-frey.de\/?attachment_id=498\" class=\"wp-image-498\" srcset=\"http:\/\/susanne-frey.de\/wp-content\/uploads\/2020\/04\/Jephtha_4-1024x683.jpg 1024w, http:\/\/susanne-frey.de\/wp-content\/uploads\/2020\/04\/Jephtha_4-300x200.jpg 300w, http:\/\/susanne-frey.de\/wp-content\/uploads\/2020\/04\/Jephtha_4-768x512.jpg 768w, http:\/\/susanne-frey.de\/wp-content\/uploads\/2020\/04\/Jephtha_4.jpg 1200w\" sizes=\"(max-width: 706px) 89vw, (max-width: 767px) 82vw, 740px\" \/><\/div><div class=\"logo-slider-item\"><img loading=\"lazy\" width=\"1024\" height=\"683\" src=\"http:\/\/susanne-frey.de\/wp-content\/uploads\/2020\/04\/Jephtha_9-1024x683.jpg\" alt=\"\" data-id=\"503\" data-link=\"http:\/\/susanne-frey.de\/?attachment_id=503\" class=\"wp-image-503\" srcset=\"http:\/\/susanne-frey.de\/wp-content\/uploads\/2020\/04\/Jephtha_9-1024x683.jpg 1024w, http:\/\/susanne-frey.de\/wp-content\/uploads\/2020\/04\/Jephtha_9-300x200.jpg 300w, http:\/\/susanne-frey.de\/wp-content\/uploads\/2020\/04\/Jephtha_9-768x512.jpg 768w, http:\/\/susanne-frey.de\/wp-content\/uploads\/2020\/04\/Jephtha_9.jpg 1200w\" sizes=\"(max-width: 706px) 89vw, (max-width: 767px) 82vw, 740px\" \/><\/div><div class=\"logo-slider-item\"><img loading=\"lazy\" width=\"1024\" height=\"683\" src=\"http:\/\/susanne-frey.de\/wp-content\/uploads\/2020\/04\/Jephtha_12-1024x683.jpg\" alt=\"\" data-id=\"506\" data-link=\"http:\/\/susanne-frey.de\/?attachment_id=506\" class=\"wp-image-506\" srcset=\"http:\/\/susanne-frey.de\/wp-content\/uploads\/2020\/04\/Jephtha_12-1024x683.jpg 1024w, http:\/\/susanne-frey.de\/wp-content\/uploads\/2020\/04\/Jephtha_12-300x200.jpg 300w, http:\/\/susanne-frey.de\/wp-content\/uploads\/2020\/04\/Jephtha_12-768x512.jpg 768w, http:\/\/susanne-frey.de\/wp-content\/uploads\/2020\/04\/Jephtha_12.jpg 1200w\" sizes=\"(max-width: 706px) 89vw, (max-width: 767px) 82vw, 740px\" \/><\/div><div class=\"logo-slider-item\"><img loading=\"lazy\" width=\"1024\" height=\"683\" src=\"http:\/\/susanne-frey.de\/wp-content\/uploads\/2020\/04\/Jephtha_11-1024x683.jpg\" alt=\"\" data-id=\"505\" data-link=\"http:\/\/susanne-frey.de\/?attachment_id=505\" class=\"wp-image-505\" srcset=\"http:\/\/susanne-frey.de\/wp-content\/uploads\/2020\/04\/Jephtha_11-1024x683.jpg 1024w, http:\/\/susanne-frey.de\/wp-content\/uploads\/2020\/04\/Jephtha_11-300x200.jpg 300w, http:\/\/susanne-frey.de\/wp-content\/uploads\/2020\/04\/Jephtha_11-768x512.jpg 768w, http:\/\/susanne-frey.de\/wp-content\/uploads\/2020\/04\/Jephtha_11.jpg 1200w\" sizes=\"(max-width: 706px) 89vw, (max-width: 767px) 82vw, 740px\" \/><\/div><div class=\"logo-slider-item\"><img loading=\"lazy\" width=\"1024\" height=\"683\" src=\"http:\/\/susanne-frey.de\/wp-content\/uploads\/2020\/04\/Jephtha_13-1024x683.jpg\" alt=\"\" data-id=\"507\" data-link=\"http:\/\/susanne-frey.de\/?attachment_id=507\" class=\"wp-image-507\" srcset=\"http:\/\/susanne-frey.de\/wp-content\/uploads\/2020\/04\/Jephtha_13-1024x683.jpg 1024w, http:\/\/susanne-frey.de\/wp-content\/uploads\/2020\/04\/Jephtha_13-300x200.jpg 300w, http:\/\/susanne-frey.de\/wp-content\/uploads\/2020\/04\/Jephtha_13-768x512.jpg 768w, http:\/\/susanne-frey.de\/wp-content\/uploads\/2020\/04\/Jephtha_13.jpg 1200w\" sizes=\"(max-width: 706px) 89vw, (max-width: 767px) 82vw, 740px\" \/><\/div><div class=\"logo-slider-item\"><img loading=\"lazy\" width=\"1024\" height=\"683\" src=\"http:\/\/susanne-frey.de\/wp-content\/uploads\/2020\/04\/Jephtha_14-1024x683.jpg\" alt=\"\" data-id=\"508\" data-link=\"http:\/\/susanne-frey.de\/?attachment_id=508\" class=\"wp-image-508\" srcset=\"http:\/\/susanne-frey.de\/wp-content\/uploads\/2020\/04\/Jephtha_14-1024x683.jpg 1024w, http:\/\/susanne-frey.de\/wp-content\/uploads\/2020\/04\/Jephtha_14-300x200.jpg 300w, http:\/\/susanne-frey.de\/wp-content\/uploads\/2020\/04\/Jephtha_14-768x512.jpg 768w, http:\/\/susanne-frey.de\/wp-content\/uploads\/2020\/04\/Jephtha_14.jpg 1200w\" sizes=\"(max-width: 706px) 89vw, (max-width: 767px) 82vw, 740px\" \/><\/div><div class=\"logo-slider-item\"><img loading=\"lazy\" width=\"1024\" height=\"683\" src=\"http:\/\/susanne-frey.de\/wp-content\/uploads\/2020\/04\/Jephtha_15-1024x683.jpg\" alt=\"\" data-id=\"509\" data-link=\"http:\/\/susanne-frey.de\/?attachment_id=509\" class=\"wp-image-509\" srcset=\"http:\/\/susanne-frey.de\/wp-content\/uploads\/2020\/04\/Jephtha_15-1024x683.jpg 1024w, http:\/\/susanne-frey.de\/wp-content\/uploads\/2020\/04\/Jephtha_15-300x200.jpg 300w, http:\/\/susanne-frey.de\/wp-content\/uploads\/2020\/04\/Jephtha_15-768x512.jpg 768w, http:\/\/susanne-frey.de\/wp-content\/uploads\/2020\/04\/Jephtha_15.jpg 1200w\" sizes=\"(max-width: 706px) 89vw, (max-width: 767px) 82vw, 740px\" \/><\/div><div class=\"logo-slider-item\"><img loading=\"lazy\" width=\"1024\" height=\"683\" src=\"http:\/\/susanne-frey.de\/wp-content\/uploads\/2020\/04\/Jephtha_0-1024x683.jpg\" alt=\"\" data-id=\"494\" data-link=\"http:\/\/susanne-frey.de\/?attachment_id=494\" class=\"wp-image-494\" srcset=\"http:\/\/susanne-frey.de\/wp-content\/uploads\/2020\/04\/Jephtha_0-1024x683.jpg 1024w, http:\/\/susanne-frey.de\/wp-content\/uploads\/2020\/04\/Jephtha_0-300x200.jpg 300w, http:\/\/susanne-frey.de\/wp-content\/uploads\/2020\/04\/Jephtha_0-768x512.jpg 768w, http:\/\/susanne-frey.de\/wp-content\/uploads\/2020\/04\/Jephtha_0.jpg 1200w\" sizes=\"(max-width: 706px) 89vw, (max-width: 767px) 82vw, 740px\" \/><\/div><\/div>\n\n\n\n<p><br>Fotos \u00a9 Sonja Lichtinghagen&nbsp;<\/p>\n","protected":false},"excerpt":{"rendered":"<p>Jephtha von Georg Friedrich H\u00e4ndelStadtsaal Veranstaltungsforum F\u00fcrstenfeldbruck. Premiere am 26. M\u00e4rz 2016 Musikalische Leitung: Gerd Guglh\u00f6rRegie: Susanne FreyB\u00fchne \/ Kost\u00fcme: Peter SommererChoreographie \/ Tanz: Riikka L\u00e4serMit Juan Carlos Falc\u00f3n (Jephtha), Julla von Landsberg (Iphis), Barbara Schmidt-Gaden (Storge), Stefan Steinemann (Hamor), Daniel Holzhauser (Zebul), Laura Verena Incko (Engel) und dem&nbsp;BACHChor&amp;Orchester F\u00fcrstenfeldbruck&nbsp; In der S\u00fcddeutschen Zeitung wurde &hellip; <\/p>\n<p class=\"link-more\"><a href=\"http:\/\/susanne-frey.de\/?page_id=96\" class=\"more-link\"><span class=\"screen-reader-text\">\u201eJephtha\u201c<\/span> weiterlesen<\/a><\/p>\n","protected":false},"author":1,"featured_media":0,"parent":0,"menu_order":0,"comment_status":"closed","ping_status":"closed","template":"","meta":{"ngg_post_thumbnail":0},"_links":{"self":[{"href":"http:\/\/susanne-frey.de\/index.php?rest_route=\/wp\/v2\/pages\/96"}],"collection":[{"href":"http:\/\/susanne-frey.de\/index.php?rest_route=\/wp\/v2\/pages"}],"about":[{"href":"http:\/\/susanne-frey.de\/index.php?rest_route=\/wp\/v2\/types\/page"}],"author":[{"embeddable":true,"href":"http:\/\/susanne-frey.de\/index.php?rest_route=\/wp\/v2\/users\/1"}],"replies":[{"embeddable":true,"href":"http:\/\/susanne-frey.de\/index.php?rest_route=%2Fwp%2Fv2%2Fcomments&post=96"}],"version-history":[{"count":5,"href":"http:\/\/susanne-frey.de\/index.php?rest_route=\/wp\/v2\/pages\/96\/revisions"}],"predecessor-version":[{"id":853,"href":"http:\/\/susanne-frey.de\/index.php?rest_route=\/wp\/v2\/pages\/96\/revisions\/853"}],"wp:attachment":[{"href":"http:\/\/susanne-frey.de\/index.php?rest_route=%2Fwp%2Fv2%2Fmedia&parent=96"}],"curies":[{"name":"wp","href":"https:\/\/api.w.org\/{rel}","templated":true}]}}