{"id":94,"date":"2020-02-23T16:05:55","date_gmt":"2020-02-23T16:05:55","guid":{"rendered":"http:\/\/susanne-frey.de\/?page_id=94"},"modified":"2020-04-14T18:49:49","modified_gmt":"2020-04-14T18:49:49","slug":"brothers-venus-in-africa","status":"publish","type":"page","link":"http:\/\/susanne-frey.de\/?page_id=94","title":{"rendered":"Brothers &#038; Venus in Africa"},"content":{"rendered":"\n<p>Brothers &amp; Venus in Africa von George Antheil<br><a href=\"http:\/\/www.theaterluebeck.de\/index.php%3Fseid%3D1139%26St_ID%3D610\">Theater L\u00fcbeck<\/a>. Premiere am 5.6.2014.&nbsp;<\/p>\n\n\n\n<p>Musikalische Leitung: Thomas Dorsch&nbsp;<br>Inszenierung: Susanne Frey&nbsp;<br>B\u00fchne \/ Kost\u00fcm: Peter Sommerer<br>The brothers mit Lele Sun (Mary), Jonghoon You (Abe), Changhui Tan (Ken), Du Wang (Jim), Kong Seok Choi (Ran)<br>Venus in Africa mit Birgit L\u00e4titia B\u00f6ckeler (Yvonne), Christian Henneberg (Charles), Kong Seok Choi (The Innkeeper), Franziska Bla\u00df (Venus), Daniel Schliewa (The Peddler) und dem Philharmonischen Orchester der Hansestadt L\u00fcbeck&nbsp;<\/p>\n\n\n\n<p>Die L\u00fcbecker Stadtzeitung bezeichnet die Inszenierung von \u201eBrothers\u201c als \u201espannend und ber\u00fchrend\u201c. In der \u201eOpernwelt\u201c wurde die \u201epsychologisch differenziert ausgearbeitete Personenf\u00fchrung\u201c gelobt.&nbsp;<\/p>\n\n\n\n<p>Bilder aus Brothers<\/p>\n\n\n\n<div class=\"wp-block-glsb-gosign-logo-slider-block gosign-logo-slider\" data-slick=\"{&quot;dots&quot;:false,&quot;infinite&quot;:true,&quot;arrows&quot;:false,&quot;speed&quot;:800,&quot;slidesToShow&quot;:1,&quot;slidesToScroll&quot;:1,&quot;autoplay&quot;:true,&quot;autoplaySpeed&quot;:3000,&quot;gosignAllowLinkOnImages&quot;:false}\"><div class=\"logo-slider-item\"><img loading=\"lazy\" width=\"1024\" height=\"683\" src=\"http:\/\/susanne-frey.de\/wp-content\/uploads\/2020\/04\/Brothers_1-1024x683.jpg\" alt=\"\" data-id=\"381\" data-link=\"http:\/\/susanne-frey.de\/?attachment_id=381\" class=\"wp-image-381\" srcset=\"http:\/\/susanne-frey.de\/wp-content\/uploads\/2020\/04\/Brothers_1-1024x683.jpg 1024w, http:\/\/susanne-frey.de\/wp-content\/uploads\/2020\/04\/Brothers_1-300x200.jpg 300w, http:\/\/susanne-frey.de\/wp-content\/uploads\/2020\/04\/Brothers_1-768x512.jpg 768w, http:\/\/susanne-frey.de\/wp-content\/uploads\/2020\/04\/Brothers_1.jpg 1200w\" sizes=\"(max-width: 706px) 89vw, (max-width: 767px) 82vw, 740px\" \/><\/div><div class=\"logo-slider-item\"><img loading=\"lazy\" width=\"1024\" height=\"683\" src=\"http:\/\/susanne-frey.de\/wp-content\/uploads\/2020\/04\/Brothers_2-1024x683.jpg\" alt=\"\" data-id=\"382\" data-link=\"http:\/\/susanne-frey.de\/?attachment_id=382\" class=\"wp-image-382\" srcset=\"http:\/\/susanne-frey.de\/wp-content\/uploads\/2020\/04\/Brothers_2-1024x683.jpg 1024w, http:\/\/susanne-frey.de\/wp-content\/uploads\/2020\/04\/Brothers_2-300x200.jpg 300w, http:\/\/susanne-frey.de\/wp-content\/uploads\/2020\/04\/Brothers_2-768x512.jpg 768w, http:\/\/susanne-frey.de\/wp-content\/uploads\/2020\/04\/Brothers_2.jpg 1200w\" sizes=\"(max-width: 706px) 89vw, (max-width: 767px) 82vw, 740px\" \/><\/div><div class=\"logo-slider-item\"><img loading=\"lazy\" width=\"1024\" height=\"683\" src=\"http:\/\/susanne-frey.de\/wp-content\/uploads\/2020\/04\/Brothers_3-1024x683.jpg\" alt=\"\" data-id=\"383\" data-link=\"http:\/\/susanne-frey.de\/?attachment_id=383\" class=\"wp-image-383\" srcset=\"http:\/\/susanne-frey.de\/wp-content\/uploads\/2020\/04\/Brothers_3-1024x683.jpg 1024w, http:\/\/susanne-frey.de\/wp-content\/uploads\/2020\/04\/Brothers_3-300x200.jpg 300w, http:\/\/susanne-frey.de\/wp-content\/uploads\/2020\/04\/Brothers_3-768x512.jpg 768w, http:\/\/susanne-frey.de\/wp-content\/uploads\/2020\/04\/Brothers_3.jpg 1200w\" sizes=\"(max-width: 706px) 89vw, (max-width: 767px) 82vw, 740px\" \/><\/div><div class=\"logo-slider-item\"><img loading=\"lazy\" width=\"1024\" height=\"683\" src=\"http:\/\/susanne-frey.de\/wp-content\/uploads\/2020\/04\/Brothers_4-1024x683.jpg\" alt=\"\" data-id=\"384\" data-link=\"http:\/\/susanne-frey.de\/?attachment_id=384\" class=\"wp-image-384\" srcset=\"http:\/\/susanne-frey.de\/wp-content\/uploads\/2020\/04\/Brothers_4-1024x683.jpg 1024w, http:\/\/susanne-frey.de\/wp-content\/uploads\/2020\/04\/Brothers_4-300x200.jpg 300w, http:\/\/susanne-frey.de\/wp-content\/uploads\/2020\/04\/Brothers_4-768x512.jpg 768w, http:\/\/susanne-frey.de\/wp-content\/uploads\/2020\/04\/Brothers_4.jpg 1200w\" sizes=\"(max-width: 706px) 89vw, (max-width: 767px) 82vw, 740px\" \/><\/div><div class=\"logo-slider-item\"><img loading=\"lazy\" width=\"1024\" height=\"683\" src=\"http:\/\/susanne-frey.de\/wp-content\/uploads\/2020\/04\/Brothers_6-1024x683.jpg\" alt=\"\" data-id=\"386\" data-link=\"http:\/\/susanne-frey.de\/?attachment_id=386\" class=\"wp-image-386\" srcset=\"http:\/\/susanne-frey.de\/wp-content\/uploads\/2020\/04\/Brothers_6-1024x683.jpg 1024w, http:\/\/susanne-frey.de\/wp-content\/uploads\/2020\/04\/Brothers_6-300x200.jpg 300w, http:\/\/susanne-frey.de\/wp-content\/uploads\/2020\/04\/Brothers_6-768x512.jpg 768w, http:\/\/susanne-frey.de\/wp-content\/uploads\/2020\/04\/Brothers_6.jpg 1200w\" sizes=\"(max-width: 706px) 89vw, (max-width: 767px) 82vw, 740px\" \/><\/div><div class=\"logo-slider-item\"><img loading=\"lazy\" width=\"1024\" height=\"683\" src=\"http:\/\/susanne-frey.de\/wp-content\/uploads\/2020\/04\/Brothers_5-1024x683.jpg\" alt=\"\" data-id=\"385\" data-link=\"http:\/\/susanne-frey.de\/?attachment_id=385\" class=\"wp-image-385\" srcset=\"http:\/\/susanne-frey.de\/wp-content\/uploads\/2020\/04\/Brothers_5-1024x683.jpg 1024w, http:\/\/susanne-frey.de\/wp-content\/uploads\/2020\/04\/Brothers_5-300x200.jpg 300w, http:\/\/susanne-frey.de\/wp-content\/uploads\/2020\/04\/Brothers_5-768x512.jpg 768w, http:\/\/susanne-frey.de\/wp-content\/uploads\/2020\/04\/Brothers_5.jpg 1200w\" sizes=\"(max-width: 706px) 89vw, (max-width: 767px) 82vw, 740px\" \/><\/div><div class=\"logo-slider-item\"><img loading=\"lazy\" width=\"1024\" height=\"681\" src=\"http:\/\/susanne-frey.de\/wp-content\/uploads\/2020\/04\/Brothers_7-1024x681.jpg\" alt=\"\" data-id=\"387\" data-link=\"http:\/\/susanne-frey.de\/?attachment_id=387\" class=\"wp-image-387\" srcset=\"http:\/\/susanne-frey.de\/wp-content\/uploads\/2020\/04\/Brothers_7-1024x681.jpg 1024w, http:\/\/susanne-frey.de\/wp-content\/uploads\/2020\/04\/Brothers_7-300x200.jpg 300w, http:\/\/susanne-frey.de\/wp-content\/uploads\/2020\/04\/Brothers_7-768x511.jpg 768w, http:\/\/susanne-frey.de\/wp-content\/uploads\/2020\/04\/Brothers_7.jpg 1200w\" sizes=\"(max-width: 706px) 89vw, (max-width: 767px) 82vw, 740px\" \/><\/div><div class=\"logo-slider-item\"><img loading=\"lazy\" width=\"1024\" height=\"683\" src=\"http:\/\/susanne-frey.de\/wp-content\/uploads\/2020\/04\/Brothers_8-1024x683.jpg\" alt=\"\" data-id=\"388\" data-link=\"http:\/\/susanne-frey.de\/?attachment_id=388\" class=\"wp-image-388\" srcset=\"http:\/\/susanne-frey.de\/wp-content\/uploads\/2020\/04\/Brothers_8-1024x683.jpg 1024w, http:\/\/susanne-frey.de\/wp-content\/uploads\/2020\/04\/Brothers_8-300x200.jpg 300w, http:\/\/susanne-frey.de\/wp-content\/uploads\/2020\/04\/Brothers_8-768x512.jpg 768w, http:\/\/susanne-frey.de\/wp-content\/uploads\/2020\/04\/Brothers_8.jpg 1200w\" sizes=\"(max-width: 706px) 89vw, (max-width: 767px) 82vw, 740px\" \/><\/div><\/div>\n\n\n\n<p><\/p>\n\n\n\n<p>Bilder aus Venus in Africa<\/p>\n\n\n\n<div class=\"wp-block-glsb-gosign-logo-slider-block gosign-logo-slider\" data-slick=\"{&quot;dots&quot;:false,&quot;infinite&quot;:true,&quot;arrows&quot;:false,&quot;speed&quot;:900,&quot;slidesToShow&quot;:1,&quot;slidesToScroll&quot;:1,&quot;autoplay&quot;:true,&quot;autoplaySpeed&quot;:2700,&quot;gosignAllowLinkOnImages&quot;:false}\"><div class=\"logo-slider-item\"><img loading=\"lazy\" width=\"1024\" height=\"683\" src=\"http:\/\/susanne-frey.de\/wp-content\/uploads\/2020\/04\/Antheil-Venus-1-1024x683.jpg\" alt=\"\" data-id=\"389\" data-link=\"http:\/\/susanne-frey.de\/?attachment_id=389\" class=\"wp-image-389\" srcset=\"http:\/\/susanne-frey.de\/wp-content\/uploads\/2020\/04\/Antheil-Venus-1-1024x683.jpg 1024w, http:\/\/susanne-frey.de\/wp-content\/uploads\/2020\/04\/Antheil-Venus-1-300x200.jpg 300w, http:\/\/susanne-frey.de\/wp-content\/uploads\/2020\/04\/Antheil-Venus-1-768x512.jpg 768w, http:\/\/susanne-frey.de\/wp-content\/uploads\/2020\/04\/Antheil-Venus-1.jpg 1200w\" sizes=\"(max-width: 706px) 89vw, (max-width: 767px) 82vw, 740px\" \/><\/div><div class=\"logo-slider-item\"><img loading=\"lazy\" width=\"1024\" height=\"683\" src=\"http:\/\/susanne-frey.de\/wp-content\/uploads\/2020\/04\/Antheil-Venus-2-1024x683.jpg\" alt=\"\" data-id=\"390\" data-link=\"http:\/\/susanne-frey.de\/?attachment_id=390\" class=\"wp-image-390\" srcset=\"http:\/\/susanne-frey.de\/wp-content\/uploads\/2020\/04\/Antheil-Venus-2-1024x683.jpg 1024w, http:\/\/susanne-frey.de\/wp-content\/uploads\/2020\/04\/Antheil-Venus-2-300x200.jpg 300w, http:\/\/susanne-frey.de\/wp-content\/uploads\/2020\/04\/Antheil-Venus-2-768x512.jpg 768w, http:\/\/susanne-frey.de\/wp-content\/uploads\/2020\/04\/Antheil-Venus-2.jpg 1200w\" sizes=\"(max-width: 706px) 89vw, (max-width: 767px) 82vw, 740px\" \/><\/div><div class=\"logo-slider-item\"><img loading=\"lazy\" width=\"1024\" height=\"683\" src=\"http:\/\/susanne-frey.de\/wp-content\/uploads\/2020\/04\/Antheil-Venus-3-1024x683.jpg\" alt=\"\" data-id=\"391\" data-link=\"http:\/\/susanne-frey.de\/?attachment_id=391\" class=\"wp-image-391\" srcset=\"http:\/\/susanne-frey.de\/wp-content\/uploads\/2020\/04\/Antheil-Venus-3-1024x683.jpg 1024w, http:\/\/susanne-frey.de\/wp-content\/uploads\/2020\/04\/Antheil-Venus-3-300x200.jpg 300w, http:\/\/susanne-frey.de\/wp-content\/uploads\/2020\/04\/Antheil-Venus-3-768x512.jpg 768w, http:\/\/susanne-frey.de\/wp-content\/uploads\/2020\/04\/Antheil-Venus-3.jpg 1200w\" sizes=\"(max-width: 706px) 89vw, (max-width: 767px) 82vw, 740px\" \/><\/div><div class=\"logo-slider-item\"><img loading=\"lazy\" width=\"1024\" height=\"683\" src=\"http:\/\/susanne-frey.de\/wp-content\/uploads\/2020\/04\/Antheil-Venus-5-1024x683.jpg\" alt=\"\" data-id=\"393\" data-link=\"http:\/\/susanne-frey.de\/?attachment_id=393\" class=\"wp-image-393\" srcset=\"http:\/\/susanne-frey.de\/wp-content\/uploads\/2020\/04\/Antheil-Venus-5-1024x683.jpg 1024w, http:\/\/susanne-frey.de\/wp-content\/uploads\/2020\/04\/Antheil-Venus-5-300x200.jpg 300w, http:\/\/susanne-frey.de\/wp-content\/uploads\/2020\/04\/Antheil-Venus-5-768x512.jpg 768w, http:\/\/susanne-frey.de\/wp-content\/uploads\/2020\/04\/Antheil-Venus-5.jpg 1200w\" sizes=\"(max-width: 706px) 89vw, (max-width: 767px) 82vw, 740px\" \/><\/div><div class=\"logo-slider-item\"><img loading=\"lazy\" width=\"1024\" height=\"681\" src=\"http:\/\/susanne-frey.de\/wp-content\/uploads\/2020\/04\/Antheil-Venus-4-1024x681.jpg\" alt=\"\" data-id=\"392\" data-link=\"http:\/\/susanne-frey.de\/?attachment_id=392\" class=\"wp-image-392\" srcset=\"http:\/\/susanne-frey.de\/wp-content\/uploads\/2020\/04\/Antheil-Venus-4-1024x681.jpg 1024w, http:\/\/susanne-frey.de\/wp-content\/uploads\/2020\/04\/Antheil-Venus-4-300x200.jpg 300w, http:\/\/susanne-frey.de\/wp-content\/uploads\/2020\/04\/Antheil-Venus-4-768x511.jpg 768w, http:\/\/susanne-frey.de\/wp-content\/uploads\/2020\/04\/Antheil-Venus-4.jpg 1200w\" sizes=\"(max-width: 706px) 89vw, (max-width: 767px) 82vw, 740px\" \/><\/div><\/div>\n\n\n\n<p><\/p>\n","protected":false},"excerpt":{"rendered":"<p>Brothers &amp; Venus in Africa von George AntheilTheater L\u00fcbeck. Premiere am 5.6.2014.&nbsp; Musikalische Leitung: Thomas Dorsch&nbsp;Inszenierung: Susanne Frey&nbsp;B\u00fchne \/ Kost\u00fcm: Peter SommererThe brothers mit Lele Sun (Mary), Jonghoon You (Abe), Changhui Tan (Ken), Du Wang (Jim), Kong Seok Choi (Ran)Venus in Africa mit Birgit L\u00e4titia B\u00f6ckeler (Yvonne), Christian Henneberg (Charles), Kong Seok Choi (The Innkeeper), &hellip; <\/p>\n<p class=\"link-more\"><a href=\"http:\/\/susanne-frey.de\/?page_id=94\" class=\"more-link\"><span class=\"screen-reader-text\">\u201eBrothers &#038; Venus in Africa\u201c<\/span> weiterlesen<\/a><\/p>\n","protected":false},"author":1,"featured_media":0,"parent":0,"menu_order":0,"comment_status":"closed","ping_status":"closed","template":"","meta":{"ngg_post_thumbnail":0},"_links":{"self":[{"href":"http:\/\/susanne-frey.de\/index.php?rest_route=\/wp\/v2\/pages\/94"}],"collection":[{"href":"http:\/\/susanne-frey.de\/index.php?rest_route=\/wp\/v2\/pages"}],"about":[{"href":"http:\/\/susanne-frey.de\/index.php?rest_route=\/wp\/v2\/types\/page"}],"author":[{"embeddable":true,"href":"http:\/\/susanne-frey.de\/index.php?rest_route=\/wp\/v2\/users\/1"}],"replies":[{"embeddable":true,"href":"http:\/\/susanne-frey.de\/index.php?rest_route=%2Fwp%2Fv2%2Fcomments&post=94"}],"version-history":[{"count":12,"href":"http:\/\/susanne-frey.de\/index.php?rest_route=\/wp\/v2\/pages\/94\/revisions"}],"predecessor-version":[{"id":410,"href":"http:\/\/susanne-frey.de\/index.php?rest_route=\/wp\/v2\/pages\/94\/revisions\/410"}],"wp:attachment":[{"href":"http:\/\/susanne-frey.de\/index.php?rest_route=%2Fwp%2Fv2%2Fmedia&parent=94"}],"curies":[{"name":"wp","href":"https:\/\/api.w.org\/{rel}","templated":true}]}}