{"id":90,"date":"2020-02-23T16:05:01","date_gmt":"2020-02-23T16:05:01","guid":{"rendered":"http:\/\/susanne-frey.de\/?page_id=90"},"modified":"2020-04-14T19:10:40","modified_gmt":"2020-04-14T19:10:40","slug":"saul","status":"publish","type":"page","link":"http:\/\/susanne-frey.de\/?page_id=90","title":{"rendered":"Saul"},"content":{"rendered":"\n<p>Saul von Georg Friedrich H\u00e4ndel<br>Stadtsaal Veranstaltungsforum F\u00fcrstenfeldbruck. <br>Premiere am 1. Dezember 2012<\/p>\n\n\n\n<p>Musikalische Leitung: Gerd Guglh\u00f6r<br>Regie: Susanne Frey<br>B\u00fchne \/ Kost\u00fcme: Peter Sommerer<br>Mit Torsten Frisch (Saul), Stefan G\u00f6rgner (David), <a href=\"http:\/\/www.jullavonlandsberg.de\" target=\"_blank\" rel=\"noreferrer noopener\">Julla von Landsberg<\/a> (Michal), <a href=\"https:\/\/www.deutscheoperberlin.de\/de_DE\/ensemble\/102863\" target=\"_blank\" rel=\"noreferrer noopener\">Attilio Glaser<\/a> (Jonathan\/Samuel), Marie-Sophie Pollak (Merab\/Hexe von Endor), Maximilian Schmidhuber (Abner\/Amalekiter) und dem&nbsp;<a href=\"http:\/\/www.bachchor-ffb.de\/\">BACHChor&amp;Orchester<\/a>&nbsp;F\u00fcrstenfeldbruck&nbsp;<\/p>\n\n\n\n<p>Wie wirkt sich das Innehaben von allzu gro\u00dfer Macht auf einen Menschen aus? Und was passiert, wenn ein Volk seinen Herrscher nicht demokratisch abw\u00e4hlen kann? Diese zwei Aspekte sind f\u00fcr das herrschende Individuum wie auch f\u00fcr das Kollektiv in nicht demokratischen Systemen von entscheidender Bedeutung. Und es sind zentrale Aspekte bei der Ann\u00e4herung an H\u00e4ndels Oratorium \u201cSaul\u201d, das in seiner Dramatik einer Oper sehr nahe kommt. Laut S\u00fcddeutscher Zeitung \u201cbeweist der tosende Applaus des Publikums, wie nah man dem perfekten Theater an diesem Abend gekommen ist.\u201d&nbsp;<\/p>\n\n\n\n<p>Die Aufzeichnung finden Sie unter <a rel=\"noreferrer noopener\" href=\"https:\/\/vimeo.com\/76598907\" target=\"_blank\">https:\/\/vimeo.com\/76598907<\/a>.<\/p>\n\n\n\n<div class=\"wp-block-glsb-gosign-logo-slider-block gosign-logo-slider\" data-slick=\"{&quot;dots&quot;:false,&quot;infinite&quot;:true,&quot;arrows&quot;:false,&quot;speed&quot;:800,&quot;slidesToShow&quot;:1,&quot;slidesToScroll&quot;:1,&quot;autoplay&quot;:true,&quot;autoplaySpeed&quot;:2500,&quot;gosignAllowLinkOnImages&quot;:false}\"><div class=\"logo-slider-item\"><img loading=\"lazy\" width=\"1024\" height=\"683\" src=\"http:\/\/susanne-frey.de\/wp-content\/uploads\/2020\/04\/Saul_1-1024x683.jpg\" alt=\"\" data-id=\"511\" data-link=\"http:\/\/susanne-frey.de\/?attachment_id=511\" class=\"wp-image-511\" srcset=\"http:\/\/susanne-frey.de\/wp-content\/uploads\/2020\/04\/Saul_1-1024x683.jpg 1024w, http:\/\/susanne-frey.de\/wp-content\/uploads\/2020\/04\/Saul_1-300x200.jpg 300w, http:\/\/susanne-frey.de\/wp-content\/uploads\/2020\/04\/Saul_1-768x512.jpg 768w, http:\/\/susanne-frey.de\/wp-content\/uploads\/2020\/04\/Saul_1.jpg 1200w\" sizes=\"(max-width: 706px) 89vw, (max-width: 767px) 82vw, 740px\" \/><\/div><div class=\"logo-slider-item\"><img loading=\"lazy\" width=\"1024\" height=\"683\" src=\"http:\/\/susanne-frey.de\/wp-content\/uploads\/2020\/04\/Saul_2-1024x683.jpg\" alt=\"\" data-id=\"512\" data-link=\"http:\/\/susanne-frey.de\/?attachment_id=512\" class=\"wp-image-512\" srcset=\"http:\/\/susanne-frey.de\/wp-content\/uploads\/2020\/04\/Saul_2-1024x683.jpg 1024w, http:\/\/susanne-frey.de\/wp-content\/uploads\/2020\/04\/Saul_2-300x200.jpg 300w, http:\/\/susanne-frey.de\/wp-content\/uploads\/2020\/04\/Saul_2-768x512.jpg 768w, http:\/\/susanne-frey.de\/wp-content\/uploads\/2020\/04\/Saul_2.jpg 1200w\" sizes=\"(max-width: 706px) 89vw, (max-width: 767px) 82vw, 740px\" \/><\/div><div class=\"logo-slider-item\"><img loading=\"lazy\" width=\"1024\" height=\"683\" src=\"http:\/\/susanne-frey.de\/wp-content\/uploads\/2020\/04\/Saul_3-1024x683.jpg\" alt=\"\" data-id=\"513\" data-link=\"http:\/\/susanne-frey.de\/?attachment_id=513\" class=\"wp-image-513\" srcset=\"http:\/\/susanne-frey.de\/wp-content\/uploads\/2020\/04\/Saul_3-1024x683.jpg 1024w, http:\/\/susanne-frey.de\/wp-content\/uploads\/2020\/04\/Saul_3-300x200.jpg 300w, http:\/\/susanne-frey.de\/wp-content\/uploads\/2020\/04\/Saul_3-768x512.jpg 768w, http:\/\/susanne-frey.de\/wp-content\/uploads\/2020\/04\/Saul_3.jpg 1200w\" sizes=\"(max-width: 706px) 89vw, (max-width: 767px) 82vw, 740px\" \/><\/div><div class=\"logo-slider-item\"><img loading=\"lazy\" width=\"1024\" height=\"683\" src=\"http:\/\/susanne-frey.de\/wp-content\/uploads\/2020\/04\/Saul_7-1024x683.jpg\" alt=\"\" data-id=\"517\" data-link=\"http:\/\/susanne-frey.de\/?attachment_id=517\" class=\"wp-image-517\" srcset=\"http:\/\/susanne-frey.de\/wp-content\/uploads\/2020\/04\/Saul_7-1024x683.jpg 1024w, http:\/\/susanne-frey.de\/wp-content\/uploads\/2020\/04\/Saul_7-300x200.jpg 300w, http:\/\/susanne-frey.de\/wp-content\/uploads\/2020\/04\/Saul_7-768x512.jpg 768w, http:\/\/susanne-frey.de\/wp-content\/uploads\/2020\/04\/Saul_7.jpg 1200w\" sizes=\"(max-width: 706px) 89vw, (max-width: 767px) 82vw, 740px\" \/><\/div><div class=\"logo-slider-item\"><img loading=\"lazy\" width=\"1024\" height=\"683\" src=\"http:\/\/susanne-frey.de\/wp-content\/uploads\/2020\/04\/Saul_4-1024x683.jpg\" alt=\"\" data-id=\"514\" data-link=\"http:\/\/susanne-frey.de\/?attachment_id=514\" class=\"wp-image-514\" srcset=\"http:\/\/susanne-frey.de\/wp-content\/uploads\/2020\/04\/Saul_4-1024x683.jpg 1024w, http:\/\/susanne-frey.de\/wp-content\/uploads\/2020\/04\/Saul_4-300x200.jpg 300w, http:\/\/susanne-frey.de\/wp-content\/uploads\/2020\/04\/Saul_4-768x512.jpg 768w, http:\/\/susanne-frey.de\/wp-content\/uploads\/2020\/04\/Saul_4.jpg 1200w\" sizes=\"(max-width: 706px) 89vw, (max-width: 767px) 82vw, 740px\" \/><\/div><div class=\"logo-slider-item\"><img loading=\"lazy\" width=\"1024\" height=\"683\" src=\"http:\/\/susanne-frey.de\/wp-content\/uploads\/2020\/04\/Saul_15-1024x683.jpg\" alt=\"\" data-id=\"525\" data-link=\"http:\/\/susanne-frey.de\/?attachment_id=525\" class=\"wp-image-525\" srcset=\"http:\/\/susanne-frey.de\/wp-content\/uploads\/2020\/04\/Saul_15-1024x683.jpg 1024w, http:\/\/susanne-frey.de\/wp-content\/uploads\/2020\/04\/Saul_15-300x200.jpg 300w, http:\/\/susanne-frey.de\/wp-content\/uploads\/2020\/04\/Saul_15-768x512.jpg 768w, http:\/\/susanne-frey.de\/wp-content\/uploads\/2020\/04\/Saul_15.jpg 1200w\" sizes=\"(max-width: 706px) 89vw, (max-width: 767px) 82vw, 740px\" \/><\/div><div class=\"logo-slider-item\"><img loading=\"lazy\" width=\"1024\" height=\"683\" src=\"http:\/\/susanne-frey.de\/wp-content\/uploads\/2020\/04\/Saul_5-1024x683.jpg\" alt=\"\" data-id=\"515\" data-link=\"http:\/\/susanne-frey.de\/?attachment_id=515\" class=\"wp-image-515\" srcset=\"http:\/\/susanne-frey.de\/wp-content\/uploads\/2020\/04\/Saul_5-1024x683.jpg 1024w, http:\/\/susanne-frey.de\/wp-content\/uploads\/2020\/04\/Saul_5-300x200.jpg 300w, http:\/\/susanne-frey.de\/wp-content\/uploads\/2020\/04\/Saul_5-768x512.jpg 768w, http:\/\/susanne-frey.de\/wp-content\/uploads\/2020\/04\/Saul_5.jpg 1200w\" sizes=\"(max-width: 706px) 89vw, (max-width: 767px) 82vw, 740px\" \/><\/div><div class=\"logo-slider-item\"><img loading=\"lazy\" width=\"1024\" height=\"683\" src=\"http:\/\/susanne-frey.de\/wp-content\/uploads\/2020\/04\/Saul_10-1024x683.jpg\" alt=\"\" data-id=\"520\" data-link=\"http:\/\/susanne-frey.de\/?attachment_id=520\" class=\"wp-image-520\" srcset=\"http:\/\/susanne-frey.de\/wp-content\/uploads\/2020\/04\/Saul_10-1024x683.jpg 1024w, http:\/\/susanne-frey.de\/wp-content\/uploads\/2020\/04\/Saul_10-300x200.jpg 300w, http:\/\/susanne-frey.de\/wp-content\/uploads\/2020\/04\/Saul_10-768x512.jpg 768w, http:\/\/susanne-frey.de\/wp-content\/uploads\/2020\/04\/Saul_10.jpg 1200w\" sizes=\"(max-width: 706px) 89vw, (max-width: 767px) 82vw, 740px\" \/><\/div><div class=\"logo-slider-item\"><img loading=\"lazy\" width=\"1024\" height=\"683\" src=\"http:\/\/susanne-frey.de\/wp-content\/uploads\/2020\/04\/Saul_6-1024x683.jpg\" alt=\"\" data-id=\"516\" data-link=\"http:\/\/susanne-frey.de\/?attachment_id=516\" class=\"wp-image-516\" srcset=\"http:\/\/susanne-frey.de\/wp-content\/uploads\/2020\/04\/Saul_6-1024x683.jpg 1024w, http:\/\/susanne-frey.de\/wp-content\/uploads\/2020\/04\/Saul_6-300x200.jpg 300w, http:\/\/susanne-frey.de\/wp-content\/uploads\/2020\/04\/Saul_6-768x512.jpg 768w, http:\/\/susanne-frey.de\/wp-content\/uploads\/2020\/04\/Saul_6.jpg 1200w\" sizes=\"(max-width: 706px) 89vw, (max-width: 767px) 82vw, 740px\" \/><\/div><div class=\"logo-slider-item\"><img loading=\"lazy\" width=\"1024\" height=\"683\" src=\"http:\/\/susanne-frey.de\/wp-content\/uploads\/2020\/04\/Saul_8-1024x683.jpg\" alt=\"\" data-id=\"518\" data-link=\"http:\/\/susanne-frey.de\/?attachment_id=518\" class=\"wp-image-518\" srcset=\"http:\/\/susanne-frey.de\/wp-content\/uploads\/2020\/04\/Saul_8-1024x683.jpg 1024w, http:\/\/susanne-frey.de\/wp-content\/uploads\/2020\/04\/Saul_8-300x200.jpg 300w, http:\/\/susanne-frey.de\/wp-content\/uploads\/2020\/04\/Saul_8-768x512.jpg 768w, http:\/\/susanne-frey.de\/wp-content\/uploads\/2020\/04\/Saul_8.jpg 1200w\" sizes=\"(max-width: 706px) 89vw, (max-width: 767px) 82vw, 740px\" \/><\/div><div class=\"logo-slider-item\"><img loading=\"lazy\" width=\"1024\" height=\"683\" src=\"http:\/\/susanne-frey.de\/wp-content\/uploads\/2020\/04\/Saul_9-1024x683.jpg\" alt=\"\" data-id=\"519\" data-link=\"http:\/\/susanne-frey.de\/?attachment_id=519\" class=\"wp-image-519\" srcset=\"http:\/\/susanne-frey.de\/wp-content\/uploads\/2020\/04\/Saul_9-1024x683.jpg 1024w, http:\/\/susanne-frey.de\/wp-content\/uploads\/2020\/04\/Saul_9-300x200.jpg 300w, http:\/\/susanne-frey.de\/wp-content\/uploads\/2020\/04\/Saul_9-768x512.jpg 768w, http:\/\/susanne-frey.de\/wp-content\/uploads\/2020\/04\/Saul_9.jpg 1200w\" sizes=\"(max-width: 706px) 89vw, (max-width: 767px) 82vw, 740px\" \/><\/div><div class=\"logo-slider-item\"><img loading=\"lazy\" width=\"1024\" height=\"683\" src=\"http:\/\/susanne-frey.de\/wp-content\/uploads\/2020\/04\/Saul_16-1024x683.jpg\" alt=\"\" data-id=\"526\" data-link=\"http:\/\/susanne-frey.de\/?attachment_id=526\" class=\"wp-image-526\" srcset=\"http:\/\/susanne-frey.de\/wp-content\/uploads\/2020\/04\/Saul_16-1024x683.jpg 1024w, http:\/\/susanne-frey.de\/wp-content\/uploads\/2020\/04\/Saul_16-300x200.jpg 300w, http:\/\/susanne-frey.de\/wp-content\/uploads\/2020\/04\/Saul_16-768x512.jpg 768w, http:\/\/susanne-frey.de\/wp-content\/uploads\/2020\/04\/Saul_16.jpg 1200w\" sizes=\"(max-width: 706px) 89vw, (max-width: 767px) 82vw, 740px\" \/><\/div><div class=\"logo-slider-item\"><img loading=\"lazy\" width=\"1024\" height=\"683\" src=\"http:\/\/susanne-frey.de\/wp-content\/uploads\/2020\/04\/Saul_17-1024x683.jpg\" alt=\"\" data-id=\"527\" data-link=\"http:\/\/susanne-frey.de\/?attachment_id=527\" class=\"wp-image-527\" srcset=\"http:\/\/susanne-frey.de\/wp-content\/uploads\/2020\/04\/Saul_17-1024x683.jpg 1024w, http:\/\/susanne-frey.de\/wp-content\/uploads\/2020\/04\/Saul_17-300x200.jpg 300w, http:\/\/susanne-frey.de\/wp-content\/uploads\/2020\/04\/Saul_17-768x512.jpg 768w, http:\/\/susanne-frey.de\/wp-content\/uploads\/2020\/04\/Saul_17.jpg 1200w\" sizes=\"(max-width: 706px) 89vw, (max-width: 767px) 82vw, 740px\" \/><\/div><div class=\"logo-slider-item\"><img loading=\"lazy\" width=\"1024\" height=\"683\" src=\"http:\/\/susanne-frey.de\/wp-content\/uploads\/2020\/04\/Saul_11-1024x683.jpg\" alt=\"\" data-id=\"521\" data-link=\"http:\/\/susanne-frey.de\/?attachment_id=521\" class=\"wp-image-521\" srcset=\"http:\/\/susanne-frey.de\/wp-content\/uploads\/2020\/04\/Saul_11-1024x683.jpg 1024w, http:\/\/susanne-frey.de\/wp-content\/uploads\/2020\/04\/Saul_11-300x200.jpg 300w, http:\/\/susanne-frey.de\/wp-content\/uploads\/2020\/04\/Saul_11-768x512.jpg 768w, http:\/\/susanne-frey.de\/wp-content\/uploads\/2020\/04\/Saul_11.jpg 1200w\" sizes=\"(max-width: 706px) 89vw, (max-width: 767px) 82vw, 740px\" \/><\/div><div class=\"logo-slider-item\"><img loading=\"lazy\" width=\"1024\" height=\"683\" src=\"http:\/\/susanne-frey.de\/wp-content\/uploads\/2020\/04\/Saul_14-1024x683.jpg\" alt=\"\" data-id=\"524\" data-link=\"http:\/\/susanne-frey.de\/?attachment_id=524\" class=\"wp-image-524\" srcset=\"http:\/\/susanne-frey.de\/wp-content\/uploads\/2020\/04\/Saul_14-1024x683.jpg 1024w, http:\/\/susanne-frey.de\/wp-content\/uploads\/2020\/04\/Saul_14-300x200.jpg 300w, http:\/\/susanne-frey.de\/wp-content\/uploads\/2020\/04\/Saul_14-768x512.jpg 768w, http:\/\/susanne-frey.de\/wp-content\/uploads\/2020\/04\/Saul_14.jpg 1200w\" sizes=\"(max-width: 706px) 89vw, (max-width: 767px) 82vw, 740px\" \/><\/div><div class=\"logo-slider-item\"><img loading=\"lazy\" width=\"1024\" height=\"683\" src=\"http:\/\/susanne-frey.de\/wp-content\/uploads\/2020\/04\/Saul_13-1024x683.jpg\" alt=\"\" data-id=\"523\" data-link=\"http:\/\/susanne-frey.de\/?attachment_id=523\" class=\"wp-image-523\" srcset=\"http:\/\/susanne-frey.de\/wp-content\/uploads\/2020\/04\/Saul_13-1024x683.jpg 1024w, http:\/\/susanne-frey.de\/wp-content\/uploads\/2020\/04\/Saul_13-300x200.jpg 300w, http:\/\/susanne-frey.de\/wp-content\/uploads\/2020\/04\/Saul_13-768x512.jpg 768w, http:\/\/susanne-frey.de\/wp-content\/uploads\/2020\/04\/Saul_13.jpg 1200w\" sizes=\"(max-width: 706px) 89vw, (max-width: 767px) 82vw, 740px\" \/><\/div><div class=\"logo-slider-item\"><img loading=\"lazy\" width=\"1024\" height=\"683\" src=\"http:\/\/susanne-frey.de\/wp-content\/uploads\/2020\/04\/Saul_12-1024x683.jpg\" alt=\"\" data-id=\"522\" data-link=\"http:\/\/susanne-frey.de\/?attachment_id=522\" class=\"wp-image-522\" srcset=\"http:\/\/susanne-frey.de\/wp-content\/uploads\/2020\/04\/Saul_12-1024x683.jpg 1024w, http:\/\/susanne-frey.de\/wp-content\/uploads\/2020\/04\/Saul_12-300x200.jpg 300w, http:\/\/susanne-frey.de\/wp-content\/uploads\/2020\/04\/Saul_12-768x512.jpg 768w, http:\/\/susanne-frey.de\/wp-content\/uploads\/2020\/04\/Saul_12.jpg 1200w\" sizes=\"(max-width: 706px) 89vw, (max-width: 767px) 82vw, 740px\" \/><\/div><div class=\"logo-slider-item\"><img loading=\"lazy\" width=\"1024\" height=\"683\" src=\"http:\/\/susanne-frey.de\/wp-content\/uploads\/2020\/04\/Saul_18-1024x683.jpg\" alt=\"\" data-id=\"528\" data-link=\"http:\/\/susanne-frey.de\/?attachment_id=528\" class=\"wp-image-528\" srcset=\"http:\/\/susanne-frey.de\/wp-content\/uploads\/2020\/04\/Saul_18-1024x683.jpg 1024w, http:\/\/susanne-frey.de\/wp-content\/uploads\/2020\/04\/Saul_18-300x200.jpg 300w, http:\/\/susanne-frey.de\/wp-content\/uploads\/2020\/04\/Saul_18-768x512.jpg 768w, http:\/\/susanne-frey.de\/wp-content\/uploads\/2020\/04\/Saul_18.jpg 1200w\" sizes=\"(max-width: 706px) 89vw, (max-width: 767px) 82vw, 740px\" \/><\/div><div class=\"logo-slider-item\"><img loading=\"lazy\" width=\"1024\" height=\"683\" src=\"http:\/\/susanne-frey.de\/wp-content\/uploads\/2020\/04\/Saul_19-1024x683.jpg\" alt=\"\" data-id=\"529\" data-link=\"http:\/\/susanne-frey.de\/?attachment_id=529\" class=\"wp-image-529\" srcset=\"http:\/\/susanne-frey.de\/wp-content\/uploads\/2020\/04\/Saul_19-1024x683.jpg 1024w, http:\/\/susanne-frey.de\/wp-content\/uploads\/2020\/04\/Saul_19-300x200.jpg 300w, http:\/\/susanne-frey.de\/wp-content\/uploads\/2020\/04\/Saul_19-768x512.jpg 768w, http:\/\/susanne-frey.de\/wp-content\/uploads\/2020\/04\/Saul_19.jpg 1200w\" sizes=\"(max-width: 706px) 89vw, (max-width: 767px) 82vw, 740px\" \/><\/div><\/div>\n\n\n\n<p><br>Fotos \u00a9 Sonja Lichtinghagen<\/p>\n\n\n\n<p><\/p>\n","protected":false},"excerpt":{"rendered":"<p>Saul von Georg Friedrich H\u00e4ndelStadtsaal Veranstaltungsforum F\u00fcrstenfeldbruck. Premiere am 1. Dezember 2012 Musikalische Leitung: Gerd Guglh\u00f6rRegie: Susanne FreyB\u00fchne \/ Kost\u00fcme: Peter SommererMit Torsten Frisch (Saul), Stefan G\u00f6rgner (David), Julla von Landsberg (Michal), Attilio Glaser (Jonathan\/Samuel), Marie-Sophie Pollak (Merab\/Hexe von Endor), Maximilian Schmidhuber (Abner\/Amalekiter) und dem&nbsp;BACHChor&amp;Orchester&nbsp;F\u00fcrstenfeldbruck&nbsp; Wie wirkt sich das Innehaben von allzu gro\u00dfer Macht auf &hellip; <\/p>\n<p class=\"link-more\"><a href=\"http:\/\/susanne-frey.de\/?page_id=90\" class=\"more-link\"><span class=\"screen-reader-text\">\u201eSaul\u201c<\/span> weiterlesen<\/a><\/p>\n","protected":false},"author":1,"featured_media":0,"parent":0,"menu_order":0,"comment_status":"closed","ping_status":"closed","template":"","meta":{"ngg_post_thumbnail":0},"_links":{"self":[{"href":"http:\/\/susanne-frey.de\/index.php?rest_route=\/wp\/v2\/pages\/90"}],"collection":[{"href":"http:\/\/susanne-frey.de\/index.php?rest_route=\/wp\/v2\/pages"}],"about":[{"href":"http:\/\/susanne-frey.de\/index.php?rest_route=\/wp\/v2\/types\/page"}],"author":[{"embeddable":true,"href":"http:\/\/susanne-frey.de\/index.php?rest_route=\/wp\/v2\/users\/1"}],"replies":[{"embeddable":true,"href":"http:\/\/susanne-frey.de\/index.php?rest_route=%2Fwp%2Fv2%2Fcomments&post=90"}],"version-history":[{"count":8,"href":"http:\/\/susanne-frey.de\/index.php?rest_route=\/wp\/v2\/pages\/90\/revisions"}],"predecessor-version":[{"id":854,"href":"http:\/\/susanne-frey.de\/index.php?rest_route=\/wp\/v2\/pages\/90\/revisions\/854"}],"wp:attachment":[{"href":"http:\/\/susanne-frey.de\/index.php?rest_route=%2Fwp%2Fv2%2Fmedia&parent=90"}],"curies":[{"name":"wp","href":"https:\/\/api.w.org\/{rel}","templated":true}]}}