{"id":891,"date":"2022-03-08T16:24:10","date_gmt":"2022-03-08T16:24:10","guid":{"rendered":"http:\/\/susanne-frey.de\/?page_id=891"},"modified":"2022-08-26T20:06:55","modified_gmt":"2022-08-26T20:06:55","slug":"we-too","status":"publish","type":"page","link":"http:\/\/susanne-frey.de\/?page_id=891","title":{"rendered":"We too"},"content":{"rendered":"\n<p>We too \u2013 ein Musiktheaterabend \u00fcber Macht &amp; Ohnmacht<\/p>\n\n\n\n<p>Folkwang Universit\u00e4t der K\u00fcnste Essen, Pina Bausch Theater.&nbsp;<\/p>\n\n\n\n<p>Premiere am 15.6.2022. Weitere Vorstellungen am 17. und 18.6.2022.<\/p>\n\n\n\n<p>Musikalische Leitung: Xaver Poncette<br>Regie: Susanne Frey<br>Ausstattung: Peter Sommerer<\/p>\n\n\n\n<p>Mit Caroline Reynolds, Janina Schweitzer, Jeanne Jansen, Sofia Asghari, Kejti Karaj, Jiaying Lin, Anton Levykin, Sandro H\u00e4hnel, Nikos Striezel, Benjamin Hoffmann, Shiao Guo, Jin Choi und Ze Yan (Gesang), Sanne Vree und Sihyun Kim (Tanz) und Thomas Linstedt, Anna K\u00f6brich, Joaquin Font, Tiantian Zou (Klavier).<\/p>\n\n\n\n<p>In der Auff\u00fchrung von <strong>We too <\/strong>werden Opernszenen miteinander in Beziehung gesetzt, in denen problematische Machtstrukturen eine entscheidende Rolle spielen, Figuren ihre Macht missbrauchen und sich andere ohnm\u00e4chtig f\u00fchlen. Die durch die unmittelbare Gegen\u00fcberstellung der Szenen wie unter einer Lupe sichtbar werdenden Muster haben auch in der Lebenswelt der angehenden K\u00fcnstlerInnen eine gro\u00dfe Relevanz.&nbsp;<\/p>\n\n\n\n<p>So stehen die zur Auff\u00fchrung gebrachten Szenen im Kontext unserer eigenen Assoziationen als S\u00e4ngerInnen, T\u00e4nzerInnen, PianistInnen und Regief\u00fchrenden. Die Wechselwirkungen zwischen InterpretInnen und Sujet sind ebenso Thema des Abends wie der Inhalt der einzelnen Szenen selbst.&nbsp;<\/p>\n\n\n\n<p>Der Fotozyklus von Luisa Feier ist im Probenprozess entstanden und spiegelt als zus\u00e4tzliche Metaebene das B\u00fchnengeschehen.<\/p>\n\n\n\n<p>In den Werdener Nachrichten vom 8. Juni 2022 wurde die Inszenierung, die \u201emit anhaltendem, gro\u00dfen Schlussapplaus aufgenommen wurde\u201c, als&nbsp; \u201eeindrucksvoll\u201c bezeichnet.<\/p>\n\n\n\n<div class=\"wp-block-glsb-gosign-logo-slider-block gosign-logo-slider\" data-slick=\"{&quot;dots&quot;:false,&quot;infinite&quot;:true,&quot;arrows&quot;:false,&quot;speed&quot;:800,&quot;slidesToShow&quot;:1,&quot;slidesToScroll&quot;:1,&quot;autoplay&quot;:true,&quot;autoplaySpeed&quot;:2500,&quot;gosignAllowLinkOnImages&quot;:false}\"><div class=\"logo-slider-item\"><img loading=\"lazy\" width=\"1024\" height=\"683\" src=\"http:\/\/susanne-frey.de\/wp-content\/uploads\/2022\/08\/WeToo_1-1024x683.jpg\" alt=\"\" data-id=\"898\" data-link=\"http:\/\/susanne-frey.de\/?attachment_id=898\" class=\"wp-image-898\" srcset=\"http:\/\/susanne-frey.de\/wp-content\/uploads\/2022\/08\/WeToo_1-1024x683.jpg 1024w, http:\/\/susanne-frey.de\/wp-content\/uploads\/2022\/08\/WeToo_1-300x200.jpg 300w, http:\/\/susanne-frey.de\/wp-content\/uploads\/2022\/08\/WeToo_1-768x512.jpg 768w, http:\/\/susanne-frey.de\/wp-content\/uploads\/2022\/08\/WeToo_1-1536x1024.jpg 1536w, http:\/\/susanne-frey.de\/wp-content\/uploads\/2022\/08\/WeToo_1.jpg 1600w\" sizes=\"(max-width: 706px) 89vw, (max-width: 767px) 82vw, 740px\" \/><\/div><div class=\"logo-slider-item\"><img loading=\"lazy\" width=\"1024\" height=\"683\" src=\"http:\/\/susanne-frey.de\/wp-content\/uploads\/2022\/08\/WeToo_2-1024x683.jpg\" alt=\"\" data-id=\"899\" data-link=\"http:\/\/susanne-frey.de\/?attachment_id=899\" class=\"wp-image-899\" srcset=\"http:\/\/susanne-frey.de\/wp-content\/uploads\/2022\/08\/WeToo_2-1024x683.jpg 1024w, http:\/\/susanne-frey.de\/wp-content\/uploads\/2022\/08\/WeToo_2-300x200.jpg 300w, http:\/\/susanne-frey.de\/wp-content\/uploads\/2022\/08\/WeToo_2-768x512.jpg 768w, http:\/\/susanne-frey.de\/wp-content\/uploads\/2022\/08\/WeToo_2-1536x1024.jpg 1536w, http:\/\/susanne-frey.de\/wp-content\/uploads\/2022\/08\/WeToo_2.jpg 1600w\" sizes=\"(max-width: 706px) 89vw, (max-width: 767px) 82vw, 740px\" \/><\/div><div class=\"logo-slider-item\"><img loading=\"lazy\" width=\"1024\" height=\"683\" src=\"http:\/\/susanne-frey.de\/wp-content\/uploads\/2022\/08\/WeToo_3-1024x683.jpg\" alt=\"\" data-id=\"900\" data-link=\"http:\/\/susanne-frey.de\/?attachment_id=900\" class=\"wp-image-900\" srcset=\"http:\/\/susanne-frey.de\/wp-content\/uploads\/2022\/08\/WeToo_3-1024x683.jpg 1024w, http:\/\/susanne-frey.de\/wp-content\/uploads\/2022\/08\/WeToo_3-300x200.jpg 300w, http:\/\/susanne-frey.de\/wp-content\/uploads\/2022\/08\/WeToo_3-768x512.jpg 768w, http:\/\/susanne-frey.de\/wp-content\/uploads\/2022\/08\/WeToo_3-1536x1024.jpg 1536w, http:\/\/susanne-frey.de\/wp-content\/uploads\/2022\/08\/WeToo_3.jpg 1600w\" sizes=\"(max-width: 706px) 89vw, (max-width: 767px) 82vw, 740px\" \/><\/div><div class=\"logo-slider-item\"><img loading=\"lazy\" width=\"1024\" height=\"683\" src=\"http:\/\/susanne-frey.de\/wp-content\/uploads\/2022\/08\/WeToo_4-1024x683.jpg\" alt=\"\" data-id=\"901\" data-link=\"http:\/\/susanne-frey.de\/?attachment_id=901\" class=\"wp-image-901\" srcset=\"http:\/\/susanne-frey.de\/wp-content\/uploads\/2022\/08\/WeToo_4-1024x683.jpg 1024w, http:\/\/susanne-frey.de\/wp-content\/uploads\/2022\/08\/WeToo_4-300x200.jpg 300w, http:\/\/susanne-frey.de\/wp-content\/uploads\/2022\/08\/WeToo_4-768x512.jpg 768w, http:\/\/susanne-frey.de\/wp-content\/uploads\/2022\/08\/WeToo_4-1536x1024.jpg 1536w, http:\/\/susanne-frey.de\/wp-content\/uploads\/2022\/08\/WeToo_4.jpg 1600w\" sizes=\"(max-width: 706px) 89vw, (max-width: 767px) 82vw, 740px\" \/><\/div><div class=\"logo-slider-item\"><img loading=\"lazy\" width=\"1024\" height=\"683\" src=\"http:\/\/susanne-frey.de\/wp-content\/uploads\/2022\/08\/WeToo_5-1024x683.jpg\" alt=\"\" data-id=\"902\" data-link=\"http:\/\/susanne-frey.de\/?attachment_id=902\" class=\"wp-image-902\" srcset=\"http:\/\/susanne-frey.de\/wp-content\/uploads\/2022\/08\/WeToo_5-1024x683.jpg 1024w, http:\/\/susanne-frey.de\/wp-content\/uploads\/2022\/08\/WeToo_5-300x200.jpg 300w, http:\/\/susanne-frey.de\/wp-content\/uploads\/2022\/08\/WeToo_5-768x512.jpg 768w, http:\/\/susanne-frey.de\/wp-content\/uploads\/2022\/08\/WeToo_5-1536x1024.jpg 1536w, http:\/\/susanne-frey.de\/wp-content\/uploads\/2022\/08\/WeToo_5.jpg 1600w\" sizes=\"(max-width: 706px) 89vw, (max-width: 767px) 82vw, 740px\" \/><\/div><div class=\"logo-slider-item\"><img loading=\"lazy\" width=\"683\" height=\"1024\" src=\"http:\/\/susanne-frey.de\/wp-content\/uploads\/2022\/08\/WeToo_6-683x1024.jpg\" alt=\"\" data-id=\"903\" data-link=\"http:\/\/susanne-frey.de\/?attachment_id=903\" class=\"wp-image-903\" srcset=\"http:\/\/susanne-frey.de\/wp-content\/uploads\/2022\/08\/WeToo_6-683x1024.jpg 683w, http:\/\/susanne-frey.de\/wp-content\/uploads\/2022\/08\/WeToo_6-200x300.jpg 200w, http:\/\/susanne-frey.de\/wp-content\/uploads\/2022\/08\/WeToo_6-768x1152.jpg 768w, http:\/\/susanne-frey.de\/wp-content\/uploads\/2022\/08\/WeToo_6-1024x1536.jpg 1024w, http:\/\/susanne-frey.de\/wp-content\/uploads\/2022\/08\/WeToo_6-1366x2048.jpg 1366w, http:\/\/susanne-frey.de\/wp-content\/uploads\/2022\/08\/WeToo_6.jpg 1600w\" sizes=\"(max-width: 683px) 100vw, 683px\" \/><\/div><div class=\"logo-slider-item\"><img loading=\"lazy\" width=\"1024\" height=\"683\" src=\"http:\/\/susanne-frey.de\/wp-content\/uploads\/2022\/08\/WeToo_7-1024x683.jpg\" alt=\"\" data-id=\"904\" data-link=\"http:\/\/susanne-frey.de\/?attachment_id=904\" class=\"wp-image-904\" srcset=\"http:\/\/susanne-frey.de\/wp-content\/uploads\/2022\/08\/WeToo_7-1024x683.jpg 1024w, http:\/\/susanne-frey.de\/wp-content\/uploads\/2022\/08\/WeToo_7-300x200.jpg 300w, http:\/\/susanne-frey.de\/wp-content\/uploads\/2022\/08\/WeToo_7-768x512.jpg 768w, http:\/\/susanne-frey.de\/wp-content\/uploads\/2022\/08\/WeToo_7-1536x1024.jpg 1536w, http:\/\/susanne-frey.de\/wp-content\/uploads\/2022\/08\/WeToo_7.jpg 1600w\" sizes=\"(max-width: 706px) 89vw, (max-width: 767px) 82vw, 740px\" \/><\/div><div class=\"logo-slider-item\"><img loading=\"lazy\" width=\"1024\" height=\"683\" src=\"http:\/\/susanne-frey.de\/wp-content\/uploads\/2022\/08\/WeToo_8-1024x683.jpg\" alt=\"\" data-id=\"905\" data-link=\"http:\/\/susanne-frey.de\/?attachment_id=905\" class=\"wp-image-905\" srcset=\"http:\/\/susanne-frey.de\/wp-content\/uploads\/2022\/08\/WeToo_8-1024x683.jpg 1024w, http:\/\/susanne-frey.de\/wp-content\/uploads\/2022\/08\/WeToo_8-300x200.jpg 300w, http:\/\/susanne-frey.de\/wp-content\/uploads\/2022\/08\/WeToo_8-768x512.jpg 768w, http:\/\/susanne-frey.de\/wp-content\/uploads\/2022\/08\/WeToo_8-1536x1024.jpg 1536w, http:\/\/susanne-frey.de\/wp-content\/uploads\/2022\/08\/WeToo_8.jpg 1600w\" sizes=\"(max-width: 706px) 89vw, (max-width: 767px) 82vw, 740px\" \/><\/div><div class=\"logo-slider-item\"><img loading=\"lazy\" width=\"1024\" height=\"683\" src=\"http:\/\/susanne-frey.de\/wp-content\/uploads\/2022\/08\/WeToo_9-1024x683.jpg\" alt=\"\" data-id=\"906\" data-link=\"http:\/\/susanne-frey.de\/?attachment_id=906\" class=\"wp-image-906\" srcset=\"http:\/\/susanne-frey.de\/wp-content\/uploads\/2022\/08\/WeToo_9-1024x683.jpg 1024w, http:\/\/susanne-frey.de\/wp-content\/uploads\/2022\/08\/WeToo_9-300x200.jpg 300w, http:\/\/susanne-frey.de\/wp-content\/uploads\/2022\/08\/WeToo_9-768x512.jpg 768w, http:\/\/susanne-frey.de\/wp-content\/uploads\/2022\/08\/WeToo_9-1536x1024.jpg 1536w, http:\/\/susanne-frey.de\/wp-content\/uploads\/2022\/08\/WeToo_9.jpg 1600w\" sizes=\"(max-width: 706px) 89vw, (max-width: 767px) 82vw, 740px\" \/><\/div><div class=\"logo-slider-item\"><img loading=\"lazy\" width=\"1024\" height=\"683\" src=\"http:\/\/susanne-frey.de\/wp-content\/uploads\/2022\/08\/WeToo_10-1024x683.jpg\" alt=\"\" data-id=\"907\" data-link=\"http:\/\/susanne-frey.de\/?attachment_id=907\" class=\"wp-image-907\" srcset=\"http:\/\/susanne-frey.de\/wp-content\/uploads\/2022\/08\/WeToo_10-1024x683.jpg 1024w, http:\/\/susanne-frey.de\/wp-content\/uploads\/2022\/08\/WeToo_10-300x200.jpg 300w, http:\/\/susanne-frey.de\/wp-content\/uploads\/2022\/08\/WeToo_10-768x512.jpg 768w, http:\/\/susanne-frey.de\/wp-content\/uploads\/2022\/08\/WeToo_10-1536x1024.jpg 1536w, http:\/\/susanne-frey.de\/wp-content\/uploads\/2022\/08\/WeToo_10.jpg 1600w\" sizes=\"(max-width: 706px) 89vw, (max-width: 767px) 82vw, 740px\" \/><\/div><div class=\"logo-slider-item\"><img loading=\"lazy\" width=\"1024\" height=\"683\" src=\"http:\/\/susanne-frey.de\/wp-content\/uploads\/2022\/08\/WeToo_11-1024x683.jpg\" alt=\"\" data-id=\"908\" data-link=\"http:\/\/susanne-frey.de\/?attachment_id=908\" class=\"wp-image-908\" srcset=\"http:\/\/susanne-frey.de\/wp-content\/uploads\/2022\/08\/WeToo_11-1024x683.jpg 1024w, http:\/\/susanne-frey.de\/wp-content\/uploads\/2022\/08\/WeToo_11-300x200.jpg 300w, http:\/\/susanne-frey.de\/wp-content\/uploads\/2022\/08\/WeToo_11-768x512.jpg 768w, http:\/\/susanne-frey.de\/wp-content\/uploads\/2022\/08\/WeToo_11-1536x1024.jpg 1536w, http:\/\/susanne-frey.de\/wp-content\/uploads\/2022\/08\/WeToo_11.jpg 1600w\" sizes=\"(max-width: 706px) 89vw, (max-width: 767px) 82vw, 740px\" \/><\/div><div class=\"logo-slider-item\"><img loading=\"lazy\" width=\"1024\" height=\"683\" src=\"http:\/\/susanne-frey.de\/wp-content\/uploads\/2022\/08\/WeToo_12-1024x683.jpg\" alt=\"\" data-id=\"909\" data-link=\"http:\/\/susanne-frey.de\/?attachment_id=909\" class=\"wp-image-909\" srcset=\"http:\/\/susanne-frey.de\/wp-content\/uploads\/2022\/08\/WeToo_12-1024x683.jpg 1024w, http:\/\/susanne-frey.de\/wp-content\/uploads\/2022\/08\/WeToo_12-300x200.jpg 300w, http:\/\/susanne-frey.de\/wp-content\/uploads\/2022\/08\/WeToo_12-768x512.jpg 768w, http:\/\/susanne-frey.de\/wp-content\/uploads\/2022\/08\/WeToo_12-1536x1024.jpg 1536w, http:\/\/susanne-frey.de\/wp-content\/uploads\/2022\/08\/WeToo_12.jpg 1600w\" sizes=\"(max-width: 706px) 89vw, (max-width: 767px) 82vw, 740px\" \/><\/div><div class=\"logo-slider-item\"><img loading=\"lazy\" width=\"1024\" height=\"683\" src=\"http:\/\/susanne-frey.de\/wp-content\/uploads\/2022\/08\/WeToo_13-1024x683.jpg\" alt=\"\" data-id=\"910\" data-link=\"http:\/\/susanne-frey.de\/?attachment_id=910\" class=\"wp-image-910\" srcset=\"http:\/\/susanne-frey.de\/wp-content\/uploads\/2022\/08\/WeToo_13-1024x683.jpg 1024w, http:\/\/susanne-frey.de\/wp-content\/uploads\/2022\/08\/WeToo_13-300x200.jpg 300w, http:\/\/susanne-frey.de\/wp-content\/uploads\/2022\/08\/WeToo_13-768x512.jpg 768w, http:\/\/susanne-frey.de\/wp-content\/uploads\/2022\/08\/WeToo_13-1536x1024.jpg 1536w, http:\/\/susanne-frey.de\/wp-content\/uploads\/2022\/08\/WeToo_13.jpg 1600w\" sizes=\"(max-width: 706px) 89vw, (max-width: 767px) 82vw, 740px\" \/><\/div><div class=\"logo-slider-item\"><img loading=\"lazy\" width=\"1024\" height=\"683\" src=\"http:\/\/susanne-frey.de\/wp-content\/uploads\/2022\/08\/WeToo_14-1024x683.jpg\" alt=\"\" data-id=\"911\" data-link=\"http:\/\/susanne-frey.de\/?attachment_id=911\" class=\"wp-image-911\" srcset=\"http:\/\/susanne-frey.de\/wp-content\/uploads\/2022\/08\/WeToo_14-1024x683.jpg 1024w, http:\/\/susanne-frey.de\/wp-content\/uploads\/2022\/08\/WeToo_14-300x200.jpg 300w, http:\/\/susanne-frey.de\/wp-content\/uploads\/2022\/08\/WeToo_14-768x512.jpg 768w, http:\/\/susanne-frey.de\/wp-content\/uploads\/2022\/08\/WeToo_14-1536x1024.jpg 1536w, http:\/\/susanne-frey.de\/wp-content\/uploads\/2022\/08\/WeToo_14.jpg 1600w\" sizes=\"(max-width: 706px) 89vw, (max-width: 767px) 82vw, 740px\" \/><\/div><div class=\"logo-slider-item\"><img loading=\"lazy\" width=\"1024\" height=\"683\" src=\"http:\/\/susanne-frey.de\/wp-content\/uploads\/2022\/08\/WeToo_15-1024x683.jpg\" alt=\"\" data-id=\"912\" data-link=\"http:\/\/susanne-frey.de\/?attachment_id=912\" class=\"wp-image-912\" srcset=\"http:\/\/susanne-frey.de\/wp-content\/uploads\/2022\/08\/WeToo_15-1024x683.jpg 1024w, http:\/\/susanne-frey.de\/wp-content\/uploads\/2022\/08\/WeToo_15-300x200.jpg 300w, http:\/\/susanne-frey.de\/wp-content\/uploads\/2022\/08\/WeToo_15-768x512.jpg 768w, http:\/\/susanne-frey.de\/wp-content\/uploads\/2022\/08\/WeToo_15-1536x1024.jpg 1536w, http:\/\/susanne-frey.de\/wp-content\/uploads\/2022\/08\/WeToo_15.jpg 1600w\" sizes=\"(max-width: 706px) 89vw, (max-width: 767px) 82vw, 740px\" \/><\/div><div class=\"logo-slider-item\"><img loading=\"lazy\" width=\"1024\" height=\"683\" src=\"http:\/\/susanne-frey.de\/wp-content\/uploads\/2022\/08\/WeToo_16-1024x683.jpg\" alt=\"\" data-id=\"913\" data-link=\"http:\/\/susanne-frey.de\/?attachment_id=913\" class=\"wp-image-913\" srcset=\"http:\/\/susanne-frey.de\/wp-content\/uploads\/2022\/08\/WeToo_16-1024x683.jpg 1024w, http:\/\/susanne-frey.de\/wp-content\/uploads\/2022\/08\/WeToo_16-300x200.jpg 300w, http:\/\/susanne-frey.de\/wp-content\/uploads\/2022\/08\/WeToo_16-768x512.jpg 768w, http:\/\/susanne-frey.de\/wp-content\/uploads\/2022\/08\/WeToo_16-1536x1024.jpg 1536w, http:\/\/susanne-frey.de\/wp-content\/uploads\/2022\/08\/WeToo_16.jpg 1600w\" sizes=\"(max-width: 706px) 89vw, (max-width: 767px) 82vw, 740px\" \/><\/div><div class=\"logo-slider-item\"><img loading=\"lazy\" width=\"1024\" height=\"683\" src=\"http:\/\/susanne-frey.de\/wp-content\/uploads\/2022\/08\/WeToo_17-1024x683.jpg\" alt=\"\" data-id=\"914\" data-link=\"http:\/\/susanne-frey.de\/?attachment_id=914\" class=\"wp-image-914\" srcset=\"http:\/\/susanne-frey.de\/wp-content\/uploads\/2022\/08\/WeToo_17-1024x683.jpg 1024w, http:\/\/susanne-frey.de\/wp-content\/uploads\/2022\/08\/WeToo_17-300x200.jpg 300w, http:\/\/susanne-frey.de\/wp-content\/uploads\/2022\/08\/WeToo_17-768x512.jpg 768w, http:\/\/susanne-frey.de\/wp-content\/uploads\/2022\/08\/WeToo_17-1536x1024.jpg 1536w, http:\/\/susanne-frey.de\/wp-content\/uploads\/2022\/08\/WeToo_17.jpg 1600w\" sizes=\"(max-width: 706px) 89vw, (max-width: 767px) 82vw, 740px\" \/><\/div><div class=\"logo-slider-item\"><img loading=\"lazy\" width=\"1024\" height=\"683\" src=\"http:\/\/susanne-frey.de\/wp-content\/uploads\/2022\/08\/WeToo_18-1024x683.jpg\" alt=\"\" data-id=\"915\" data-link=\"http:\/\/susanne-frey.de\/?attachment_id=915\" class=\"wp-image-915\" srcset=\"http:\/\/susanne-frey.de\/wp-content\/uploads\/2022\/08\/WeToo_18-1024x683.jpg 1024w, http:\/\/susanne-frey.de\/wp-content\/uploads\/2022\/08\/WeToo_18-300x200.jpg 300w, http:\/\/susanne-frey.de\/wp-content\/uploads\/2022\/08\/WeToo_18-768x512.jpg 768w, http:\/\/susanne-frey.de\/wp-content\/uploads\/2022\/08\/WeToo_18-1536x1024.jpg 1536w, http:\/\/susanne-frey.de\/wp-content\/uploads\/2022\/08\/WeToo_18.jpg 1600w\" sizes=\"(max-width: 706px) 89vw, (max-width: 767px) 82vw, 740px\" \/><\/div><\/div>\n","protected":false},"excerpt":{"rendered":"<p>We too \u2013 ein Musiktheaterabend \u00fcber Macht &amp; Ohnmacht Folkwang Universit\u00e4t der K\u00fcnste Essen, Pina Bausch Theater.&nbsp; Premiere am 15.6.2022. Weitere Vorstellungen am 17. und 18.6.2022. Musikalische Leitung: Xaver PoncetteRegie: Susanne FreyAusstattung: Peter Sommerer Mit Caroline Reynolds, Janina Schweitzer, Jeanne Jansen, Sofia Asghari, Kejti Karaj, Jiaying Lin, Anton Levykin, Sandro H\u00e4hnel, Nikos Striezel, Benjamin Hoffmann, &hellip; <\/p>\n<p class=\"link-more\"><a href=\"http:\/\/susanne-frey.de\/?page_id=891\" class=\"more-link\"><span class=\"screen-reader-text\">\u201eWe too\u201c<\/span> weiterlesen<\/a><\/p>\n","protected":false},"author":1,"featured_media":0,"parent":0,"menu_order":0,"comment_status":"closed","ping_status":"closed","template":"","meta":{"ngg_post_thumbnail":0},"_links":{"self":[{"href":"http:\/\/susanne-frey.de\/index.php?rest_route=\/wp\/v2\/pages\/891"}],"collection":[{"href":"http:\/\/susanne-frey.de\/index.php?rest_route=\/wp\/v2\/pages"}],"about":[{"href":"http:\/\/susanne-frey.de\/index.php?rest_route=\/wp\/v2\/types\/page"}],"author":[{"embeddable":true,"href":"http:\/\/susanne-frey.de\/index.php?rest_route=\/wp\/v2\/users\/1"}],"replies":[{"embeddable":true,"href":"http:\/\/susanne-frey.de\/index.php?rest_route=%2Fwp%2Fv2%2Fcomments&post=891"}],"version-history":[{"count":5,"href":"http:\/\/susanne-frey.de\/index.php?rest_route=\/wp\/v2\/pages\/891\/revisions"}],"predecessor-version":[{"id":920,"href":"http:\/\/susanne-frey.de\/index.php?rest_route=\/wp\/v2\/pages\/891\/revisions\/920"}],"wp:attachment":[{"href":"http:\/\/susanne-frey.de\/index.php?rest_route=%2Fwp%2Fv2%2Fmedia&parent=891"}],"curies":[{"name":"wp","href":"https:\/\/api.w.org\/{rel}","templated":true}]}}