{"id":84,"date":"2020-02-23T16:03:58","date_gmt":"2020-02-23T16:03:58","guid":{"rendered":"http:\/\/susanne-frey.de\/?page_id=84"},"modified":"2020-04-14T19:44:48","modified_gmt":"2020-04-14T19:44:48","slug":"endlich","status":"publish","type":"page","link":"http:\/\/susanne-frey.de\/?page_id=84","title":{"rendered":"Endlich"},"content":{"rendered":"\n<p>Endlich \u2013 Ein szenisches Chorkonzert zum Thema Totentanz<br><a href=\"https:\/\/www.facebook.com\/BayerischerLandesjugendchor\/\" target=\"_blank\" rel=\"noreferrer noopener\">Bayerischer Landesjugendchor<\/a>. Vorstellungen im November 2008 in der Christuskirche M\u00fcnchen und der Frauenkirche N\u00fcrnberg.&nbsp;<\/p>\n\n\n\n<p>Musikalische Leitung: Gerd Guglh\u00f6r<br>Inszenierung: Susanne Frey<br>Ausstattung: Peter Sommerer<br>Licht: Peter Platz, Benjamin Schmidt<br>Sprecherin: Monika Manz, Fl\u00f6te: Peter Eberl<\/p>\n\n\n\n<p>Hugo Distler: Totentanz, Jakob Guglh\u00f6r: Lamento, Leonhard Lechner: Spr\u00fcche von Leben und Tod, Edward Elgar: Death on the hills, Peter Cornelius: Requiem&nbsp;<\/p>\n\n\n\n<p>Eine Produktion des&nbsp;<a rel=\"noreferrer noopener\" href=\"http:\/\/www.musikinbayern.de\/mib_singakademie\/index.php\" target=\"_blank\">Bayerischen Musikrates<\/a><\/p>\n\n\n\n<p>Die Aufzeichnung finden Sie unter <a href=\"https:\/\/vimeo.com\/62061852\">https:\/\/vimeo.com\/62061852<\/a>.<\/p>\n\n\n\n<div class=\"wp-block-glsb-gosign-logo-slider-block gosign-logo-slider\" data-slick=\"{&quot;dots&quot;:false,&quot;infinite&quot;:true,&quot;arrows&quot;:false,&quot;speed&quot;:800,&quot;slidesToShow&quot;:1,&quot;slidesToScroll&quot;:1,&quot;autoplay&quot;:true,&quot;autoplaySpeed&quot;:2500,&quot;gosignAllowLinkOnImages&quot;:false}\"><div class=\"logo-slider-item\"><img loading=\"lazy\" width=\"1024\" height=\"683\" src=\"http:\/\/susanne-frey.de\/wp-content\/uploads\/2020\/04\/Endlich_1-1024x683.jpg\" alt=\"\" data-id=\"728\" data-link=\"http:\/\/susanne-frey.de\/?attachment_id=728\" class=\"wp-image-728\" srcset=\"http:\/\/susanne-frey.de\/wp-content\/uploads\/2020\/04\/Endlich_1-1024x683.jpg 1024w, http:\/\/susanne-frey.de\/wp-content\/uploads\/2020\/04\/Endlich_1-300x200.jpg 300w, http:\/\/susanne-frey.de\/wp-content\/uploads\/2020\/04\/Endlich_1-768x512.jpg 768w, http:\/\/susanne-frey.de\/wp-content\/uploads\/2020\/04\/Endlich_1.jpg 1200w\" sizes=\"(max-width: 706px) 89vw, (max-width: 767px) 82vw, 740px\" \/><\/div><div class=\"logo-slider-item\"><img loading=\"lazy\" width=\"1024\" height=\"683\" src=\"http:\/\/susanne-frey.de\/wp-content\/uploads\/2020\/04\/Endlich_2-1024x683.jpg\" alt=\"\" data-id=\"729\" data-link=\"http:\/\/susanne-frey.de\/?attachment_id=729\" class=\"wp-image-729\" srcset=\"http:\/\/susanne-frey.de\/wp-content\/uploads\/2020\/04\/Endlich_2-1024x683.jpg 1024w, http:\/\/susanne-frey.de\/wp-content\/uploads\/2020\/04\/Endlich_2-300x200.jpg 300w, http:\/\/susanne-frey.de\/wp-content\/uploads\/2020\/04\/Endlich_2-768x512.jpg 768w, http:\/\/susanne-frey.de\/wp-content\/uploads\/2020\/04\/Endlich_2.jpg 1200w\" sizes=\"(max-width: 706px) 89vw, (max-width: 767px) 82vw, 740px\" \/><\/div><div class=\"logo-slider-item\"><img loading=\"lazy\" width=\"1024\" height=\"683\" src=\"http:\/\/susanne-frey.de\/wp-content\/uploads\/2020\/04\/Endlich_3-1024x683.jpg\" alt=\"\" data-id=\"730\" data-link=\"http:\/\/susanne-frey.de\/?attachment_id=730\" class=\"wp-image-730\" srcset=\"http:\/\/susanne-frey.de\/wp-content\/uploads\/2020\/04\/Endlich_3-1024x683.jpg 1024w, http:\/\/susanne-frey.de\/wp-content\/uploads\/2020\/04\/Endlich_3-300x200.jpg 300w, http:\/\/susanne-frey.de\/wp-content\/uploads\/2020\/04\/Endlich_3-768x512.jpg 768w, http:\/\/susanne-frey.de\/wp-content\/uploads\/2020\/04\/Endlich_3.jpg 1200w\" sizes=\"(max-width: 706px) 89vw, (max-width: 767px) 82vw, 740px\" \/><\/div><div class=\"logo-slider-item\"><img loading=\"lazy\" width=\"1024\" height=\"683\" src=\"http:\/\/susanne-frey.de\/wp-content\/uploads\/2020\/04\/Endlich_4-1024x683.jpg\" alt=\"\" data-id=\"731\" data-link=\"http:\/\/susanne-frey.de\/?attachment_id=731\" class=\"wp-image-731\" srcset=\"http:\/\/susanne-frey.de\/wp-content\/uploads\/2020\/04\/Endlich_4-1024x683.jpg 1024w, http:\/\/susanne-frey.de\/wp-content\/uploads\/2020\/04\/Endlich_4-300x200.jpg 300w, http:\/\/susanne-frey.de\/wp-content\/uploads\/2020\/04\/Endlich_4-768x512.jpg 768w, http:\/\/susanne-frey.de\/wp-content\/uploads\/2020\/04\/Endlich_4.jpg 1200w\" sizes=\"(max-width: 706px) 89vw, (max-width: 767px) 82vw, 740px\" \/><\/div><div class=\"logo-slider-item\"><img loading=\"lazy\" width=\"1024\" height=\"683\" src=\"http:\/\/susanne-frey.de\/wp-content\/uploads\/2020\/04\/Endlich_5-1024x683.jpg\" alt=\"\" data-id=\"732\" data-link=\"http:\/\/susanne-frey.de\/?attachment_id=732\" class=\"wp-image-732\" srcset=\"http:\/\/susanne-frey.de\/wp-content\/uploads\/2020\/04\/Endlich_5-1024x683.jpg 1024w, http:\/\/susanne-frey.de\/wp-content\/uploads\/2020\/04\/Endlich_5-300x200.jpg 300w, http:\/\/susanne-frey.de\/wp-content\/uploads\/2020\/04\/Endlich_5-768x512.jpg 768w, http:\/\/susanne-frey.de\/wp-content\/uploads\/2020\/04\/Endlich_5.jpg 1200w\" sizes=\"(max-width: 706px) 89vw, (max-width: 767px) 82vw, 740px\" \/><\/div><div class=\"logo-slider-item\"><img loading=\"lazy\" width=\"1024\" height=\"683\" src=\"http:\/\/susanne-frey.de\/wp-content\/uploads\/2020\/04\/Endlich_6-1024x683.jpg\" alt=\"\" data-id=\"733\" data-link=\"http:\/\/susanne-frey.de\/?attachment_id=733\" class=\"wp-image-733\" srcset=\"http:\/\/susanne-frey.de\/wp-content\/uploads\/2020\/04\/Endlich_6-1024x683.jpg 1024w, http:\/\/susanne-frey.de\/wp-content\/uploads\/2020\/04\/Endlich_6-300x200.jpg 300w, http:\/\/susanne-frey.de\/wp-content\/uploads\/2020\/04\/Endlich_6-768x512.jpg 768w, http:\/\/susanne-frey.de\/wp-content\/uploads\/2020\/04\/Endlich_6.jpg 1200w\" sizes=\"(max-width: 706px) 89vw, (max-width: 767px) 82vw, 740px\" \/><\/div><div class=\"logo-slider-item\"><img loading=\"lazy\" width=\"1024\" height=\"683\" src=\"http:\/\/susanne-frey.de\/wp-content\/uploads\/2020\/04\/Endlich_8-1024x683.jpg\" alt=\"\" data-id=\"734\" data-link=\"http:\/\/susanne-frey.de\/?attachment_id=734\" class=\"wp-image-734\" srcset=\"http:\/\/susanne-frey.de\/wp-content\/uploads\/2020\/04\/Endlich_8-1024x683.jpg 1024w, http:\/\/susanne-frey.de\/wp-content\/uploads\/2020\/04\/Endlich_8-300x200.jpg 300w, http:\/\/susanne-frey.de\/wp-content\/uploads\/2020\/04\/Endlich_8-768x512.jpg 768w, http:\/\/susanne-frey.de\/wp-content\/uploads\/2020\/04\/Endlich_8.jpg 1200w\" sizes=\"(max-width: 706px) 89vw, (max-width: 767px) 82vw, 740px\" \/><\/div><div class=\"logo-slider-item\"><img loading=\"lazy\" width=\"1024\" height=\"683\" src=\"http:\/\/susanne-frey.de\/wp-content\/uploads\/2020\/04\/Endlich_9-1024x683.jpg\" alt=\"\" data-id=\"735\" data-link=\"http:\/\/susanne-frey.de\/?attachment_id=735\" class=\"wp-image-735\" srcset=\"http:\/\/susanne-frey.de\/wp-content\/uploads\/2020\/04\/Endlich_9-1024x683.jpg 1024w, http:\/\/susanne-frey.de\/wp-content\/uploads\/2020\/04\/Endlich_9-300x200.jpg 300w, http:\/\/susanne-frey.de\/wp-content\/uploads\/2020\/04\/Endlich_9-768x512.jpg 768w, http:\/\/susanne-frey.de\/wp-content\/uploads\/2020\/04\/Endlich_9.jpg 1200w\" sizes=\"(max-width: 706px) 89vw, (max-width: 767px) 82vw, 740px\" \/><\/div><div class=\"logo-slider-item\"><img loading=\"lazy\" width=\"1024\" height=\"683\" src=\"http:\/\/susanne-frey.de\/wp-content\/uploads\/2020\/04\/Endlich_10-1024x683.jpg\" alt=\"\" data-id=\"736\" data-link=\"http:\/\/susanne-frey.de\/?attachment_id=736\" class=\"wp-image-736\" srcset=\"http:\/\/susanne-frey.de\/wp-content\/uploads\/2020\/04\/Endlich_10-1024x683.jpg 1024w, http:\/\/susanne-frey.de\/wp-content\/uploads\/2020\/04\/Endlich_10-300x200.jpg 300w, http:\/\/susanne-frey.de\/wp-content\/uploads\/2020\/04\/Endlich_10-768x512.jpg 768w, http:\/\/susanne-frey.de\/wp-content\/uploads\/2020\/04\/Endlich_10.jpg 1200w\" sizes=\"(max-width: 706px) 89vw, (max-width: 767px) 82vw, 740px\" \/><\/div><div class=\"logo-slider-item\"><img loading=\"lazy\" width=\"1024\" height=\"683\" src=\"http:\/\/susanne-frey.de\/wp-content\/uploads\/2020\/04\/Endlich_11-1024x683.jpg\" alt=\"\" data-id=\"737\" data-link=\"http:\/\/susanne-frey.de\/?attachment_id=737\" class=\"wp-image-737\" srcset=\"http:\/\/susanne-frey.de\/wp-content\/uploads\/2020\/04\/Endlich_11-1024x683.jpg 1024w, http:\/\/susanne-frey.de\/wp-content\/uploads\/2020\/04\/Endlich_11-300x200.jpg 300w, http:\/\/susanne-frey.de\/wp-content\/uploads\/2020\/04\/Endlich_11-768x512.jpg 768w, http:\/\/susanne-frey.de\/wp-content\/uploads\/2020\/04\/Endlich_11.jpg 1200w\" sizes=\"(max-width: 706px) 89vw, (max-width: 767px) 82vw, 740px\" \/><\/div><div class=\"logo-slider-item\"><img loading=\"lazy\" width=\"1024\" height=\"683\" src=\"http:\/\/susanne-frey.de\/wp-content\/uploads\/2020\/04\/Endlich_12-1024x683.jpg\" alt=\"\" data-id=\"738\" data-link=\"http:\/\/susanne-frey.de\/?attachment_id=738\" class=\"wp-image-738\" srcset=\"http:\/\/susanne-frey.de\/wp-content\/uploads\/2020\/04\/Endlich_12-1024x683.jpg 1024w, http:\/\/susanne-frey.de\/wp-content\/uploads\/2020\/04\/Endlich_12-300x200.jpg 300w, http:\/\/susanne-frey.de\/wp-content\/uploads\/2020\/04\/Endlich_12-768x512.jpg 768w, http:\/\/susanne-frey.de\/wp-content\/uploads\/2020\/04\/Endlich_12.jpg 1200w\" sizes=\"(max-width: 706px) 89vw, (max-width: 767px) 82vw, 740px\" \/><\/div><div class=\"logo-slider-item\"><img loading=\"lazy\" width=\"1024\" height=\"683\" src=\"http:\/\/susanne-frey.de\/wp-content\/uploads\/2020\/04\/Endlich_13-1024x683.jpg\" alt=\"\" data-id=\"739\" data-link=\"http:\/\/susanne-frey.de\/?attachment_id=739\" class=\"wp-image-739\" srcset=\"http:\/\/susanne-frey.de\/wp-content\/uploads\/2020\/04\/Endlich_13-1024x683.jpg 1024w, http:\/\/susanne-frey.de\/wp-content\/uploads\/2020\/04\/Endlich_13-300x200.jpg 300w, http:\/\/susanne-frey.de\/wp-content\/uploads\/2020\/04\/Endlich_13-768x512.jpg 768w, http:\/\/susanne-frey.de\/wp-content\/uploads\/2020\/04\/Endlich_13.jpg 1200w\" sizes=\"(max-width: 706px) 89vw, (max-width: 767px) 82vw, 740px\" \/><\/div><\/div>\n\n\n\n<p><br>Fotos \u00a9 Martina Bogbahn und Peter Sommerer&nbsp;<\/p>\n","protected":false},"excerpt":{"rendered":"<p>Endlich \u2013 Ein szenisches Chorkonzert zum Thema TotentanzBayerischer Landesjugendchor. Vorstellungen im November 2008 in der Christuskirche M\u00fcnchen und der Frauenkirche N\u00fcrnberg.&nbsp; Musikalische Leitung: Gerd Guglh\u00f6rInszenierung: Susanne FreyAusstattung: Peter SommererLicht: Peter Platz, Benjamin SchmidtSprecherin: Monika Manz, Fl\u00f6te: Peter Eberl Hugo Distler: Totentanz, Jakob Guglh\u00f6r: Lamento, Leonhard Lechner: Spr\u00fcche von Leben und Tod, Edward Elgar: Death on &hellip; <\/p>\n<p class=\"link-more\"><a href=\"http:\/\/susanne-frey.de\/?page_id=84\" class=\"more-link\"><span class=\"screen-reader-text\">\u201eEndlich\u201c<\/span> weiterlesen<\/a><\/p>\n","protected":false},"author":1,"featured_media":0,"parent":0,"menu_order":0,"comment_status":"closed","ping_status":"closed","template":"","meta":{"ngg_post_thumbnail":0},"_links":{"self":[{"href":"http:\/\/susanne-frey.de\/index.php?rest_route=\/wp\/v2\/pages\/84"}],"collection":[{"href":"http:\/\/susanne-frey.de\/index.php?rest_route=\/wp\/v2\/pages"}],"about":[{"href":"http:\/\/susanne-frey.de\/index.php?rest_route=\/wp\/v2\/types\/page"}],"author":[{"embeddable":true,"href":"http:\/\/susanne-frey.de\/index.php?rest_route=\/wp\/v2\/users\/1"}],"replies":[{"embeddable":true,"href":"http:\/\/susanne-frey.de\/index.php?rest_route=%2Fwp%2Fv2%2Fcomments&post=84"}],"version-history":[{"count":4,"href":"http:\/\/susanne-frey.de\/index.php?rest_route=\/wp\/v2\/pages\/84\/revisions"}],"predecessor-version":[{"id":816,"href":"http:\/\/susanne-frey.de\/index.php?rest_route=\/wp\/v2\/pages\/84\/revisions\/816"}],"wp:attachment":[{"href":"http:\/\/susanne-frey.de\/index.php?rest_route=%2Fwp%2Fv2%2Fmedia&parent=84"}],"curies":[{"name":"wp","href":"https:\/\/api.w.org\/{rel}","templated":true}]}}