{"id":82,"date":"2020-02-23T16:03:26","date_gmt":"2020-02-23T16:03:26","guid":{"rendered":"http:\/\/susanne-frey.de\/?page_id=82"},"modified":"2020-04-14T19:23:34","modified_gmt":"2020-04-14T19:23:34","slug":"wie-werde-ich-reich-und-gluecklich","status":"publish","type":"page","link":"http:\/\/susanne-frey.de\/?page_id=82","title":{"rendered":"Reich und gl\u00fccklich?"},"content":{"rendered":"\n<p>Wie werde ich reich und gl\u00fccklich? von Mischa Spoliansky und Felix Joachimson<br>Premiere: 2. Oktober 2008 im Studiotheater Expo-Plaza 12<\/p>\n\n\n\n<p>Regie: Susanne Frey<br>Musikalische Leitung: Burkhard Niggemeier<br>B\u00fchne: Martina Helk<br>Kost\u00fcme: Miriam Schubach<br>Dramaturgie: Ilka Seifert<\/p>\n\n\n\n<p><a href=\"https:\/\/www.hmtm-hannover.de\" target=\"_blank\" rel=\"noreferrer noopener\">Hochschule f\u00fcr Musik und Theater Hannover<\/a><a href=\"https:\/\/www.hmtm-hannover.de\"><br><\/a>Es spielen: Studierende des 3. und 5. Semesters des Studiengangs Schauspiel&nbsp;<\/p>\n\n\n\n<div class=\"wp-block-glsb-gosign-logo-slider-block gosign-logo-slider\" data-slick=\"{&quot;dots&quot;:false,&quot;infinite&quot;:true,&quot;arrows&quot;:false,&quot;speed&quot;:800,&quot;slidesToShow&quot;:1,&quot;slidesToScroll&quot;:1,&quot;autoplay&quot;:true,&quot;autoplaySpeed&quot;:2500,&quot;gosignAllowLinkOnImages&quot;:false}\"><div class=\"logo-slider-item\"><img loading=\"lazy\" width=\"1024\" height=\"683\" src=\"http:\/\/susanne-frey.de\/wp-content\/uploads\/2020\/04\/Reich-und-gl\u00fccklich_6-1024x683.jpg\" alt=\"\" data-id=\"557\" data-link=\"http:\/\/susanne-frey.de\/?attachment_id=557\" class=\"wp-image-557\" srcset=\"http:\/\/susanne-frey.de\/wp-content\/uploads\/2020\/04\/Reich-und-gl\u00fccklich_6-1024x683.jpg 1024w, http:\/\/susanne-frey.de\/wp-content\/uploads\/2020\/04\/Reich-und-gl\u00fccklich_6-300x200.jpg 300w, http:\/\/susanne-frey.de\/wp-content\/uploads\/2020\/04\/Reich-und-gl\u00fccklich_6-768x512.jpg 768w, http:\/\/susanne-frey.de\/wp-content\/uploads\/2020\/04\/Reich-und-gl\u00fccklich_6.jpg 1200w\" sizes=\"(max-width: 706px) 89vw, (max-width: 767px) 82vw, 740px\" \/><\/div><div class=\"logo-slider-item\"><img loading=\"lazy\" width=\"1024\" height=\"683\" src=\"http:\/\/susanne-frey.de\/wp-content\/uploads\/2020\/04\/Reich-und-gl\u00fccklich_8-1024x683.jpg\" alt=\"\" data-id=\"559\" data-link=\"http:\/\/susanne-frey.de\/?attachment_id=559\" class=\"wp-image-559\" srcset=\"http:\/\/susanne-frey.de\/wp-content\/uploads\/2020\/04\/Reich-und-gl\u00fccklich_8-1024x683.jpg 1024w, http:\/\/susanne-frey.de\/wp-content\/uploads\/2020\/04\/Reich-und-gl\u00fccklich_8-300x200.jpg 300w, http:\/\/susanne-frey.de\/wp-content\/uploads\/2020\/04\/Reich-und-gl\u00fccklich_8-768x512.jpg 768w, http:\/\/susanne-frey.de\/wp-content\/uploads\/2020\/04\/Reich-und-gl\u00fccklich_8.jpg 1200w\" sizes=\"(max-width: 706px) 89vw, (max-width: 767px) 82vw, 740px\" \/><\/div><div class=\"logo-slider-item\"><img loading=\"lazy\" width=\"1024\" height=\"683\" src=\"http:\/\/susanne-frey.de\/wp-content\/uploads\/2020\/04\/Reich-und-gl\u00fccklich_2-1024x683.jpg\" alt=\"\" data-id=\"553\" data-link=\"http:\/\/susanne-frey.de\/?attachment_id=553\" class=\"wp-image-553\" srcset=\"http:\/\/susanne-frey.de\/wp-content\/uploads\/2020\/04\/Reich-und-gl\u00fccklich_2-1024x683.jpg 1024w, http:\/\/susanne-frey.de\/wp-content\/uploads\/2020\/04\/Reich-und-gl\u00fccklich_2-300x200.jpg 300w, http:\/\/susanne-frey.de\/wp-content\/uploads\/2020\/04\/Reich-und-gl\u00fccklich_2-768x512.jpg 768w, http:\/\/susanne-frey.de\/wp-content\/uploads\/2020\/04\/Reich-und-gl\u00fccklich_2.jpg 1200w\" sizes=\"(max-width: 706px) 89vw, (max-width: 767px) 82vw, 740px\" \/><\/div><div class=\"logo-slider-item\"><img loading=\"lazy\" width=\"1024\" height=\"683\" src=\"http:\/\/susanne-frey.de\/wp-content\/uploads\/2020\/04\/Reich-und-gl\u00fccklich_1-1024x683.jpg\" alt=\"\" data-id=\"552\" data-link=\"http:\/\/susanne-frey.de\/?attachment_id=552\" class=\"wp-image-552\" srcset=\"http:\/\/susanne-frey.de\/wp-content\/uploads\/2020\/04\/Reich-und-gl\u00fccklich_1-1024x683.jpg 1024w, http:\/\/susanne-frey.de\/wp-content\/uploads\/2020\/04\/Reich-und-gl\u00fccklich_1-300x200.jpg 300w, http:\/\/susanne-frey.de\/wp-content\/uploads\/2020\/04\/Reich-und-gl\u00fccklich_1-768x512.jpg 768w, http:\/\/susanne-frey.de\/wp-content\/uploads\/2020\/04\/Reich-und-gl\u00fccklich_1.jpg 1200w\" sizes=\"(max-width: 706px) 89vw, (max-width: 767px) 82vw, 740px\" \/><\/div><div class=\"logo-slider-item\"><img loading=\"lazy\" width=\"1024\" height=\"683\" src=\"http:\/\/susanne-frey.de\/wp-content\/uploads\/2020\/04\/Reich-und-gl\u00fccklich_11-1024x683.jpg\" alt=\"\" data-id=\"562\" data-link=\"http:\/\/susanne-frey.de\/?attachment_id=562\" class=\"wp-image-562\" srcset=\"http:\/\/susanne-frey.de\/wp-content\/uploads\/2020\/04\/Reich-und-gl\u00fccklich_11-1024x683.jpg 1024w, http:\/\/susanne-frey.de\/wp-content\/uploads\/2020\/04\/Reich-und-gl\u00fccklich_11-300x200.jpg 300w, http:\/\/susanne-frey.de\/wp-content\/uploads\/2020\/04\/Reich-und-gl\u00fccklich_11-768x512.jpg 768w, http:\/\/susanne-frey.de\/wp-content\/uploads\/2020\/04\/Reich-und-gl\u00fccklich_11.jpg 1200w\" sizes=\"(max-width: 706px) 89vw, (max-width: 767px) 82vw, 740px\" \/><\/div><div class=\"logo-slider-item\"><img loading=\"lazy\" width=\"1024\" height=\"683\" src=\"http:\/\/susanne-frey.de\/wp-content\/uploads\/2020\/04\/Reich-und-gl\u00fccklich_9-1024x683.jpg\" alt=\"\" data-id=\"560\" data-link=\"http:\/\/susanne-frey.de\/?attachment_id=560\" class=\"wp-image-560\" srcset=\"http:\/\/susanne-frey.de\/wp-content\/uploads\/2020\/04\/Reich-und-gl\u00fccklich_9-1024x683.jpg 1024w, http:\/\/susanne-frey.de\/wp-content\/uploads\/2020\/04\/Reich-und-gl\u00fccklich_9-300x200.jpg 300w, http:\/\/susanne-frey.de\/wp-content\/uploads\/2020\/04\/Reich-und-gl\u00fccklich_9-768x512.jpg 768w, http:\/\/susanne-frey.de\/wp-content\/uploads\/2020\/04\/Reich-und-gl\u00fccklich_9.jpg 1200w\" sizes=\"(max-width: 706px) 89vw, (max-width: 767px) 82vw, 740px\" \/><\/div><div class=\"logo-slider-item\"><img loading=\"lazy\" width=\"1024\" height=\"683\" src=\"http:\/\/susanne-frey.de\/wp-content\/uploads\/2020\/04\/Reich-und-gl\u00fccklich_12-1024x683.jpg\" alt=\"\" data-id=\"563\" data-link=\"http:\/\/susanne-frey.de\/?attachment_id=563\" class=\"wp-image-563\" srcset=\"http:\/\/susanne-frey.de\/wp-content\/uploads\/2020\/04\/Reich-und-gl\u00fccklich_12-1024x683.jpg 1024w, http:\/\/susanne-frey.de\/wp-content\/uploads\/2020\/04\/Reich-und-gl\u00fccklich_12-300x200.jpg 300w, http:\/\/susanne-frey.de\/wp-content\/uploads\/2020\/04\/Reich-und-gl\u00fccklich_12-768x512.jpg 768w, http:\/\/susanne-frey.de\/wp-content\/uploads\/2020\/04\/Reich-und-gl\u00fccklich_12.jpg 1200w\" sizes=\"(max-width: 706px) 89vw, (max-width: 767px) 82vw, 740px\" \/><\/div><div class=\"logo-slider-item\"><img loading=\"lazy\" width=\"1024\" height=\"683\" src=\"http:\/\/susanne-frey.de\/wp-content\/uploads\/2020\/04\/Reich-und-gl\u00fccklich_13-1024x683.jpg\" alt=\"\" data-id=\"564\" data-link=\"http:\/\/susanne-frey.de\/?attachment_id=564\" class=\"wp-image-564\" srcset=\"http:\/\/susanne-frey.de\/wp-content\/uploads\/2020\/04\/Reich-und-gl\u00fccklich_13-1024x683.jpg 1024w, http:\/\/susanne-frey.de\/wp-content\/uploads\/2020\/04\/Reich-und-gl\u00fccklich_13-300x200.jpg 300w, http:\/\/susanne-frey.de\/wp-content\/uploads\/2020\/04\/Reich-und-gl\u00fccklich_13-768x512.jpg 768w, http:\/\/susanne-frey.de\/wp-content\/uploads\/2020\/04\/Reich-und-gl\u00fccklich_13.jpg 1200w\" sizes=\"(max-width: 706px) 89vw, (max-width: 767px) 82vw, 740px\" \/><\/div><div class=\"logo-slider-item\"><img loading=\"lazy\" width=\"1024\" height=\"683\" src=\"http:\/\/susanne-frey.de\/wp-content\/uploads\/2020\/04\/Reich-und-gl\u00fccklich_7-1024x683.jpg\" alt=\"\" data-id=\"558\" data-link=\"http:\/\/susanne-frey.de\/?attachment_id=558\" class=\"wp-image-558\" srcset=\"http:\/\/susanne-frey.de\/wp-content\/uploads\/2020\/04\/Reich-und-gl\u00fccklich_7-1024x683.jpg 1024w, http:\/\/susanne-frey.de\/wp-content\/uploads\/2020\/04\/Reich-und-gl\u00fccklich_7-300x200.jpg 300w, http:\/\/susanne-frey.de\/wp-content\/uploads\/2020\/04\/Reich-und-gl\u00fccklich_7-768x512.jpg 768w, http:\/\/susanne-frey.de\/wp-content\/uploads\/2020\/04\/Reich-und-gl\u00fccklich_7.jpg 1200w\" sizes=\"(max-width: 706px) 89vw, (max-width: 767px) 82vw, 740px\" \/><\/div><div class=\"logo-slider-item\"><img loading=\"lazy\" width=\"1024\" height=\"683\" src=\"http:\/\/susanne-frey.de\/wp-content\/uploads\/2020\/04\/Reich-und-gl\u00fccklich_4-1024x683.jpg\" alt=\"\" data-id=\"555\" data-link=\"http:\/\/susanne-frey.de\/?attachment_id=555\" class=\"wp-image-555\" srcset=\"http:\/\/susanne-frey.de\/wp-content\/uploads\/2020\/04\/Reich-und-gl\u00fccklich_4-1024x683.jpg 1024w, http:\/\/susanne-frey.de\/wp-content\/uploads\/2020\/04\/Reich-und-gl\u00fccklich_4-300x200.jpg 300w, http:\/\/susanne-frey.de\/wp-content\/uploads\/2020\/04\/Reich-und-gl\u00fccklich_4-768x512.jpg 768w, http:\/\/susanne-frey.de\/wp-content\/uploads\/2020\/04\/Reich-und-gl\u00fccklich_4.jpg 1200w\" sizes=\"(max-width: 706px) 89vw, (max-width: 767px) 82vw, 740px\" \/><\/div><div class=\"logo-slider-item\"><img loading=\"lazy\" width=\"1024\" height=\"683\" src=\"http:\/\/susanne-frey.de\/wp-content\/uploads\/2020\/04\/Reich-und-gl\u00fccklich_14-1024x683.jpg\" alt=\"\" data-id=\"565\" data-link=\"http:\/\/susanne-frey.de\/?attachment_id=565\" class=\"wp-image-565\" srcset=\"http:\/\/susanne-frey.de\/wp-content\/uploads\/2020\/04\/Reich-und-gl\u00fccklich_14-1024x683.jpg 1024w, http:\/\/susanne-frey.de\/wp-content\/uploads\/2020\/04\/Reich-und-gl\u00fccklich_14-300x200.jpg 300w, http:\/\/susanne-frey.de\/wp-content\/uploads\/2020\/04\/Reich-und-gl\u00fccklich_14-768x512.jpg 768w, http:\/\/susanne-frey.de\/wp-content\/uploads\/2020\/04\/Reich-und-gl\u00fccklich_14.jpg 1200w\" sizes=\"(max-width: 706px) 89vw, (max-width: 767px) 82vw, 740px\" \/><\/div><div class=\"logo-slider-item\"><img loading=\"lazy\" width=\"1024\" height=\"683\" src=\"http:\/\/susanne-frey.de\/wp-content\/uploads\/2020\/04\/Reich-und-gl\u00fccklich_3-1024x683.jpg\" alt=\"\" data-id=\"554\" data-link=\"http:\/\/susanne-frey.de\/?attachment_id=554\" class=\"wp-image-554\" srcset=\"http:\/\/susanne-frey.de\/wp-content\/uploads\/2020\/04\/Reich-und-gl\u00fccklich_3-1024x683.jpg 1024w, http:\/\/susanne-frey.de\/wp-content\/uploads\/2020\/04\/Reich-und-gl\u00fccklich_3-300x200.jpg 300w, http:\/\/susanne-frey.de\/wp-content\/uploads\/2020\/04\/Reich-und-gl\u00fccklich_3-768x512.jpg 768w, http:\/\/susanne-frey.de\/wp-content\/uploads\/2020\/04\/Reich-und-gl\u00fccklich_3.jpg 1200w\" sizes=\"(max-width: 706px) 89vw, (max-width: 767px) 82vw, 740px\" \/><\/div><div class=\"logo-slider-item\"><img loading=\"lazy\" width=\"1024\" height=\"683\" src=\"http:\/\/susanne-frey.de\/wp-content\/uploads\/2020\/04\/Reich-und-gl\u00fccklich_10-1024x683.jpg\" alt=\"\" data-id=\"561\" data-link=\"http:\/\/susanne-frey.de\/?attachment_id=561\" class=\"wp-image-561\" srcset=\"http:\/\/susanne-frey.de\/wp-content\/uploads\/2020\/04\/Reich-und-gl\u00fccklich_10-1024x683.jpg 1024w, http:\/\/susanne-frey.de\/wp-content\/uploads\/2020\/04\/Reich-und-gl\u00fccklich_10-300x200.jpg 300w, http:\/\/susanne-frey.de\/wp-content\/uploads\/2020\/04\/Reich-und-gl\u00fccklich_10-768x512.jpg 768w, http:\/\/susanne-frey.de\/wp-content\/uploads\/2020\/04\/Reich-und-gl\u00fccklich_10.jpg 1200w\" sizes=\"(max-width: 706px) 89vw, (max-width: 767px) 82vw, 740px\" \/><\/div><\/div>\n\n\n\n<p><br>Fotos \u00a9&nbsp;<a href=\"http:\/\/www.kunzfeld-photography.com\/\" target=\"_blank\" rel=\"noreferrer noopener\">Daniel Marcus Kunzfeld<\/a><\/p>\n","protected":false},"excerpt":{"rendered":"<p>Wie werde ich reich und gl\u00fccklich? von Mischa Spoliansky und Felix JoachimsonPremiere: 2. Oktober 2008 im Studiotheater Expo-Plaza 12 Regie: Susanne FreyMusikalische Leitung: Burkhard NiggemeierB\u00fchne: Martina HelkKost\u00fcme: Miriam SchubachDramaturgie: Ilka Seifert Hochschule f\u00fcr Musik und Theater HannoverEs spielen: Studierende des 3. und 5. Semesters des Studiengangs Schauspiel&nbsp; Fotos \u00a9&nbsp;Daniel Marcus Kunzfeld<\/p>\n","protected":false},"author":1,"featured_media":0,"parent":0,"menu_order":0,"comment_status":"closed","ping_status":"closed","template":"","meta":{"ngg_post_thumbnail":0},"_links":{"self":[{"href":"http:\/\/susanne-frey.de\/index.php?rest_route=\/wp\/v2\/pages\/82"}],"collection":[{"href":"http:\/\/susanne-frey.de\/index.php?rest_route=\/wp\/v2\/pages"}],"about":[{"href":"http:\/\/susanne-frey.de\/index.php?rest_route=\/wp\/v2\/types\/page"}],"author":[{"embeddable":true,"href":"http:\/\/susanne-frey.de\/index.php?rest_route=\/wp\/v2\/users\/1"}],"replies":[{"embeddable":true,"href":"http:\/\/susanne-frey.de\/index.php?rest_route=%2Fwp%2Fv2%2Fcomments&post=82"}],"version-history":[{"count":6,"href":"http:\/\/susanne-frey.de\/index.php?rest_route=\/wp\/v2\/pages\/82\/revisions"}],"predecessor-version":[{"id":857,"href":"http:\/\/susanne-frey.de\/index.php?rest_route=\/wp\/v2\/pages\/82\/revisions\/857"}],"wp:attachment":[{"href":"http:\/\/susanne-frey.de\/index.php?rest_route=%2Fwp%2Fv2%2Fmedia&parent=82"}],"curies":[{"name":"wp","href":"https:\/\/api.w.org\/{rel}","templated":true}]}}