{"id":80,"date":"2020-02-23T16:02:42","date_gmt":"2020-02-23T16:02:42","guid":{"rendered":"http:\/\/susanne-frey.de\/?page_id=80"},"modified":"2020-04-14T19:40:51","modified_gmt":"2020-04-14T19:40:51","slug":"mozart-muezik-ein-hochzeitsfest","status":"publish","type":"page","link":"http:\/\/susanne-frey.de\/?page_id=80","title":{"rendered":"Mozart.M\u00fczik"},"content":{"rendered":"\n<p>Mozart.M\u00fczik \u2013 Ein Hochzeitsfest!<\/p>\n\n\n\n<p>Musiktheaterprojekt f\u00fcr S\u00e4nger, T\u00e4nzer und Instrumentalisten mit Werken von W.A. Mozart und traditioneller t\u00fcrkischer Musik. Eine Produktion von&nbsp;<a href=\"http:\/\/susanne-frey.de\/?page_id=129\" target=\"_blank\" rel=\"noreferrer noopener\">&lt;voices&gt; e.V.<\/a>&nbsp;und der Tafelhalle N\u00fcrnberg, realisiert mit der Unterst\u00fctzung des Staatsministeriums f\u00fcr Kultur und Medien. Vorstellungen im Dezember 2006 in der&nbsp;<a href=\"https:\/\/www.kunstkulturquartier.de\/tafelhalle\" target=\"_blank\" rel=\"noreferrer noopener\">Tafelhalle N\u00fcrnberg<\/a>&nbsp;und dem&nbsp;<a rel=\"noreferrer noopener\" href=\"http:\/\/www.radialsystem.de\/\" target=\"_blank\">Radialsystem V Berlin<\/a>.&nbsp;<\/p>\n\n\n\n<p>Konzeption und Regie: Susanne Frey<br>B\u00fchne: J\u00fcrgen Priebe<br>Kost\u00fcme: Andr\u00e9 Schreiber<br><br>mit&nbsp;<a rel=\"noreferrer noopener\" href=\"http:\/\/www.enstase.com\/\" target=\"_blank\">Antonis Anissegos<\/a>&nbsp;und Kemal Din\u00e7 (musikalische Leitung), Athanasios Anagnostopoulos, Elif Aytekin, Ivo B\u00e4rtsch, \u015eeref Dalyano\u011flu, Cyrena Dunbar, Ekki Eletrico \/&nbsp;<a rel=\"noreferrer noopener\" href=\"http:\/\/www.djipek.de\/\" target=\"_blank\">Ipek Ipekcio\u011flu<\/a>, Riikka L\u00e4ser, Annette Maye,&nbsp;<a rel=\"noreferrer noopener\" href=\"http:\/\/www.frances-pappas.com\/\" target=\"_blank\">Frances Pappas<\/a>&nbsp;und Hubert Wild&nbsp;<\/p>\n\n\n\n<div class=\"wp-block-glsb-gosign-logo-slider-block gosign-logo-slider\" data-slick=\"{&quot;dots&quot;:false,&quot;infinite&quot;:true,&quot;arrows&quot;:false,&quot;speed&quot;:800,&quot;slidesToShow&quot;:1,&quot;slidesToScroll&quot;:1,&quot;autoplay&quot;:true,&quot;autoplaySpeed&quot;:2500,&quot;gosignAllowLinkOnImages&quot;:false}\"><div class=\"logo-slider-item\"><img loading=\"lazy\" width=\"1024\" height=\"683\" src=\"http:\/\/susanne-frey.de\/wp-content\/uploads\/2020\/04\/MozartM\u00fczik_1-1024x683.jpg\" alt=\"\" data-id=\"643\" data-link=\"http:\/\/susanne-frey.de\/?attachment_id=643\" class=\"wp-image-643\" srcset=\"http:\/\/susanne-frey.de\/wp-content\/uploads\/2020\/04\/MozartM\u00fczik_1-1024x683.jpg 1024w, http:\/\/susanne-frey.de\/wp-content\/uploads\/2020\/04\/MozartM\u00fczik_1-300x200.jpg 300w, http:\/\/susanne-frey.de\/wp-content\/uploads\/2020\/04\/MozartM\u00fczik_1-768x512.jpg 768w, http:\/\/susanne-frey.de\/wp-content\/uploads\/2020\/04\/MozartM\u00fczik_1.jpg 1200w\" sizes=\"(max-width: 706px) 89vw, (max-width: 767px) 82vw, 740px\" \/><\/div><div class=\"logo-slider-item\"><img loading=\"lazy\" width=\"1024\" height=\"683\" src=\"http:\/\/susanne-frey.de\/wp-content\/uploads\/2020\/04\/MozartM\u00fczik_2-1024x683.jpg\" alt=\"\" data-id=\"644\" data-link=\"http:\/\/susanne-frey.de\/?attachment_id=644\" class=\"wp-image-644\" srcset=\"http:\/\/susanne-frey.de\/wp-content\/uploads\/2020\/04\/MozartM\u00fczik_2-1024x683.jpg 1024w, http:\/\/susanne-frey.de\/wp-content\/uploads\/2020\/04\/MozartM\u00fczik_2-300x200.jpg 300w, http:\/\/susanne-frey.de\/wp-content\/uploads\/2020\/04\/MozartM\u00fczik_2-768x512.jpg 768w, http:\/\/susanne-frey.de\/wp-content\/uploads\/2020\/04\/MozartM\u00fczik_2.jpg 1200w\" sizes=\"(max-width: 706px) 89vw, (max-width: 767px) 82vw, 740px\" \/><\/div><div class=\"logo-slider-item\"><img loading=\"lazy\" width=\"1024\" height=\"683\" src=\"http:\/\/susanne-frey.de\/wp-content\/uploads\/2020\/04\/MozartM\u00fczik_4-1024x683.jpg\" alt=\"\" data-id=\"646\" data-link=\"http:\/\/susanne-frey.de\/?attachment_id=646\" class=\"wp-image-646\" srcset=\"http:\/\/susanne-frey.de\/wp-content\/uploads\/2020\/04\/MozartM\u00fczik_4-1024x683.jpg 1024w, http:\/\/susanne-frey.de\/wp-content\/uploads\/2020\/04\/MozartM\u00fczik_4-300x200.jpg 300w, http:\/\/susanne-frey.de\/wp-content\/uploads\/2020\/04\/MozartM\u00fczik_4-768x512.jpg 768w, http:\/\/susanne-frey.de\/wp-content\/uploads\/2020\/04\/MozartM\u00fczik_4.jpg 1200w\" sizes=\"(max-width: 706px) 89vw, (max-width: 767px) 82vw, 740px\" \/><\/div><div class=\"logo-slider-item\"><img loading=\"lazy\" width=\"1024\" height=\"683\" src=\"http:\/\/susanne-frey.de\/wp-content\/uploads\/2020\/04\/MozartM\u00fczik_3-1024x683.jpg\" alt=\"\" data-id=\"645\" data-link=\"http:\/\/susanne-frey.de\/?attachment_id=645\" class=\"wp-image-645\" srcset=\"http:\/\/susanne-frey.de\/wp-content\/uploads\/2020\/04\/MozartM\u00fczik_3-1024x683.jpg 1024w, http:\/\/susanne-frey.de\/wp-content\/uploads\/2020\/04\/MozartM\u00fczik_3-300x200.jpg 300w, http:\/\/susanne-frey.de\/wp-content\/uploads\/2020\/04\/MozartM\u00fczik_3-768x512.jpg 768w, http:\/\/susanne-frey.de\/wp-content\/uploads\/2020\/04\/MozartM\u00fczik_3.jpg 1200w\" sizes=\"(max-width: 706px) 89vw, (max-width: 767px) 82vw, 740px\" \/><\/div><div class=\"logo-slider-item\"><img loading=\"lazy\" width=\"1024\" height=\"683\" src=\"http:\/\/susanne-frey.de\/wp-content\/uploads\/2020\/04\/MozartM\u00fczik_5-1024x683.jpg\" alt=\"\" data-id=\"647\" data-link=\"http:\/\/susanne-frey.de\/?attachment_id=647\" class=\"wp-image-647\" srcset=\"http:\/\/susanne-frey.de\/wp-content\/uploads\/2020\/04\/MozartM\u00fczik_5-1024x683.jpg 1024w, http:\/\/susanne-frey.de\/wp-content\/uploads\/2020\/04\/MozartM\u00fczik_5-300x200.jpg 300w, http:\/\/susanne-frey.de\/wp-content\/uploads\/2020\/04\/MozartM\u00fczik_5-768x512.jpg 768w, http:\/\/susanne-frey.de\/wp-content\/uploads\/2020\/04\/MozartM\u00fczik_5.jpg 1200w\" sizes=\"(max-width: 706px) 89vw, (max-width: 767px) 82vw, 740px\" \/><\/div><div class=\"logo-slider-item\"><img loading=\"lazy\" width=\"1024\" height=\"683\" src=\"http:\/\/susanne-frey.de\/wp-content\/uploads\/2020\/04\/MozartM\u00fczik_7-1024x683.jpg\" alt=\"\" data-id=\"649\" data-link=\"http:\/\/susanne-frey.de\/?attachment_id=649\" class=\"wp-image-649\" srcset=\"http:\/\/susanne-frey.de\/wp-content\/uploads\/2020\/04\/MozartM\u00fczik_7-1024x683.jpg 1024w, http:\/\/susanne-frey.de\/wp-content\/uploads\/2020\/04\/MozartM\u00fczik_7-300x200.jpg 300w, http:\/\/susanne-frey.de\/wp-content\/uploads\/2020\/04\/MozartM\u00fczik_7-768x512.jpg 768w, http:\/\/susanne-frey.de\/wp-content\/uploads\/2020\/04\/MozartM\u00fczik_7.jpg 1200w\" sizes=\"(max-width: 706px) 89vw, (max-width: 767px) 82vw, 740px\" \/><\/div><div class=\"logo-slider-item\"><img loading=\"lazy\" width=\"1024\" height=\"683\" src=\"http:\/\/susanne-frey.de\/wp-content\/uploads\/2020\/04\/MozartM\u00fczik_23-1024x683.jpg\" alt=\"\" data-id=\"665\" data-link=\"http:\/\/susanne-frey.de\/?attachment_id=665\" class=\"wp-image-665\" srcset=\"http:\/\/susanne-frey.de\/wp-content\/uploads\/2020\/04\/MozartM\u00fczik_23-1024x683.jpg 1024w, http:\/\/susanne-frey.de\/wp-content\/uploads\/2020\/04\/MozartM\u00fczik_23-300x200.jpg 300w, http:\/\/susanne-frey.de\/wp-content\/uploads\/2020\/04\/MozartM\u00fczik_23-768x512.jpg 768w, http:\/\/susanne-frey.de\/wp-content\/uploads\/2020\/04\/MozartM\u00fczik_23.jpg 1200w\" sizes=\"(max-width: 706px) 89vw, (max-width: 767px) 82vw, 740px\" \/><\/div><div class=\"logo-slider-item\"><img loading=\"lazy\" width=\"1024\" height=\"683\" src=\"http:\/\/susanne-frey.de\/wp-content\/uploads\/2020\/04\/MozartM\u00fczik_6-1024x683.jpg\" alt=\"\" data-id=\"648\" data-link=\"http:\/\/susanne-frey.de\/?attachment_id=648\" class=\"wp-image-648\" srcset=\"http:\/\/susanne-frey.de\/wp-content\/uploads\/2020\/04\/MozartM\u00fczik_6-1024x683.jpg 1024w, http:\/\/susanne-frey.de\/wp-content\/uploads\/2020\/04\/MozartM\u00fczik_6-300x200.jpg 300w, http:\/\/susanne-frey.de\/wp-content\/uploads\/2020\/04\/MozartM\u00fczik_6-768x512.jpg 768w, http:\/\/susanne-frey.de\/wp-content\/uploads\/2020\/04\/MozartM\u00fczik_6.jpg 1200w\" sizes=\"(max-width: 706px) 89vw, (max-width: 767px) 82vw, 740px\" \/><\/div><div class=\"logo-slider-item\"><img loading=\"lazy\" width=\"1024\" height=\"683\" src=\"http:\/\/susanne-frey.de\/wp-content\/uploads\/2020\/04\/MozartM\u00fczik_8-1024x683.jpg\" alt=\"\" data-id=\"650\" data-link=\"http:\/\/susanne-frey.de\/?attachment_id=650\" class=\"wp-image-650\" srcset=\"http:\/\/susanne-frey.de\/wp-content\/uploads\/2020\/04\/MozartM\u00fczik_8-1024x683.jpg 1024w, http:\/\/susanne-frey.de\/wp-content\/uploads\/2020\/04\/MozartM\u00fczik_8-300x200.jpg 300w, http:\/\/susanne-frey.de\/wp-content\/uploads\/2020\/04\/MozartM\u00fczik_8-768x512.jpg 768w, http:\/\/susanne-frey.de\/wp-content\/uploads\/2020\/04\/MozartM\u00fczik_8.jpg 1200w\" sizes=\"(max-width: 706px) 89vw, (max-width: 767px) 82vw, 740px\" \/><\/div><div class=\"logo-slider-item\"><img loading=\"lazy\" width=\"1024\" height=\"683\" src=\"http:\/\/susanne-frey.de\/wp-content\/uploads\/2020\/04\/MozartM\u00fczik_18-1024x683.jpg\" alt=\"\" data-id=\"660\" data-link=\"http:\/\/susanne-frey.de\/?attachment_id=660\" class=\"wp-image-660\" srcset=\"http:\/\/susanne-frey.de\/wp-content\/uploads\/2020\/04\/MozartM\u00fczik_18-1024x683.jpg 1024w, http:\/\/susanne-frey.de\/wp-content\/uploads\/2020\/04\/MozartM\u00fczik_18-300x200.jpg 300w, http:\/\/susanne-frey.de\/wp-content\/uploads\/2020\/04\/MozartM\u00fczik_18-768x512.jpg 768w, http:\/\/susanne-frey.de\/wp-content\/uploads\/2020\/04\/MozartM\u00fczik_18.jpg 1200w\" sizes=\"(max-width: 706px) 89vw, (max-width: 767px) 82vw, 740px\" \/><\/div><div class=\"logo-slider-item\"><img loading=\"lazy\" width=\"1024\" height=\"683\" src=\"http:\/\/susanne-frey.de\/wp-content\/uploads\/2020\/04\/MozartM\u00fczik_9-1024x683.jpg\" alt=\"\" data-id=\"651\" data-link=\"http:\/\/susanne-frey.de\/?attachment_id=651\" class=\"wp-image-651\" srcset=\"http:\/\/susanne-frey.de\/wp-content\/uploads\/2020\/04\/MozartM\u00fczik_9-1024x683.jpg 1024w, http:\/\/susanne-frey.de\/wp-content\/uploads\/2020\/04\/MozartM\u00fczik_9-300x200.jpg 300w, http:\/\/susanne-frey.de\/wp-content\/uploads\/2020\/04\/MozartM\u00fczik_9-768x512.jpg 768w, http:\/\/susanne-frey.de\/wp-content\/uploads\/2020\/04\/MozartM\u00fczik_9.jpg 1200w\" sizes=\"(max-width: 706px) 89vw, (max-width: 767px) 82vw, 740px\" \/><\/div><div class=\"logo-slider-item\"><img loading=\"lazy\" width=\"1024\" height=\"683\" src=\"http:\/\/susanne-frey.de\/wp-content\/uploads\/2020\/04\/MozartM\u00fczik_10-1024x683.jpg\" alt=\"\" data-id=\"652\" data-link=\"http:\/\/susanne-frey.de\/?attachment_id=652\" class=\"wp-image-652\" srcset=\"http:\/\/susanne-frey.de\/wp-content\/uploads\/2020\/04\/MozartM\u00fczik_10-1024x683.jpg 1024w, http:\/\/susanne-frey.de\/wp-content\/uploads\/2020\/04\/MozartM\u00fczik_10-300x200.jpg 300w, http:\/\/susanne-frey.de\/wp-content\/uploads\/2020\/04\/MozartM\u00fczik_10-768x512.jpg 768w, http:\/\/susanne-frey.de\/wp-content\/uploads\/2020\/04\/MozartM\u00fczik_10.jpg 1200w\" sizes=\"(max-width: 706px) 89vw, (max-width: 767px) 82vw, 740px\" \/><\/div><div class=\"logo-slider-item\"><img loading=\"lazy\" width=\"1024\" height=\"683\" src=\"http:\/\/susanne-frey.de\/wp-content\/uploads\/2020\/04\/MozartM\u00fczik_11-1024x683.jpg\" alt=\"\" data-id=\"653\" data-link=\"http:\/\/susanne-frey.de\/?attachment_id=653\" class=\"wp-image-653\" srcset=\"http:\/\/susanne-frey.de\/wp-content\/uploads\/2020\/04\/MozartM\u00fczik_11-1024x683.jpg 1024w, http:\/\/susanne-frey.de\/wp-content\/uploads\/2020\/04\/MozartM\u00fczik_11-300x200.jpg 300w, http:\/\/susanne-frey.de\/wp-content\/uploads\/2020\/04\/MozartM\u00fczik_11-768x512.jpg 768w, http:\/\/susanne-frey.de\/wp-content\/uploads\/2020\/04\/MozartM\u00fczik_11.jpg 1200w\" sizes=\"(max-width: 706px) 89vw, (max-width: 767px) 82vw, 740px\" \/><\/div><div class=\"logo-slider-item\"><img loading=\"lazy\" width=\"1024\" height=\"683\" src=\"http:\/\/susanne-frey.de\/wp-content\/uploads\/2020\/04\/MozartM\u00fczik_12-1024x683.jpg\" alt=\"\" data-id=\"654\" data-link=\"http:\/\/susanne-frey.de\/?attachment_id=654\" class=\"wp-image-654\" srcset=\"http:\/\/susanne-frey.de\/wp-content\/uploads\/2020\/04\/MozartM\u00fczik_12-1024x683.jpg 1024w, http:\/\/susanne-frey.de\/wp-content\/uploads\/2020\/04\/MozartM\u00fczik_12-300x200.jpg 300w, http:\/\/susanne-frey.de\/wp-content\/uploads\/2020\/04\/MozartM\u00fczik_12-768x512.jpg 768w, http:\/\/susanne-frey.de\/wp-content\/uploads\/2020\/04\/MozartM\u00fczik_12.jpg 1200w\" sizes=\"(max-width: 706px) 89vw, (max-width: 767px) 82vw, 740px\" \/><\/div><div class=\"logo-slider-item\"><img loading=\"lazy\" width=\"1024\" height=\"683\" src=\"http:\/\/susanne-frey.de\/wp-content\/uploads\/2020\/04\/MozartM\u00fczik_13-1024x683.jpg\" alt=\"\" data-id=\"655\" data-link=\"http:\/\/susanne-frey.de\/?attachment_id=655\" class=\"wp-image-655\" srcset=\"http:\/\/susanne-frey.de\/wp-content\/uploads\/2020\/04\/MozartM\u00fczik_13-1024x683.jpg 1024w, http:\/\/susanne-frey.de\/wp-content\/uploads\/2020\/04\/MozartM\u00fczik_13-300x200.jpg 300w, http:\/\/susanne-frey.de\/wp-content\/uploads\/2020\/04\/MozartM\u00fczik_13-768x512.jpg 768w, http:\/\/susanne-frey.de\/wp-content\/uploads\/2020\/04\/MozartM\u00fczik_13.jpg 1200w\" sizes=\"(max-width: 706px) 89vw, (max-width: 767px) 82vw, 740px\" \/><\/div><div class=\"logo-slider-item\"><img loading=\"lazy\" width=\"1024\" height=\"683\" src=\"http:\/\/susanne-frey.de\/wp-content\/uploads\/2020\/04\/MozartM\u00fczik_14-1024x683.jpg\" alt=\"\" data-id=\"656\" data-link=\"http:\/\/susanne-frey.de\/?attachment_id=656\" class=\"wp-image-656\" srcset=\"http:\/\/susanne-frey.de\/wp-content\/uploads\/2020\/04\/MozartM\u00fczik_14-1024x683.jpg 1024w, http:\/\/susanne-frey.de\/wp-content\/uploads\/2020\/04\/MozartM\u00fczik_14-300x200.jpg 300w, http:\/\/susanne-frey.de\/wp-content\/uploads\/2020\/04\/MozartM\u00fczik_14-768x512.jpg 768w, http:\/\/susanne-frey.de\/wp-content\/uploads\/2020\/04\/MozartM\u00fczik_14.jpg 1200w\" sizes=\"(max-width: 706px) 89vw, (max-width: 767px) 82vw, 740px\" \/><\/div><div class=\"logo-slider-item\"><img loading=\"lazy\" width=\"1024\" height=\"683\" src=\"http:\/\/susanne-frey.de\/wp-content\/uploads\/2020\/04\/MozartM\u00fczik_15-1024x683.jpg\" alt=\"\" data-id=\"657\" data-link=\"http:\/\/susanne-frey.de\/?attachment_id=657\" class=\"wp-image-657\" srcset=\"http:\/\/susanne-frey.de\/wp-content\/uploads\/2020\/04\/MozartM\u00fczik_15-1024x683.jpg 1024w, http:\/\/susanne-frey.de\/wp-content\/uploads\/2020\/04\/MozartM\u00fczik_15-300x200.jpg 300w, http:\/\/susanne-frey.de\/wp-content\/uploads\/2020\/04\/MozartM\u00fczik_15-768x512.jpg 768w, http:\/\/susanne-frey.de\/wp-content\/uploads\/2020\/04\/MozartM\u00fczik_15.jpg 1200w\" sizes=\"(max-width: 706px) 89vw, (max-width: 767px) 82vw, 740px\" \/><\/div><div class=\"logo-slider-item\"><img loading=\"lazy\" width=\"1024\" height=\"683\" src=\"http:\/\/susanne-frey.de\/wp-content\/uploads\/2020\/04\/MozartM\u00fczik_17-1024x683.jpg\" alt=\"\" data-id=\"659\" data-link=\"http:\/\/susanne-frey.de\/?attachment_id=659\" class=\"wp-image-659\" srcset=\"http:\/\/susanne-frey.de\/wp-content\/uploads\/2020\/04\/MozartM\u00fczik_17-1024x683.jpg 1024w, http:\/\/susanne-frey.de\/wp-content\/uploads\/2020\/04\/MozartM\u00fczik_17-300x200.jpg 300w, http:\/\/susanne-frey.de\/wp-content\/uploads\/2020\/04\/MozartM\u00fczik_17-768x512.jpg 768w, http:\/\/susanne-frey.de\/wp-content\/uploads\/2020\/04\/MozartM\u00fczik_17.jpg 1200w\" sizes=\"(max-width: 706px) 89vw, (max-width: 767px) 82vw, 740px\" \/><\/div><div class=\"logo-slider-item\"><img loading=\"lazy\" width=\"1024\" height=\"683\" src=\"http:\/\/susanne-frey.de\/wp-content\/uploads\/2020\/04\/MozartM\u00fczik_16-1024x683.jpg\" alt=\"\" data-id=\"658\" data-link=\"http:\/\/susanne-frey.de\/?attachment_id=658\" class=\"wp-image-658\" srcset=\"http:\/\/susanne-frey.de\/wp-content\/uploads\/2020\/04\/MozartM\u00fczik_16-1024x683.jpg 1024w, http:\/\/susanne-frey.de\/wp-content\/uploads\/2020\/04\/MozartM\u00fczik_16-300x200.jpg 300w, http:\/\/susanne-frey.de\/wp-content\/uploads\/2020\/04\/MozartM\u00fczik_16-768x512.jpg 768w, http:\/\/susanne-frey.de\/wp-content\/uploads\/2020\/04\/MozartM\u00fczik_16.jpg 1200w\" sizes=\"(max-width: 706px) 89vw, (max-width: 767px) 82vw, 740px\" \/><\/div><div class=\"logo-slider-item\"><img loading=\"lazy\" width=\"1024\" height=\"683\" src=\"http:\/\/susanne-frey.de\/wp-content\/uploads\/2020\/04\/MozartM\u00fczik_19-1024x683.jpg\" alt=\"\" data-id=\"661\" data-link=\"http:\/\/susanne-frey.de\/?attachment_id=661\" class=\"wp-image-661\" srcset=\"http:\/\/susanne-frey.de\/wp-content\/uploads\/2020\/04\/MozartM\u00fczik_19-1024x683.jpg 1024w, http:\/\/susanne-frey.de\/wp-content\/uploads\/2020\/04\/MozartM\u00fczik_19-300x200.jpg 300w, http:\/\/susanne-frey.de\/wp-content\/uploads\/2020\/04\/MozartM\u00fczik_19-768x512.jpg 768w, http:\/\/susanne-frey.de\/wp-content\/uploads\/2020\/04\/MozartM\u00fczik_19.jpg 1200w\" sizes=\"(max-width: 706px) 89vw, (max-width: 767px) 82vw, 740px\" \/><\/div><div class=\"logo-slider-item\"><img loading=\"lazy\" width=\"1024\" height=\"683\" src=\"http:\/\/susanne-frey.de\/wp-content\/uploads\/2020\/04\/MozartM\u00fczik_20-1024x683.jpg\" alt=\"\" data-id=\"662\" data-link=\"http:\/\/susanne-frey.de\/?attachment_id=662\" class=\"wp-image-662\" srcset=\"http:\/\/susanne-frey.de\/wp-content\/uploads\/2020\/04\/MozartM\u00fczik_20-1024x683.jpg 1024w, http:\/\/susanne-frey.de\/wp-content\/uploads\/2020\/04\/MozartM\u00fczik_20-300x200.jpg 300w, http:\/\/susanne-frey.de\/wp-content\/uploads\/2020\/04\/MozartM\u00fczik_20-768x512.jpg 768w, http:\/\/susanne-frey.de\/wp-content\/uploads\/2020\/04\/MozartM\u00fczik_20.jpg 1200w\" sizes=\"(max-width: 706px) 89vw, (max-width: 767px) 82vw, 740px\" \/><\/div><div class=\"logo-slider-item\"><img loading=\"lazy\" width=\"1024\" height=\"683\" src=\"http:\/\/susanne-frey.de\/wp-content\/uploads\/2020\/04\/MozartM\u00fczik_22-1024x683.jpg\" alt=\"\" data-id=\"664\" data-link=\"http:\/\/susanne-frey.de\/?attachment_id=664\" class=\"wp-image-664\" srcset=\"http:\/\/susanne-frey.de\/wp-content\/uploads\/2020\/04\/MozartM\u00fczik_22-1024x683.jpg 1024w, http:\/\/susanne-frey.de\/wp-content\/uploads\/2020\/04\/MozartM\u00fczik_22-300x200.jpg 300w, http:\/\/susanne-frey.de\/wp-content\/uploads\/2020\/04\/MozartM\u00fczik_22-768x512.jpg 768w, http:\/\/susanne-frey.de\/wp-content\/uploads\/2020\/04\/MozartM\u00fczik_22.jpg 1200w\" sizes=\"(max-width: 706px) 89vw, (max-width: 767px) 82vw, 740px\" \/><\/div><div class=\"logo-slider-item\"><img loading=\"lazy\" width=\"1024\" height=\"683\" src=\"http:\/\/susanne-frey.de\/wp-content\/uploads\/2020\/04\/MozartM\u00fczik_21-1024x683.jpg\" alt=\"\" data-id=\"663\" data-link=\"http:\/\/susanne-frey.de\/?attachment_id=663\" class=\"wp-image-663\" srcset=\"http:\/\/susanne-frey.de\/wp-content\/uploads\/2020\/04\/MozartM\u00fczik_21-1024x683.jpg 1024w, http:\/\/susanne-frey.de\/wp-content\/uploads\/2020\/04\/MozartM\u00fczik_21-300x200.jpg 300w, http:\/\/susanne-frey.de\/wp-content\/uploads\/2020\/04\/MozartM\u00fczik_21-768x512.jpg 768w, http:\/\/susanne-frey.de\/wp-content\/uploads\/2020\/04\/MozartM\u00fczik_21.jpg 1200w\" sizes=\"(max-width: 706px) 89vw, (max-width: 767px) 82vw, 740px\" \/><\/div><div class=\"logo-slider-item\"><img loading=\"lazy\" width=\"1024\" height=\"683\" src=\"http:\/\/susanne-frey.de\/wp-content\/uploads\/2020\/04\/MozartM\u00fczik_24-1024x683.jpg\" alt=\"\" data-id=\"666\" data-link=\"http:\/\/susanne-frey.de\/?attachment_id=666\" class=\"wp-image-666\" srcset=\"http:\/\/susanne-frey.de\/wp-content\/uploads\/2020\/04\/MozartM\u00fczik_24-1024x683.jpg 1024w, http:\/\/susanne-frey.de\/wp-content\/uploads\/2020\/04\/MozartM\u00fczik_24-300x200.jpg 300w, http:\/\/susanne-frey.de\/wp-content\/uploads\/2020\/04\/MozartM\u00fczik_24-768x512.jpg 768w, http:\/\/susanne-frey.de\/wp-content\/uploads\/2020\/04\/MozartM\u00fczik_24.jpg 1200w\" sizes=\"(max-width: 706px) 89vw, (max-width: 767px) 82vw, 740px\" \/><\/div><\/div>\n\n\n\n<p><br>Fotos \u00a9 J\u00fcrgen Priebe<\/p>\n\n\n\n<figure class=\"wp-block-embed-youtube wp-block-embed is-type-video is-provider-youtube wp-embed-aspect-4-3 wp-has-aspect-ratio\"><div class=\"wp-block-embed__wrapper\">\n<iframe loading=\"lazy\" title=\"Mozart-M\u00fczik\" width=\"525\" height=\"394\" src=\"https:\/\/www.youtube.com\/embed\/1ihflU4PcTQ?feature=oembed\" frameborder=\"0\" allow=\"accelerometer; autoplay; encrypted-media; gyroscope; picture-in-picture\" allowfullscreen><\/iframe>\n<\/div><\/figure>\n\n\n\n<figure class=\"wp-block-embed-youtube wp-block-embed is-type-video is-provider-youtube wp-embed-aspect-4-3 wp-has-aspect-ratio\"><div class=\"wp-block-embed__wrapper\">\n<iframe loading=\"lazy\" title=\"Mozart.M\u00fczik-ein Hochzeitsfest!\" width=\"525\" height=\"394\" src=\"https:\/\/www.youtube.com\/embed\/dbS-rDG1Z_k?feature=oembed\" frameborder=\"0\" allow=\"accelerometer; autoplay; encrypted-media; gyroscope; picture-in-picture\" allowfullscreen><\/iframe>\n<\/div><\/figure>\n","protected":false},"excerpt":{"rendered":"<p>Mozart.M\u00fczik \u2013 Ein Hochzeitsfest! Musiktheaterprojekt f\u00fcr S\u00e4nger, T\u00e4nzer und Instrumentalisten mit Werken von W.A. Mozart und traditioneller t\u00fcrkischer Musik. Eine Produktion von&nbsp;&lt;voices&gt; e.V.&nbsp;und der Tafelhalle N\u00fcrnberg, realisiert mit der Unterst\u00fctzung des Staatsministeriums f\u00fcr Kultur und Medien. Vorstellungen im Dezember 2006 in der&nbsp;Tafelhalle N\u00fcrnberg&nbsp;und dem&nbsp;Radialsystem V Berlin.&nbsp; Konzeption und Regie: Susanne FreyB\u00fchne: J\u00fcrgen PriebeKost\u00fcme: Andr\u00e9 Schreiber &hellip; <\/p>\n<p class=\"link-more\"><a href=\"http:\/\/susanne-frey.de\/?page_id=80\" class=\"more-link\"><span class=\"screen-reader-text\">\u201eMozart.M\u00fczik\u201c<\/span> weiterlesen<\/a><\/p>\n","protected":false},"author":1,"featured_media":0,"parent":0,"menu_order":0,"comment_status":"closed","ping_status":"closed","template":"","meta":{"ngg_post_thumbnail":0},"_links":{"self":[{"href":"http:\/\/susanne-frey.de\/index.php?rest_route=\/wp\/v2\/pages\/80"}],"collection":[{"href":"http:\/\/susanne-frey.de\/index.php?rest_route=\/wp\/v2\/pages"}],"about":[{"href":"http:\/\/susanne-frey.de\/index.php?rest_route=\/wp\/v2\/types\/page"}],"author":[{"embeddable":true,"href":"http:\/\/susanne-frey.de\/index.php?rest_route=\/wp\/v2\/users\/1"}],"replies":[{"embeddable":true,"href":"http:\/\/susanne-frey.de\/index.php?rest_route=%2Fwp%2Fv2%2Fcomments&post=80"}],"version-history":[{"count":10,"href":"http:\/\/susanne-frey.de\/index.php?rest_route=\/wp\/v2\/pages\/80\/revisions"}],"predecessor-version":[{"id":867,"href":"http:\/\/susanne-frey.de\/index.php?rest_route=\/wp\/v2\/pages\/80\/revisions\/867"}],"wp:attachment":[{"href":"http:\/\/susanne-frey.de\/index.php?rest_route=%2Fwp%2Fv2%2Fmedia&parent=80"}],"curies":[{"name":"wp","href":"https:\/\/api.w.org\/{rel}","templated":true}]}}