{"id":74,"date":"2020-02-23T16:01:19","date_gmt":"2020-02-23T16:01:19","guid":{"rendered":"http:\/\/susanne-frey.de\/?page_id=74"},"modified":"2022-08-26T19:45:17","modified_gmt":"2022-08-26T19:45:17","slug":"voix-dexil","status":"publish","type":"page","link":"http:\/\/susanne-frey.de\/?page_id=74","title":{"rendered":"Voix d&#8217;exil"},"content":{"rendered":"\n<p>Voix d&#8217;exil<br>Eine Cabaret-Oper mit Musik von Kurt Weill und Norbert Glanzberg. <a href=\"https:\/\/www.operanomade.org\" target=\"_blank\" rel=\"noreferrer noopener\">Op\u00e9ra Nomade<\/a>, Paris. Premiere am 28. Oktober 2005, Les G\u00e9meaux. Sc\u00e8ne Nationale, Sceaux\/Paris. Gastspiele in Albi (L\u2019Athanor), V\u00e9lizy (L\u2019Onde), Paris (Th\u00e9\u00e2tre Dejazet), Montoire (Th\u00e9\u00e2tre Le Silo).&nbsp;<\/p>\n\n\n\n<p>Musikalische Leitung: Amaury du Closel<br>Inszenierung: Susanne Frey<br>Ausstattung: Madeleine H\u00fcmer<br>mit Florence Guignolet, S\u00e9bastien Lagrave, Thierry Cantero, Matthieu de Laubier, Jean-Jacques David, L\u00e9onard Rainis und der Camerata nomade.&nbsp;<\/p>\n\n\n\n<p>Der Hintergrund von Flucht und Exil stellt die Verbindung dar zwischen den gegens\u00e4tzlichen Welten von Kurt Weills Marie Galante und Norbert Glanzbergs Holocaust Songs. Beiden Komponisten ist die Erfahrung der Entwurzelung und der Notwendigkeit gemeinsam, eine neue musikalische Sprache zu finden um sich in der Fremde verst\u00e4ndlich zu machen und sich eine neue Existenz zu schaffen. Und beide w\u00e4hlten als erste Station Paris, die Stadt der Hoffnung, Anlaufstelle f\u00fcr viele j\u00fcdische Musiker und Intellektuelle, die hier meist unter Inkaufnahme vieler Kompromisse und oft materieller Not von Neuem beginnen mussten.&nbsp;<\/p>\n\n\n\n<div class=\"wp-block-glsb-gosign-logo-slider-block gosign-logo-slider\" data-slick=\"{&quot;dots&quot;:false,&quot;infinite&quot;:true,&quot;arrows&quot;:false,&quot;speed&quot;:800,&quot;slidesToShow&quot;:1,&quot;slidesToScroll&quot;:1,&quot;autoplay&quot;:true,&quot;autoplaySpeed&quot;:2500,&quot;gosignAllowLinkOnImages&quot;:false}\"><div class=\"logo-slider-item\"><img loading=\"lazy\" width=\"1024\" height=\"683\" src=\"http:\/\/susanne-frey.de\/wp-content\/uploads\/2020\/04\/Voix-dexil_1-1024x683.jpg\" alt=\"\" data-id=\"671\" data-link=\"http:\/\/susanne-frey.de\/?attachment_id=671\" class=\"wp-image-671\" srcset=\"http:\/\/susanne-frey.de\/wp-content\/uploads\/2020\/04\/Voix-dexil_1-1024x683.jpg 1024w, http:\/\/susanne-frey.de\/wp-content\/uploads\/2020\/04\/Voix-dexil_1-300x200.jpg 300w, http:\/\/susanne-frey.de\/wp-content\/uploads\/2020\/04\/Voix-dexil_1-768x512.jpg 768w, http:\/\/susanne-frey.de\/wp-content\/uploads\/2020\/04\/Voix-dexil_1.jpg 1200w\" sizes=\"(max-width: 706px) 89vw, (max-width: 767px) 82vw, 740px\" \/><\/div><div class=\"logo-slider-item\"><img loading=\"lazy\" width=\"1024\" height=\"683\" src=\"http:\/\/susanne-frey.de\/wp-content\/uploads\/2020\/04\/Voix-dexil_2-1024x683.jpg\" alt=\"\" data-id=\"672\" data-link=\"http:\/\/susanne-frey.de\/?attachment_id=672\" class=\"wp-image-672\" srcset=\"http:\/\/susanne-frey.de\/wp-content\/uploads\/2020\/04\/Voix-dexil_2-1024x683.jpg 1024w, http:\/\/susanne-frey.de\/wp-content\/uploads\/2020\/04\/Voix-dexil_2-300x200.jpg 300w, http:\/\/susanne-frey.de\/wp-content\/uploads\/2020\/04\/Voix-dexil_2-768x512.jpg 768w, http:\/\/susanne-frey.de\/wp-content\/uploads\/2020\/04\/Voix-dexil_2.jpg 1200w\" sizes=\"(max-width: 706px) 89vw, (max-width: 767px) 82vw, 740px\" \/><\/div><div class=\"logo-slider-item\"><img loading=\"lazy\" width=\"1024\" height=\"683\" src=\"http:\/\/susanne-frey.de\/wp-content\/uploads\/2020\/04\/Voix-dexil_3-1024x683.jpg\" alt=\"\" data-id=\"673\" data-link=\"http:\/\/susanne-frey.de\/?attachment_id=673\" class=\"wp-image-673\" srcset=\"http:\/\/susanne-frey.de\/wp-content\/uploads\/2020\/04\/Voix-dexil_3-1024x683.jpg 1024w, http:\/\/susanne-frey.de\/wp-content\/uploads\/2020\/04\/Voix-dexil_3-300x200.jpg 300w, http:\/\/susanne-frey.de\/wp-content\/uploads\/2020\/04\/Voix-dexil_3-768x512.jpg 768w, http:\/\/susanne-frey.de\/wp-content\/uploads\/2020\/04\/Voix-dexil_3.jpg 1200w\" sizes=\"(max-width: 706px) 89vw, (max-width: 767px) 82vw, 740px\" \/><\/div><div class=\"logo-slider-item\"><img loading=\"lazy\" width=\"1024\" height=\"683\" src=\"http:\/\/susanne-frey.de\/wp-content\/uploads\/2020\/04\/Voix-dexil_4-1024x683.jpg\" alt=\"\" data-id=\"674\" data-link=\"http:\/\/susanne-frey.de\/?attachment_id=674\" class=\"wp-image-674\" srcset=\"http:\/\/susanne-frey.de\/wp-content\/uploads\/2020\/04\/Voix-dexil_4-1024x683.jpg 1024w, http:\/\/susanne-frey.de\/wp-content\/uploads\/2020\/04\/Voix-dexil_4-300x200.jpg 300w, http:\/\/susanne-frey.de\/wp-content\/uploads\/2020\/04\/Voix-dexil_4-768x512.jpg 768w, http:\/\/susanne-frey.de\/wp-content\/uploads\/2020\/04\/Voix-dexil_4.jpg 1200w\" sizes=\"(max-width: 706px) 89vw, (max-width: 767px) 82vw, 740px\" \/><\/div><div class=\"logo-slider-item\"><img loading=\"lazy\" width=\"1024\" height=\"683\" src=\"http:\/\/susanne-frey.de\/wp-content\/uploads\/2020\/04\/Voix-dexil_5-1024x683.jpg\" alt=\"\" data-id=\"675\" data-link=\"http:\/\/susanne-frey.de\/?attachment_id=675\" class=\"wp-image-675\" srcset=\"http:\/\/susanne-frey.de\/wp-content\/uploads\/2020\/04\/Voix-dexil_5-1024x683.jpg 1024w, http:\/\/susanne-frey.de\/wp-content\/uploads\/2020\/04\/Voix-dexil_5-300x200.jpg 300w, http:\/\/susanne-frey.de\/wp-content\/uploads\/2020\/04\/Voix-dexil_5-768x512.jpg 768w, http:\/\/susanne-frey.de\/wp-content\/uploads\/2020\/04\/Voix-dexil_5.jpg 1200w\" sizes=\"(max-width: 706px) 89vw, (max-width: 767px) 82vw, 740px\" \/><\/div><div class=\"logo-slider-item\"><img loading=\"lazy\" width=\"1024\" height=\"683\" src=\"http:\/\/susanne-frey.de\/wp-content\/uploads\/2020\/04\/Voix-dexil_6-1024x683.jpg\" alt=\"\" data-id=\"676\" data-link=\"http:\/\/susanne-frey.de\/?attachment_id=676\" class=\"wp-image-676\" srcset=\"http:\/\/susanne-frey.de\/wp-content\/uploads\/2020\/04\/Voix-dexil_6-1024x683.jpg 1024w, http:\/\/susanne-frey.de\/wp-content\/uploads\/2020\/04\/Voix-dexil_6-300x200.jpg 300w, http:\/\/susanne-frey.de\/wp-content\/uploads\/2020\/04\/Voix-dexil_6-768x512.jpg 768w, http:\/\/susanne-frey.de\/wp-content\/uploads\/2020\/04\/Voix-dexil_6.jpg 1200w\" sizes=\"(max-width: 706px) 89vw, (max-width: 767px) 82vw, 740px\" \/><\/div><div class=\"logo-slider-item\"><img loading=\"lazy\" width=\"1024\" height=\"683\" src=\"http:\/\/susanne-frey.de\/wp-content\/uploads\/2020\/04\/Voix-dexil_7-1024x683.jpg\" alt=\"\" data-id=\"677\" data-link=\"http:\/\/susanne-frey.de\/?attachment_id=677\" class=\"wp-image-677\" srcset=\"http:\/\/susanne-frey.de\/wp-content\/uploads\/2020\/04\/Voix-dexil_7-1024x683.jpg 1024w, http:\/\/susanne-frey.de\/wp-content\/uploads\/2020\/04\/Voix-dexil_7-300x200.jpg 300w, http:\/\/susanne-frey.de\/wp-content\/uploads\/2020\/04\/Voix-dexil_7-768x512.jpg 768w, http:\/\/susanne-frey.de\/wp-content\/uploads\/2020\/04\/Voix-dexil_7.jpg 1200w\" sizes=\"(max-width: 706px) 89vw, (max-width: 767px) 82vw, 740px\" \/><\/div><div class=\"logo-slider-item\"><img loading=\"lazy\" width=\"1024\" height=\"683\" src=\"http:\/\/susanne-frey.de\/wp-content\/uploads\/2020\/04\/Voix-dexil_8-1024x683.jpg\" alt=\"\" data-id=\"678\" data-link=\"http:\/\/susanne-frey.de\/?attachment_id=678\" class=\"wp-image-678\" srcset=\"http:\/\/susanne-frey.de\/wp-content\/uploads\/2020\/04\/Voix-dexil_8-1024x683.jpg 1024w, http:\/\/susanne-frey.de\/wp-content\/uploads\/2020\/04\/Voix-dexil_8-300x200.jpg 300w, http:\/\/susanne-frey.de\/wp-content\/uploads\/2020\/04\/Voix-dexil_8-768x512.jpg 768w, http:\/\/susanne-frey.de\/wp-content\/uploads\/2020\/04\/Voix-dexil_8.jpg 1200w\" sizes=\"(max-width: 706px) 89vw, (max-width: 767px) 82vw, 740px\" \/><\/div><div class=\"logo-slider-item\"><img loading=\"lazy\" width=\"1024\" height=\"683\" src=\"http:\/\/susanne-frey.de\/wp-content\/uploads\/2020\/04\/Voix-dexil_9-1024x683.jpg\" alt=\"\" data-id=\"679\" data-link=\"http:\/\/susanne-frey.de\/?attachment_id=679\" class=\"wp-image-679\" srcset=\"http:\/\/susanne-frey.de\/wp-content\/uploads\/2020\/04\/Voix-dexil_9-1024x683.jpg 1024w, http:\/\/susanne-frey.de\/wp-content\/uploads\/2020\/04\/Voix-dexil_9-300x200.jpg 300w, http:\/\/susanne-frey.de\/wp-content\/uploads\/2020\/04\/Voix-dexil_9-768x512.jpg 768w, http:\/\/susanne-frey.de\/wp-content\/uploads\/2020\/04\/Voix-dexil_9.jpg 1200w\" sizes=\"(max-width: 706px) 89vw, (max-width: 767px) 82vw, 740px\" \/><\/div><div class=\"logo-slider-item\"><img loading=\"lazy\" width=\"1024\" height=\"683\" src=\"http:\/\/susanne-frey.de\/wp-content\/uploads\/2020\/04\/Voix-dexil_10-1024x683.jpg\" alt=\"\" data-id=\"680\" data-link=\"http:\/\/susanne-frey.de\/?attachment_id=680\" class=\"wp-image-680\" srcset=\"http:\/\/susanne-frey.de\/wp-content\/uploads\/2020\/04\/Voix-dexil_10-1024x683.jpg 1024w, http:\/\/susanne-frey.de\/wp-content\/uploads\/2020\/04\/Voix-dexil_10-300x200.jpg 300w, http:\/\/susanne-frey.de\/wp-content\/uploads\/2020\/04\/Voix-dexil_10-768x512.jpg 768w, http:\/\/susanne-frey.de\/wp-content\/uploads\/2020\/04\/Voix-dexil_10.jpg 1200w\" sizes=\"(max-width: 706px) 89vw, (max-width: 767px) 82vw, 740px\" \/><\/div><div class=\"logo-slider-item\"><img loading=\"lazy\" width=\"1024\" height=\"683\" src=\"http:\/\/susanne-frey.de\/wp-content\/uploads\/2020\/04\/Voix-dexil_11-1024x683.jpg\" alt=\"\" data-id=\"681\" data-link=\"http:\/\/susanne-frey.de\/?attachment_id=681\" class=\"wp-image-681\" srcset=\"http:\/\/susanne-frey.de\/wp-content\/uploads\/2020\/04\/Voix-dexil_11-1024x683.jpg 1024w, http:\/\/susanne-frey.de\/wp-content\/uploads\/2020\/04\/Voix-dexil_11-300x200.jpg 300w, http:\/\/susanne-frey.de\/wp-content\/uploads\/2020\/04\/Voix-dexil_11-768x512.jpg 768w, http:\/\/susanne-frey.de\/wp-content\/uploads\/2020\/04\/Voix-dexil_11.jpg 1200w\" sizes=\"(max-width: 706px) 89vw, (max-width: 767px) 82vw, 740px\" \/><\/div><div class=\"logo-slider-item\"><img loading=\"lazy\" width=\"1024\" height=\"683\" src=\"http:\/\/susanne-frey.de\/wp-content\/uploads\/2020\/04\/Voix-dexil_12-1024x683.jpg\" alt=\"\" data-id=\"682\" data-link=\"http:\/\/susanne-frey.de\/?attachment_id=682\" class=\"wp-image-682\" srcset=\"http:\/\/susanne-frey.de\/wp-content\/uploads\/2020\/04\/Voix-dexil_12-1024x683.jpg 1024w, http:\/\/susanne-frey.de\/wp-content\/uploads\/2020\/04\/Voix-dexil_12-300x200.jpg 300w, http:\/\/susanne-frey.de\/wp-content\/uploads\/2020\/04\/Voix-dexil_12-768x512.jpg 768w, http:\/\/susanne-frey.de\/wp-content\/uploads\/2020\/04\/Voix-dexil_12.jpg 1200w\" sizes=\"(max-width: 706px) 89vw, (max-width: 767px) 82vw, 740px\" \/><\/div><div class=\"logo-slider-item\"><img loading=\"lazy\" width=\"1024\" height=\"683\" src=\"http:\/\/susanne-frey.de\/wp-content\/uploads\/2020\/04\/Voix-dexil_13-1024x683.jpg\" alt=\"\" data-id=\"683\" data-link=\"http:\/\/susanne-frey.de\/?attachment_id=683\" class=\"wp-image-683\" srcset=\"http:\/\/susanne-frey.de\/wp-content\/uploads\/2020\/04\/Voix-dexil_13-1024x683.jpg 1024w, http:\/\/susanne-frey.de\/wp-content\/uploads\/2020\/04\/Voix-dexil_13-300x200.jpg 300w, http:\/\/susanne-frey.de\/wp-content\/uploads\/2020\/04\/Voix-dexil_13-768x512.jpg 768w, http:\/\/susanne-frey.de\/wp-content\/uploads\/2020\/04\/Voix-dexil_13.jpg 1200w\" sizes=\"(max-width: 706px) 89vw, (max-width: 767px) 82vw, 740px\" \/><\/div><div class=\"logo-slider-item\"><img loading=\"lazy\" width=\"1024\" height=\"683\" src=\"http:\/\/susanne-frey.de\/wp-content\/uploads\/2020\/04\/Voix-dexil_14-1024x683.jpg\" alt=\"\" data-id=\"684\" data-link=\"http:\/\/susanne-frey.de\/?attachment_id=684\" class=\"wp-image-684\" srcset=\"http:\/\/susanne-frey.de\/wp-content\/uploads\/2020\/04\/Voix-dexil_14-1024x683.jpg 1024w, http:\/\/susanne-frey.de\/wp-content\/uploads\/2020\/04\/Voix-dexil_14-300x200.jpg 300w, http:\/\/susanne-frey.de\/wp-content\/uploads\/2020\/04\/Voix-dexil_14-768x512.jpg 768w, http:\/\/susanne-frey.de\/wp-content\/uploads\/2020\/04\/Voix-dexil_14.jpg 1200w\" sizes=\"(max-width: 706px) 89vw, (max-width: 767px) 82vw, 740px\" \/><\/div><div class=\"logo-slider-item\"><img loading=\"lazy\" width=\"1024\" height=\"683\" src=\"http:\/\/susanne-frey.de\/wp-content\/uploads\/2020\/04\/Voix-dexil_16-1024x683.jpg\" alt=\"\" data-id=\"685\" data-link=\"http:\/\/susanne-frey.de\/?attachment_id=685\" class=\"wp-image-685\" srcset=\"http:\/\/susanne-frey.de\/wp-content\/uploads\/2020\/04\/Voix-dexil_16-1024x683.jpg 1024w, http:\/\/susanne-frey.de\/wp-content\/uploads\/2020\/04\/Voix-dexil_16-300x200.jpg 300w, http:\/\/susanne-frey.de\/wp-content\/uploads\/2020\/04\/Voix-dexil_16-768x512.jpg 768w, http:\/\/susanne-frey.de\/wp-content\/uploads\/2020\/04\/Voix-dexil_16.jpg 1200w\" sizes=\"(max-width: 706px) 89vw, (max-width: 767px) 82vw, 740px\" \/><\/div><div class=\"logo-slider-item\"><img loading=\"lazy\" width=\"1024\" height=\"683\" src=\"http:\/\/susanne-frey.de\/wp-content\/uploads\/2020\/04\/Voix-dexil_17-1024x683.jpg\" alt=\"\" data-id=\"686\" data-link=\"http:\/\/susanne-frey.de\/?attachment_id=686\" class=\"wp-image-686\" srcset=\"http:\/\/susanne-frey.de\/wp-content\/uploads\/2020\/04\/Voix-dexil_17-1024x683.jpg 1024w, http:\/\/susanne-frey.de\/wp-content\/uploads\/2020\/04\/Voix-dexil_17-300x200.jpg 300w, http:\/\/susanne-frey.de\/wp-content\/uploads\/2020\/04\/Voix-dexil_17-768x512.jpg 768w, http:\/\/susanne-frey.de\/wp-content\/uploads\/2020\/04\/Voix-dexil_17.jpg 1200w\" sizes=\"(max-width: 706px) 89vw, (max-width: 767px) 82vw, 740px\" \/><\/div><div class=\"logo-slider-item\"><img loading=\"lazy\" width=\"1024\" height=\"683\" src=\"http:\/\/susanne-frey.de\/wp-content\/uploads\/2020\/04\/Voix-dexil_18-1024x683.jpg\" alt=\"\" data-id=\"687\" data-link=\"http:\/\/susanne-frey.de\/?attachment_id=687\" class=\"wp-image-687\" srcset=\"http:\/\/susanne-frey.de\/wp-content\/uploads\/2020\/04\/Voix-dexil_18-1024x683.jpg 1024w, http:\/\/susanne-frey.de\/wp-content\/uploads\/2020\/04\/Voix-dexil_18-300x200.jpg 300w, http:\/\/susanne-frey.de\/wp-content\/uploads\/2020\/04\/Voix-dexil_18-768x512.jpg 768w, http:\/\/susanne-frey.de\/wp-content\/uploads\/2020\/04\/Voix-dexil_18.jpg 1200w\" sizes=\"(max-width: 706px) 89vw, (max-width: 767px) 82vw, 740px\" \/><\/div><div class=\"logo-slider-item\"><img loading=\"lazy\" width=\"1024\" height=\"683\" src=\"http:\/\/susanne-frey.de\/wp-content\/uploads\/2020\/04\/Voix-dexil_19-1024x683.jpg\" alt=\"\" data-id=\"688\" data-link=\"http:\/\/susanne-frey.de\/?attachment_id=688\" class=\"wp-image-688\" srcset=\"http:\/\/susanne-frey.de\/wp-content\/uploads\/2020\/04\/Voix-dexil_19-1024x683.jpg 1024w, http:\/\/susanne-frey.de\/wp-content\/uploads\/2020\/04\/Voix-dexil_19-300x200.jpg 300w, http:\/\/susanne-frey.de\/wp-content\/uploads\/2020\/04\/Voix-dexil_19-768x512.jpg 768w, http:\/\/susanne-frey.de\/wp-content\/uploads\/2020\/04\/Voix-dexil_19.jpg 1200w\" sizes=\"(max-width: 706px) 89vw, (max-width: 767px) 82vw, 740px\" \/><\/div><\/div>\n\n\n\n<p><br>Fotos \u00a9 Madeleine H\u00fcmer<\/p>\n\n\n\n<p>Da die Erfahrung des Exils und der Umgang damit die Grundlage des St\u00fcckes bildet, gibt es die getanzte Figur des \u201eKomponisten im Exil\u201c. Er tr\u00e4gt weder die Z\u00fcge Weills noch die Glanzbergs, sondern stellt eine Art Prototyp dar. Die Musik wie auch die Cabaret &#8211; Figuren entspringen seiner Imagination, sind Abbild seiner Tr\u00e4ume und Alptr\u00e4ume, Ergebnis von Verdr\u00e4ngung und Auseinandersetzung mit dem eigenen Schicksal und dem der Heimat. Als solche bekommen sie ein Eigenleben. Wie die beiden musikalischen Werke haben auch sie eine vers\u00f6hnliche, liebliche und eine schauerliche, bedrohliche Seite. So entsteht ein Kaleidoskop aus Cabaret &#8211; Situationen vor dem Hintergrund der historischen Umst\u00e4nde und ihren psychologischen Auswirkungen f\u00fcr den K\u00fcnstler im Exil.&nbsp;<\/p>\n","protected":false},"excerpt":{"rendered":"<p>Voix d&#8217;exilEine Cabaret-Oper mit Musik von Kurt Weill und Norbert Glanzberg. Op\u00e9ra Nomade, Paris. Premiere am 28. Oktober 2005, Les G\u00e9meaux. Sc\u00e8ne Nationale, Sceaux\/Paris. Gastspiele in Albi (L\u2019Athanor), V\u00e9lizy (L\u2019Onde), Paris (Th\u00e9\u00e2tre Dejazet), Montoire (Th\u00e9\u00e2tre Le Silo).&nbsp; Musikalische Leitung: Amaury du CloselInszenierung: Susanne FreyAusstattung: Madeleine H\u00fcmermit Florence Guignolet, S\u00e9bastien Lagrave, Thierry Cantero, Matthieu de Laubier, &hellip; <\/p>\n<p class=\"link-more\"><a href=\"http:\/\/susanne-frey.de\/?page_id=74\" class=\"more-link\"><span class=\"screen-reader-text\">\u201eVoix d&#8217;exil\u201c<\/span> weiterlesen<\/a><\/p>\n","protected":false},"author":1,"featured_media":0,"parent":0,"menu_order":0,"comment_status":"closed","ping_status":"closed","template":"","meta":{"ngg_post_thumbnail":0},"_links":{"self":[{"href":"http:\/\/susanne-frey.de\/index.php?rest_route=\/wp\/v2\/pages\/74"}],"collection":[{"href":"http:\/\/susanne-frey.de\/index.php?rest_route=\/wp\/v2\/pages"}],"about":[{"href":"http:\/\/susanne-frey.de\/index.php?rest_route=\/wp\/v2\/types\/page"}],"author":[{"embeddable":true,"href":"http:\/\/susanne-frey.de\/index.php?rest_route=\/wp\/v2\/users\/1"}],"replies":[{"embeddable":true,"href":"http:\/\/susanne-frey.de\/index.php?rest_route=%2Fwp%2Fv2%2Fcomments&post=74"}],"version-history":[{"count":4,"href":"http:\/\/susanne-frey.de\/index.php?rest_route=\/wp\/v2\/pages\/74\/revisions"}],"predecessor-version":[{"id":868,"href":"http:\/\/susanne-frey.de\/index.php?rest_route=\/wp\/v2\/pages\/74\/revisions\/868"}],"wp:attachment":[{"href":"http:\/\/susanne-frey.de\/index.php?rest_route=%2Fwp%2Fv2%2Fmedia&parent=74"}],"curies":[{"name":"wp","href":"https:\/\/api.w.org\/{rel}","templated":true}]}}