{"id":68,"date":"2020-02-23T15:59:59","date_gmt":"2020-02-23T15:59:59","guid":{"rendered":"http:\/\/susanne-frey.de\/?page_id=68"},"modified":"2020-04-14T19:43:15","modified_gmt":"2020-04-14T19:43:15","slug":"la-voix-die-stimme","status":"publish","type":"page","link":"http:\/\/susanne-frey.de\/?page_id=68","title":{"rendered":"La voix. Die Stimme"},"content":{"rendered":"\n<p>La Vox. Die Stimme<br>Francis Poulenc \u2013 La voix humaine, Ingeborg Bachmann \u2013 Textausz\u00fcge aus Malina. Eine Produktion von&nbsp;<a href=\"file:\/\/\/Users\/macpro\/Desktop\/susanne-frey.de\/2_voices.html\">&lt;voices&gt; e.V.<\/a>&nbsp;in der&nbsp;<a rel=\"noreferrer noopener\" href=\"http:\/\/www.kubiss.de\/kultur\/info\/kuf\/tafelhalle\/eingang.asp\" target=\"_blank\">Tafelhalle N\u00fcrnberg<\/a>. Premiere am 8. Oktober 2004.&nbsp;<\/p>\n\n\n\n<p>Musikalische Leitung: Amaury du Closel<br>Inszenierung: Susanne Frey<br>B\u00fchne: Madeleine H\u00fcmer<br>Kost\u00fcme: Andr\u00e9 Schreiber<br>mit&nbsp;<a rel=\"noreferrer noopener\" href=\"http:\/\/www.frances-pappas.com\/\" target=\"_blank\">Frances Pappas<\/a>&nbsp;(S\u00e4ngerin), Monika Manz (Schauspielerin), Brit Rodemund (T\u00e4nzerin) und dem <a href=\"https:\/\/www.ensemblekontraste.de\" target=\"_blank\" rel=\"noreferrer noopener\">ensembleKONTRASTE<\/a>.&nbsp;<\/p>\n\n\n\n<p>Wie findet man eine Sprache f\u00fcr Unsagbares? Drei Solistinnen nutzen jeweils eine andere Ausdrucksform. Tanz, Gesang und das gesprochene Wort dienen der Interpretation einer vergleichbaren Situation: Das Telefonat mit dem unsichtbaren geliebten Mann.&nbsp;<\/p>\n\n\n\n<div class=\"wp-block-glsb-gosign-logo-slider-block gosign-logo-slider\" data-slick=\"{&quot;dots&quot;:false,&quot;infinite&quot;:true,&quot;arrows&quot;:false,&quot;speed&quot;:800,&quot;slidesToShow&quot;:1,&quot;slidesToScroll&quot;:1,&quot;autoplay&quot;:true,&quot;autoplaySpeed&quot;:2500,&quot;gosignAllowLinkOnImages&quot;:false}\"><div class=\"logo-slider-item\"><img loading=\"lazy\" width=\"1024\" height=\"683\" src=\"http:\/\/susanne-frey.de\/wp-content\/uploads\/2020\/04\/Lavoix_2-1024x683.jpg\" alt=\"\" data-id=\"693\" data-link=\"http:\/\/susanne-frey.de\/?attachment_id=693\" class=\"wp-image-693\" srcset=\"http:\/\/susanne-frey.de\/wp-content\/uploads\/2020\/04\/Lavoix_2-1024x683.jpg 1024w, http:\/\/susanne-frey.de\/wp-content\/uploads\/2020\/04\/Lavoix_2-300x200.jpg 300w, http:\/\/susanne-frey.de\/wp-content\/uploads\/2020\/04\/Lavoix_2-768x512.jpg 768w, http:\/\/susanne-frey.de\/wp-content\/uploads\/2020\/04\/Lavoix_2.jpg 1200w\" sizes=\"(max-width: 706px) 89vw, (max-width: 767px) 82vw, 740px\" \/><\/div><div class=\"logo-slider-item\"><img loading=\"lazy\" width=\"1024\" height=\"683\" src=\"http:\/\/susanne-frey.de\/wp-content\/uploads\/2020\/04\/Lavoix_1-1024x683.jpg\" alt=\"\" data-id=\"692\" data-link=\"http:\/\/susanne-frey.de\/?attachment_id=692\" class=\"wp-image-692\" srcset=\"http:\/\/susanne-frey.de\/wp-content\/uploads\/2020\/04\/Lavoix_1-1024x683.jpg 1024w, http:\/\/susanne-frey.de\/wp-content\/uploads\/2020\/04\/Lavoix_1-300x200.jpg 300w, http:\/\/susanne-frey.de\/wp-content\/uploads\/2020\/04\/Lavoix_1-768x512.jpg 768w, http:\/\/susanne-frey.de\/wp-content\/uploads\/2020\/04\/Lavoix_1.jpg 1200w\" sizes=\"(max-width: 706px) 89vw, (max-width: 767px) 82vw, 740px\" \/><\/div><div class=\"logo-slider-item\"><img loading=\"lazy\" width=\"1024\" height=\"683\" src=\"http:\/\/susanne-frey.de\/wp-content\/uploads\/2020\/04\/Lavoix_21-1024x683.jpg\" alt=\"\" data-id=\"709\" data-link=\"http:\/\/susanne-frey.de\/?attachment_id=709\" class=\"wp-image-709\" srcset=\"http:\/\/susanne-frey.de\/wp-content\/uploads\/2020\/04\/Lavoix_21-1024x683.jpg 1024w, http:\/\/susanne-frey.de\/wp-content\/uploads\/2020\/04\/Lavoix_21-300x200.jpg 300w, http:\/\/susanne-frey.de\/wp-content\/uploads\/2020\/04\/Lavoix_21-768x512.jpg 768w, http:\/\/susanne-frey.de\/wp-content\/uploads\/2020\/04\/Lavoix_21.jpg 1200w\" sizes=\"(max-width: 706px) 89vw, (max-width: 767px) 82vw, 740px\" \/><\/div><div class=\"logo-slider-item\"><img loading=\"lazy\" width=\"1024\" height=\"683\" src=\"http:\/\/susanne-frey.de\/wp-content\/uploads\/2020\/04\/Lavoix_7-1024x683.jpg\" alt=\"\" data-id=\"698\" data-link=\"http:\/\/susanne-frey.de\/?attachment_id=698\" class=\"wp-image-698\" srcset=\"http:\/\/susanne-frey.de\/wp-content\/uploads\/2020\/04\/Lavoix_7-1024x683.jpg 1024w, http:\/\/susanne-frey.de\/wp-content\/uploads\/2020\/04\/Lavoix_7-300x200.jpg 300w, http:\/\/susanne-frey.de\/wp-content\/uploads\/2020\/04\/Lavoix_7-768x512.jpg 768w, http:\/\/susanne-frey.de\/wp-content\/uploads\/2020\/04\/Lavoix_7.jpg 1200w\" sizes=\"(max-width: 706px) 89vw, (max-width: 767px) 82vw, 740px\" \/><\/div><div class=\"logo-slider-item\"><img loading=\"lazy\" width=\"1024\" height=\"683\" src=\"http:\/\/susanne-frey.de\/wp-content\/uploads\/2020\/04\/Lavoix_8-1024x683.jpg\" alt=\"\" data-id=\"699\" data-link=\"http:\/\/susanne-frey.de\/?attachment_id=699\" class=\"wp-image-699\" srcset=\"http:\/\/susanne-frey.de\/wp-content\/uploads\/2020\/04\/Lavoix_8-1024x683.jpg 1024w, http:\/\/susanne-frey.de\/wp-content\/uploads\/2020\/04\/Lavoix_8-300x200.jpg 300w, http:\/\/susanne-frey.de\/wp-content\/uploads\/2020\/04\/Lavoix_8-768x512.jpg 768w, http:\/\/susanne-frey.de\/wp-content\/uploads\/2020\/04\/Lavoix_8.jpg 1200w\" sizes=\"(max-width: 706px) 89vw, (max-width: 767px) 82vw, 740px\" \/><\/div><div class=\"logo-slider-item\"><img loading=\"lazy\" width=\"1024\" height=\"683\" src=\"http:\/\/susanne-frey.de\/wp-content\/uploads\/2020\/04\/Lavoix_3-1024x683.jpg\" alt=\"\" data-id=\"694\" data-link=\"http:\/\/susanne-frey.de\/?attachment_id=694\" class=\"wp-image-694\" srcset=\"http:\/\/susanne-frey.de\/wp-content\/uploads\/2020\/04\/Lavoix_3-1024x683.jpg 1024w, http:\/\/susanne-frey.de\/wp-content\/uploads\/2020\/04\/Lavoix_3-300x200.jpg 300w, http:\/\/susanne-frey.de\/wp-content\/uploads\/2020\/04\/Lavoix_3-768x512.jpg 768w, http:\/\/susanne-frey.de\/wp-content\/uploads\/2020\/04\/Lavoix_3.jpg 1200w\" sizes=\"(max-width: 706px) 89vw, (max-width: 767px) 82vw, 740px\" \/><\/div><div class=\"logo-slider-item\"><img loading=\"lazy\" width=\"1024\" height=\"683\" src=\"http:\/\/susanne-frey.de\/wp-content\/uploads\/2020\/04\/Lavoix_12-1024x683.jpg\" alt=\"\" data-id=\"702\" data-link=\"http:\/\/susanne-frey.de\/?attachment_id=702\" class=\"wp-image-702\" srcset=\"http:\/\/susanne-frey.de\/wp-content\/uploads\/2020\/04\/Lavoix_12-1024x683.jpg 1024w, http:\/\/susanne-frey.de\/wp-content\/uploads\/2020\/04\/Lavoix_12-300x200.jpg 300w, http:\/\/susanne-frey.de\/wp-content\/uploads\/2020\/04\/Lavoix_12-768x512.jpg 768w, http:\/\/susanne-frey.de\/wp-content\/uploads\/2020\/04\/Lavoix_12.jpg 1200w\" sizes=\"(max-width: 706px) 89vw, (max-width: 767px) 82vw, 740px\" \/><\/div><div class=\"logo-slider-item\"><img loading=\"lazy\" width=\"1024\" height=\"683\" src=\"http:\/\/susanne-frey.de\/wp-content\/uploads\/2020\/04\/Lavoix_9-1024x683.jpg\" alt=\"\" data-id=\"700\" data-link=\"http:\/\/susanne-frey.de\/?attachment_id=700\" class=\"wp-image-700\" srcset=\"http:\/\/susanne-frey.de\/wp-content\/uploads\/2020\/04\/Lavoix_9-1024x683.jpg 1024w, http:\/\/susanne-frey.de\/wp-content\/uploads\/2020\/04\/Lavoix_9-300x200.jpg 300w, http:\/\/susanne-frey.de\/wp-content\/uploads\/2020\/04\/Lavoix_9-768x512.jpg 768w, http:\/\/susanne-frey.de\/wp-content\/uploads\/2020\/04\/Lavoix_9.jpg 1200w\" sizes=\"(max-width: 706px) 89vw, (max-width: 767px) 82vw, 740px\" \/><\/div><div class=\"logo-slider-item\"><img loading=\"lazy\" width=\"1024\" height=\"683\" src=\"http:\/\/susanne-frey.de\/wp-content\/uploads\/2020\/04\/Lavoix_6-1024x683.jpg\" alt=\"\" data-id=\"697\" data-link=\"http:\/\/susanne-frey.de\/?attachment_id=697\" class=\"wp-image-697\" srcset=\"http:\/\/susanne-frey.de\/wp-content\/uploads\/2020\/04\/Lavoix_6-1024x683.jpg 1024w, http:\/\/susanne-frey.de\/wp-content\/uploads\/2020\/04\/Lavoix_6-300x200.jpg 300w, http:\/\/susanne-frey.de\/wp-content\/uploads\/2020\/04\/Lavoix_6-768x512.jpg 768w, http:\/\/susanne-frey.de\/wp-content\/uploads\/2020\/04\/Lavoix_6.jpg 1200w\" sizes=\"(max-width: 706px) 89vw, (max-width: 767px) 82vw, 740px\" \/><\/div><div class=\"logo-slider-item\"><img loading=\"lazy\" width=\"1024\" height=\"683\" src=\"http:\/\/susanne-frey.de\/wp-content\/uploads\/2020\/04\/Lavoix_5-1024x683.jpg\" alt=\"\" data-id=\"696\" data-link=\"http:\/\/susanne-frey.de\/?attachment_id=696\" class=\"wp-image-696\" srcset=\"http:\/\/susanne-frey.de\/wp-content\/uploads\/2020\/04\/Lavoix_5-1024x683.jpg 1024w, http:\/\/susanne-frey.de\/wp-content\/uploads\/2020\/04\/Lavoix_5-300x200.jpg 300w, http:\/\/susanne-frey.de\/wp-content\/uploads\/2020\/04\/Lavoix_5-768x512.jpg 768w, http:\/\/susanne-frey.de\/wp-content\/uploads\/2020\/04\/Lavoix_5.jpg 1200w\" sizes=\"(max-width: 706px) 89vw, (max-width: 767px) 82vw, 740px\" \/><\/div><div class=\"logo-slider-item\"><img loading=\"lazy\" width=\"1024\" height=\"683\" src=\"http:\/\/susanne-frey.de\/wp-content\/uploads\/2020\/04\/Lavoix_4-1024x683.jpg\" alt=\"\" data-id=\"695\" data-link=\"http:\/\/susanne-frey.de\/?attachment_id=695\" class=\"wp-image-695\" srcset=\"http:\/\/susanne-frey.de\/wp-content\/uploads\/2020\/04\/Lavoix_4-1024x683.jpg 1024w, http:\/\/susanne-frey.de\/wp-content\/uploads\/2020\/04\/Lavoix_4-300x200.jpg 300w, http:\/\/susanne-frey.de\/wp-content\/uploads\/2020\/04\/Lavoix_4-768x512.jpg 768w, http:\/\/susanne-frey.de\/wp-content\/uploads\/2020\/04\/Lavoix_4.jpg 1200w\" sizes=\"(max-width: 706px) 89vw, (max-width: 767px) 82vw, 740px\" \/><\/div><div class=\"logo-slider-item\"><img loading=\"lazy\" width=\"1024\" height=\"683\" src=\"http:\/\/susanne-frey.de\/wp-content\/uploads\/2020\/04\/Lavoix_10-1024x683.jpg\" alt=\"\" data-id=\"701\" data-link=\"http:\/\/susanne-frey.de\/?attachment_id=701\" class=\"wp-image-701\" srcset=\"http:\/\/susanne-frey.de\/wp-content\/uploads\/2020\/04\/Lavoix_10-1024x683.jpg 1024w, http:\/\/susanne-frey.de\/wp-content\/uploads\/2020\/04\/Lavoix_10-300x200.jpg 300w, http:\/\/susanne-frey.de\/wp-content\/uploads\/2020\/04\/Lavoix_10-768x512.jpg 768w, http:\/\/susanne-frey.de\/wp-content\/uploads\/2020\/04\/Lavoix_10.jpg 1200w\" sizes=\"(max-width: 706px) 89vw, (max-width: 767px) 82vw, 740px\" \/><\/div><div class=\"logo-slider-item\"><img loading=\"lazy\" width=\"1024\" height=\"683\" src=\"http:\/\/susanne-frey.de\/wp-content\/uploads\/2020\/04\/Lavoix_13-1024x683.jpg\" alt=\"\" data-id=\"703\" data-link=\"http:\/\/susanne-frey.de\/?attachment_id=703\" class=\"wp-image-703\" srcset=\"http:\/\/susanne-frey.de\/wp-content\/uploads\/2020\/04\/Lavoix_13-1024x683.jpg 1024w, http:\/\/susanne-frey.de\/wp-content\/uploads\/2020\/04\/Lavoix_13-300x200.jpg 300w, http:\/\/susanne-frey.de\/wp-content\/uploads\/2020\/04\/Lavoix_13-768x512.jpg 768w, http:\/\/susanne-frey.de\/wp-content\/uploads\/2020\/04\/Lavoix_13.jpg 1200w\" sizes=\"(max-width: 706px) 89vw, (max-width: 767px) 82vw, 740px\" \/><\/div><div class=\"logo-slider-item\"><img loading=\"lazy\" width=\"1024\" height=\"683\" src=\"http:\/\/susanne-frey.de\/wp-content\/uploads\/2020\/04\/Lavoix_14-1024x683.jpg\" alt=\"\" data-id=\"704\" data-link=\"http:\/\/susanne-frey.de\/?attachment_id=704\" class=\"wp-image-704\" srcset=\"http:\/\/susanne-frey.de\/wp-content\/uploads\/2020\/04\/Lavoix_14-1024x683.jpg 1024w, http:\/\/susanne-frey.de\/wp-content\/uploads\/2020\/04\/Lavoix_14-300x200.jpg 300w, http:\/\/susanne-frey.de\/wp-content\/uploads\/2020\/04\/Lavoix_14-768x512.jpg 768w, http:\/\/susanne-frey.de\/wp-content\/uploads\/2020\/04\/Lavoix_14.jpg 1200w\" sizes=\"(max-width: 706px) 89vw, (max-width: 767px) 82vw, 740px\" \/><\/div><div class=\"logo-slider-item\"><img loading=\"lazy\" width=\"1024\" height=\"683\" src=\"http:\/\/susanne-frey.de\/wp-content\/uploads\/2020\/04\/Lavoix_17-1024x683.jpg\" alt=\"\" data-id=\"706\" data-link=\"http:\/\/susanne-frey.de\/?attachment_id=706\" class=\"wp-image-706\" srcset=\"http:\/\/susanne-frey.de\/wp-content\/uploads\/2020\/04\/Lavoix_17-1024x683.jpg 1024w, http:\/\/susanne-frey.de\/wp-content\/uploads\/2020\/04\/Lavoix_17-300x200.jpg 300w, http:\/\/susanne-frey.de\/wp-content\/uploads\/2020\/04\/Lavoix_17-768x512.jpg 768w, http:\/\/susanne-frey.de\/wp-content\/uploads\/2020\/04\/Lavoix_17.jpg 1200w\" sizes=\"(max-width: 706px) 89vw, (max-width: 767px) 82vw, 740px\" \/><\/div><div class=\"logo-slider-item\"><img loading=\"lazy\" width=\"1024\" height=\"683\" src=\"http:\/\/susanne-frey.de\/wp-content\/uploads\/2020\/04\/Lavoix_24-1024x683.jpg\" alt=\"\" data-id=\"712\" data-link=\"http:\/\/susanne-frey.de\/?attachment_id=712\" class=\"wp-image-712\" srcset=\"http:\/\/susanne-frey.de\/wp-content\/uploads\/2020\/04\/Lavoix_24-1024x683.jpg 1024w, http:\/\/susanne-frey.de\/wp-content\/uploads\/2020\/04\/Lavoix_24-300x200.jpg 300w, http:\/\/susanne-frey.de\/wp-content\/uploads\/2020\/04\/Lavoix_24-768x512.jpg 768w, http:\/\/susanne-frey.de\/wp-content\/uploads\/2020\/04\/Lavoix_24.jpg 1200w\" sizes=\"(max-width: 706px) 89vw, (max-width: 767px) 82vw, 740px\" \/><\/div><div class=\"logo-slider-item\"><img loading=\"lazy\" width=\"1024\" height=\"683\" src=\"http:\/\/susanne-frey.de\/wp-content\/uploads\/2020\/04\/Lavoix_19-1024x683.jpg\" alt=\"\" data-id=\"707\" data-link=\"http:\/\/susanne-frey.de\/?attachment_id=707\" class=\"wp-image-707\" srcset=\"http:\/\/susanne-frey.de\/wp-content\/uploads\/2020\/04\/Lavoix_19-1024x683.jpg 1024w, http:\/\/susanne-frey.de\/wp-content\/uploads\/2020\/04\/Lavoix_19-300x200.jpg 300w, http:\/\/susanne-frey.de\/wp-content\/uploads\/2020\/04\/Lavoix_19-768x512.jpg 768w, http:\/\/susanne-frey.de\/wp-content\/uploads\/2020\/04\/Lavoix_19.jpg 1200w\" sizes=\"(max-width: 706px) 89vw, (max-width: 767px) 82vw, 740px\" \/><\/div><div class=\"logo-slider-item\"><img loading=\"lazy\" width=\"1024\" height=\"683\" src=\"http:\/\/susanne-frey.de\/wp-content\/uploads\/2020\/04\/Lavoix_20-1024x683.jpg\" alt=\"\" data-id=\"708\" data-link=\"http:\/\/susanne-frey.de\/?attachment_id=708\" class=\"wp-image-708\" srcset=\"http:\/\/susanne-frey.de\/wp-content\/uploads\/2020\/04\/Lavoix_20-1024x683.jpg 1024w, http:\/\/susanne-frey.de\/wp-content\/uploads\/2020\/04\/Lavoix_20-300x200.jpg 300w, http:\/\/susanne-frey.de\/wp-content\/uploads\/2020\/04\/Lavoix_20-768x512.jpg 768w, http:\/\/susanne-frey.de\/wp-content\/uploads\/2020\/04\/Lavoix_20.jpg 1200w\" sizes=\"(max-width: 706px) 89vw, (max-width: 767px) 82vw, 740px\" \/><\/div><div class=\"logo-slider-item\"><img loading=\"lazy\" width=\"1024\" height=\"683\" src=\"http:\/\/susanne-frey.de\/wp-content\/uploads\/2020\/04\/Lavoix_22-1024x683.jpg\" alt=\"\" data-id=\"710\" data-link=\"http:\/\/susanne-frey.de\/?attachment_id=710\" class=\"wp-image-710\" srcset=\"http:\/\/susanne-frey.de\/wp-content\/uploads\/2020\/04\/Lavoix_22-1024x683.jpg 1024w, http:\/\/susanne-frey.de\/wp-content\/uploads\/2020\/04\/Lavoix_22-300x200.jpg 300w, http:\/\/susanne-frey.de\/wp-content\/uploads\/2020\/04\/Lavoix_22-768x512.jpg 768w, http:\/\/susanne-frey.de\/wp-content\/uploads\/2020\/04\/Lavoix_22.jpg 1200w\" sizes=\"(max-width: 706px) 89vw, (max-width: 767px) 82vw, 740px\" \/><\/div><div class=\"logo-slider-item\"><img loading=\"lazy\" width=\"1024\" height=\"683\" src=\"http:\/\/susanne-frey.de\/wp-content\/uploads\/2020\/04\/Lavoix_23-1024x683.jpg\" alt=\"\" data-id=\"711\" data-link=\"http:\/\/susanne-frey.de\/?attachment_id=711\" class=\"wp-image-711\" srcset=\"http:\/\/susanne-frey.de\/wp-content\/uploads\/2020\/04\/Lavoix_23-1024x683.jpg 1024w, http:\/\/susanne-frey.de\/wp-content\/uploads\/2020\/04\/Lavoix_23-300x200.jpg 300w, http:\/\/susanne-frey.de\/wp-content\/uploads\/2020\/04\/Lavoix_23-768x512.jpg 768w, http:\/\/susanne-frey.de\/wp-content\/uploads\/2020\/04\/Lavoix_23.jpg 1200w\" sizes=\"(max-width: 706px) 89vw, (max-width: 767px) 82vw, 740px\" \/><\/div><\/div>\n\n\n\n<p><br>Fotos \u00a9 J\u00fcrgen Priebe<\/p>\n","protected":false},"excerpt":{"rendered":"<p>La Vox. Die StimmeFrancis Poulenc \u2013 La voix humaine, Ingeborg Bachmann \u2013 Textausz\u00fcge aus Malina. Eine Produktion von&nbsp;&lt;voices&gt; e.V.&nbsp;in der&nbsp;Tafelhalle N\u00fcrnberg. Premiere am 8. Oktober 2004.&nbsp; Musikalische Leitung: Amaury du CloselInszenierung: Susanne FreyB\u00fchne: Madeleine H\u00fcmerKost\u00fcme: Andr\u00e9 Schreibermit&nbsp;Frances Pappas&nbsp;(S\u00e4ngerin), Monika Manz (Schauspielerin), Brit Rodemund (T\u00e4nzerin) und dem ensembleKONTRASTE.&nbsp; Wie findet man eine Sprache f\u00fcr Unsagbares? Drei &hellip; <\/p>\n<p class=\"link-more\"><a href=\"http:\/\/susanne-frey.de\/?page_id=68\" class=\"more-link\"><span class=\"screen-reader-text\">\u201eLa voix. Die Stimme\u201c<\/span> weiterlesen<\/a><\/p>\n","protected":false},"author":1,"featured_media":0,"parent":0,"menu_order":0,"comment_status":"closed","ping_status":"closed","template":"","meta":{"ngg_post_thumbnail":0},"_links":{"self":[{"href":"http:\/\/susanne-frey.de\/index.php?rest_route=\/wp\/v2\/pages\/68"}],"collection":[{"href":"http:\/\/susanne-frey.de\/index.php?rest_route=\/wp\/v2\/pages"}],"about":[{"href":"http:\/\/susanne-frey.de\/index.php?rest_route=\/wp\/v2\/types\/page"}],"author":[{"embeddable":true,"href":"http:\/\/susanne-frey.de\/index.php?rest_route=\/wp\/v2\/users\/1"}],"replies":[{"embeddable":true,"href":"http:\/\/susanne-frey.de\/index.php?rest_route=%2Fwp%2Fv2%2Fcomments&post=68"}],"version-history":[{"count":7,"href":"http:\/\/susanne-frey.de\/index.php?rest_route=\/wp\/v2\/pages\/68\/revisions"}],"predecessor-version":[{"id":870,"href":"http:\/\/susanne-frey.de\/index.php?rest_route=\/wp\/v2\/pages\/68\/revisions\/870"}],"wp:attachment":[{"href":"http:\/\/susanne-frey.de\/index.php?rest_route=%2Fwp%2Fv2%2Fmedia&parent=68"}],"curies":[{"name":"wp","href":"https:\/\/api.w.org\/{rel}","templated":true}]}}