{"id":6,"date":"2020-02-23T11:07:24","date_gmt":"2020-02-23T11:07:24","guid":{"rendered":"http:\/\/susanne-frey.de\/?page_id=6"},"modified":"2020-04-14T19:27:43","modified_gmt":"2020-04-14T19:27:43","slug":"meisterklasse","status":"publish","type":"page","link":"http:\/\/susanne-frey.de\/?page_id=6","title":{"rendered":"Meisterklasse"},"content":{"rendered":"\n<p>Meisterklasse &nbsp;von Terrence McNally<br><a rel=\"noreferrer noopener\" href=\"https:\/\/www.staatstheater-nuernberg.de\" target=\"_blank\">Theater N\u00fcrnberg &#8211; Kammerspiele<\/a>. <br>Premiere: 9. Mai 2000&nbsp;<\/p>\n\n\n\n<p>Inszenierung: Susanne Frey<br>Ausstattung: Anna Sofie Tuma<br>mit Jutta Richter-Haaser,&nbsp;<a rel=\"noreferrer noopener\" href=\"http:\/\/www.jutta-boehnert.com\/\" target=\"_blank\">Jutta B\u00f6hnert<\/a>,&nbsp;<a rel=\"noreferrer noopener\" href=\"http:\/\/www.frances-pappas.com\/\" target=\"_blank\">Frances Pappas<\/a>, <a href=\"https:\/\/www.gerhardsiegel.com\/de\/startseite\" target=\"_blank\" rel=\"noreferrer noopener\">Gerhard Siegel<\/a>, Christian Hutter, Klaus Angermann.&nbsp;<\/p>\n\n\n\n<p>Darstellerpreis der Bayerischen Theatertage und Stern der Woche der Abendzeitung f\u00fcr Jutta Richter-Haaser als Maria Callas.&nbsp;<\/p>\n\n\n\n<div class=\"wp-block-glsb-gosign-logo-slider-block gosign-logo-slider\" data-slick=\"{&quot;dots&quot;:false,&quot;infinite&quot;:true,&quot;arrows&quot;:false,&quot;speed&quot;:800,&quot;slidesToShow&quot;:1,&quot;slidesToScroll&quot;:1,&quot;autoplay&quot;:true,&quot;autoplaySpeed&quot;:2500,&quot;gosignAllowLinkOnImages&quot;:false}\"><div class=\"logo-slider-item\"><img loading=\"lazy\" width=\"1024\" height=\"683\" src=\"http:\/\/susanne-frey.de\/wp-content\/uploads\/2020\/04\/Meisterklasse_2-1024x683.jpg\" alt=\"\" data-id=\"593\" data-link=\"http:\/\/susanne-frey.de\/?attachment_id=593\" class=\"wp-image-593\" srcset=\"http:\/\/susanne-frey.de\/wp-content\/uploads\/2020\/04\/Meisterklasse_2-1024x683.jpg 1024w, http:\/\/susanne-frey.de\/wp-content\/uploads\/2020\/04\/Meisterklasse_2-300x200.jpg 300w, http:\/\/susanne-frey.de\/wp-content\/uploads\/2020\/04\/Meisterklasse_2-768x512.jpg 768w, http:\/\/susanne-frey.de\/wp-content\/uploads\/2020\/04\/Meisterklasse_2.jpg 1200w\" sizes=\"(max-width: 706px) 89vw, (max-width: 767px) 82vw, 740px\" \/><\/div><div class=\"logo-slider-item\"><img loading=\"lazy\" width=\"1024\" height=\"683\" src=\"http:\/\/susanne-frey.de\/wp-content\/uploads\/2020\/04\/Meisterklasse_1-1024x683.jpg\" alt=\"\" data-id=\"592\" data-link=\"http:\/\/susanne-frey.de\/?attachment_id=592\" class=\"wp-image-592\" srcset=\"http:\/\/susanne-frey.de\/wp-content\/uploads\/2020\/04\/Meisterklasse_1-1024x683.jpg 1024w, http:\/\/susanne-frey.de\/wp-content\/uploads\/2020\/04\/Meisterklasse_1-300x200.jpg 300w, http:\/\/susanne-frey.de\/wp-content\/uploads\/2020\/04\/Meisterklasse_1-768x512.jpg 768w, http:\/\/susanne-frey.de\/wp-content\/uploads\/2020\/04\/Meisterklasse_1.jpg 1200w\" sizes=\"(max-width: 706px) 89vw, (max-width: 767px) 82vw, 740px\" \/><\/div><div class=\"logo-slider-item\"><img loading=\"lazy\" width=\"1024\" height=\"683\" src=\"http:\/\/susanne-frey.de\/wp-content\/uploads\/2020\/04\/Meisterklasse_11-1024x683.jpg\" alt=\"\" data-id=\"601\" data-link=\"http:\/\/susanne-frey.de\/?attachment_id=601\" class=\"wp-image-601\" srcset=\"http:\/\/susanne-frey.de\/wp-content\/uploads\/2020\/04\/Meisterklasse_11-1024x683.jpg 1024w, http:\/\/susanne-frey.de\/wp-content\/uploads\/2020\/04\/Meisterklasse_11-300x200.jpg 300w, http:\/\/susanne-frey.de\/wp-content\/uploads\/2020\/04\/Meisterklasse_11-768x512.jpg 768w, http:\/\/susanne-frey.de\/wp-content\/uploads\/2020\/04\/Meisterklasse_11.jpg 1200w\" sizes=\"(max-width: 706px) 89vw, (max-width: 767px) 82vw, 740px\" \/><\/div><div class=\"logo-slider-item\"><img loading=\"lazy\" width=\"1024\" height=\"683\" src=\"http:\/\/susanne-frey.de\/wp-content\/uploads\/2020\/04\/Meisterklasse_8-1024x683.jpg\" alt=\"\" data-id=\"598\" data-link=\"http:\/\/susanne-frey.de\/?attachment_id=598\" class=\"wp-image-598\" srcset=\"http:\/\/susanne-frey.de\/wp-content\/uploads\/2020\/04\/Meisterklasse_8-1024x683.jpg 1024w, http:\/\/susanne-frey.de\/wp-content\/uploads\/2020\/04\/Meisterklasse_8-300x200.jpg 300w, http:\/\/susanne-frey.de\/wp-content\/uploads\/2020\/04\/Meisterklasse_8-768x512.jpg 768w, http:\/\/susanne-frey.de\/wp-content\/uploads\/2020\/04\/Meisterklasse_8.jpg 1200w\" sizes=\"(max-width: 706px) 89vw, (max-width: 767px) 82vw, 740px\" \/><\/div><div class=\"logo-slider-item\"><img loading=\"lazy\" width=\"1024\" height=\"683\" src=\"http:\/\/susanne-frey.de\/wp-content\/uploads\/2020\/04\/Meisterklasse_6-1024x683.jpg\" alt=\"\" data-id=\"596\" data-link=\"http:\/\/susanne-frey.de\/?attachment_id=596\" class=\"wp-image-596\" srcset=\"http:\/\/susanne-frey.de\/wp-content\/uploads\/2020\/04\/Meisterklasse_6-1024x683.jpg 1024w, http:\/\/susanne-frey.de\/wp-content\/uploads\/2020\/04\/Meisterklasse_6-300x200.jpg 300w, http:\/\/susanne-frey.de\/wp-content\/uploads\/2020\/04\/Meisterklasse_6-768x512.jpg 768w, http:\/\/susanne-frey.de\/wp-content\/uploads\/2020\/04\/Meisterklasse_6.jpg 1200w\" sizes=\"(max-width: 706px) 89vw, (max-width: 767px) 82vw, 740px\" \/><\/div><div class=\"logo-slider-item\"><img loading=\"lazy\" width=\"1024\" height=\"683\" src=\"http:\/\/susanne-frey.de\/wp-content\/uploads\/2020\/04\/Meisterklasse_10-1024x683.jpg\" alt=\"\" data-id=\"600\" data-link=\"http:\/\/susanne-frey.de\/?attachment_id=600\" class=\"wp-image-600\" srcset=\"http:\/\/susanne-frey.de\/wp-content\/uploads\/2020\/04\/Meisterklasse_10-1024x683.jpg 1024w, http:\/\/susanne-frey.de\/wp-content\/uploads\/2020\/04\/Meisterklasse_10-300x200.jpg 300w, http:\/\/susanne-frey.de\/wp-content\/uploads\/2020\/04\/Meisterklasse_10-768x512.jpg 768w, http:\/\/susanne-frey.de\/wp-content\/uploads\/2020\/04\/Meisterklasse_10.jpg 1200w\" sizes=\"(max-width: 706px) 89vw, (max-width: 767px) 82vw, 740px\" \/><\/div><div class=\"logo-slider-item\"><img loading=\"lazy\" width=\"1024\" height=\"683\" src=\"http:\/\/susanne-frey.de\/wp-content\/uploads\/2020\/04\/Meisterklasse_9-1024x683.jpg\" alt=\"\" data-id=\"599\" data-link=\"http:\/\/susanne-frey.de\/?attachment_id=599\" class=\"wp-image-599\" srcset=\"http:\/\/susanne-frey.de\/wp-content\/uploads\/2020\/04\/Meisterklasse_9-1024x683.jpg 1024w, http:\/\/susanne-frey.de\/wp-content\/uploads\/2020\/04\/Meisterklasse_9-300x200.jpg 300w, http:\/\/susanne-frey.de\/wp-content\/uploads\/2020\/04\/Meisterklasse_9-768x512.jpg 768w, http:\/\/susanne-frey.de\/wp-content\/uploads\/2020\/04\/Meisterklasse_9.jpg 1200w\" sizes=\"(max-width: 706px) 89vw, (max-width: 767px) 82vw, 740px\" \/><\/div><div class=\"logo-slider-item\"><img loading=\"lazy\" width=\"1024\" height=\"683\" src=\"http:\/\/susanne-frey.de\/wp-content\/uploads\/2020\/04\/Meisterklasse_7-1024x683.jpg\" alt=\"\" data-id=\"597\" data-link=\"http:\/\/susanne-frey.de\/?attachment_id=597\" class=\"wp-image-597\" srcset=\"http:\/\/susanne-frey.de\/wp-content\/uploads\/2020\/04\/Meisterklasse_7-1024x683.jpg 1024w, http:\/\/susanne-frey.de\/wp-content\/uploads\/2020\/04\/Meisterklasse_7-300x200.jpg 300w, http:\/\/susanne-frey.de\/wp-content\/uploads\/2020\/04\/Meisterklasse_7-768x512.jpg 768w, http:\/\/susanne-frey.de\/wp-content\/uploads\/2020\/04\/Meisterklasse_7.jpg 1200w\" sizes=\"(max-width: 706px) 89vw, (max-width: 767px) 82vw, 740px\" \/><\/div><div class=\"logo-slider-item\"><img loading=\"lazy\" width=\"1024\" height=\"683\" src=\"http:\/\/susanne-frey.de\/wp-content\/uploads\/2020\/04\/Meisterklasse_5-1024x683.jpg\" alt=\"\" data-id=\"595\" data-link=\"http:\/\/susanne-frey.de\/?attachment_id=595\" class=\"wp-image-595\" srcset=\"http:\/\/susanne-frey.de\/wp-content\/uploads\/2020\/04\/Meisterklasse_5-1024x683.jpg 1024w, http:\/\/susanne-frey.de\/wp-content\/uploads\/2020\/04\/Meisterklasse_5-300x200.jpg 300w, http:\/\/susanne-frey.de\/wp-content\/uploads\/2020\/04\/Meisterklasse_5-768x512.jpg 768w, http:\/\/susanne-frey.de\/wp-content\/uploads\/2020\/04\/Meisterklasse_5.jpg 1200w\" sizes=\"(max-width: 706px) 89vw, (max-width: 767px) 82vw, 740px\" \/><\/div><div class=\"logo-slider-item\"><img loading=\"lazy\" width=\"1024\" height=\"683\" src=\"http:\/\/susanne-frey.de\/wp-content\/uploads\/2020\/04\/Meisterklasse_3-1024x683.jpg\" alt=\"\" data-id=\"594\" data-link=\"http:\/\/susanne-frey.de\/?attachment_id=594\" class=\"wp-image-594\" srcset=\"http:\/\/susanne-frey.de\/wp-content\/uploads\/2020\/04\/Meisterklasse_3-1024x683.jpg 1024w, http:\/\/susanne-frey.de\/wp-content\/uploads\/2020\/04\/Meisterklasse_3-300x200.jpg 300w, http:\/\/susanne-frey.de\/wp-content\/uploads\/2020\/04\/Meisterklasse_3-768x512.jpg 768w, http:\/\/susanne-frey.de\/wp-content\/uploads\/2020\/04\/Meisterklasse_3.jpg 1200w\" sizes=\"(max-width: 706px) 89vw, (max-width: 767px) 82vw, 740px\" \/><\/div><\/div>\n\n\n\n<p><br>Fotos \u00a9 Marion B\u00fchrle<\/p>\n\n\n\n<p>In Terrence McNallys St\u00fcck sehen wir Maria Callas als unerbittliche Lehrerin und als gebrochene, einsame Frau, der nur die Erinnerung geblieben ist. Kein Monster, aber monstr\u00f6s in ihrer Absolutheit ist sie, monstr\u00f6s in ihrer unbedingten Hingabe. Der amerikanische Autor l\u00e4sst uns eine K\u00fcnstlerin erleben, die nichts an ihrer Faszinationskraft eingeb\u00fc\u00dft hat, aber eben auch verschreckt und verst\u00f6rt. Vor dem Hintergrund der Meisterklasse durchlebt Maria Callas in traumhaften Momenten noch einmal die entscheidenden Stationen ihres Lebens.&nbsp;<\/p>\n\n\n\n<figure class=\"wp-block-embed-youtube wp-block-embed is-type-video is-provider-youtube wp-embed-aspect-4-3 wp-has-aspect-ratio\"><div class=\"wp-block-embed__wrapper\">\n<iframe loading=\"lazy\" title=\"Masterclass by Terrence McNally\" width=\"525\" height=\"394\" src=\"https:\/\/www.youtube.com\/embed\/Vkh-7aWmneo?feature=oembed\" frameborder=\"0\" allow=\"accelerometer; autoplay; encrypted-media; gyroscope; picture-in-picture\" allowfullscreen><\/iframe>\n<\/div><\/figure>\n\n\n\n<p>Ausschnitte aus der Aufzeichnung&nbsp;der Bayerischen Theatertage 2000 in N\u00fcrnberg.<\/p>\n\n\n\n<p><\/p>\n","protected":false},"excerpt":{"rendered":"<p>Meisterklasse &nbsp;von Terrence McNallyTheater N\u00fcrnberg &#8211; Kammerspiele. Premiere: 9. Mai 2000&nbsp; Inszenierung: Susanne FreyAusstattung: Anna Sofie Tumamit Jutta Richter-Haaser,&nbsp;Jutta B\u00f6hnert,&nbsp;Frances Pappas, Gerhard Siegel, Christian Hutter, Klaus Angermann.&nbsp; Darstellerpreis der Bayerischen Theatertage und Stern der Woche der Abendzeitung f\u00fcr Jutta Richter-Haaser als Maria Callas.&nbsp; Fotos \u00a9 Marion B\u00fchrle In Terrence McNallys St\u00fcck sehen wir Maria Callas &hellip; <\/p>\n<p class=\"link-more\"><a href=\"http:\/\/susanne-frey.de\/?page_id=6\" class=\"more-link\"><span class=\"screen-reader-text\">\u201eMeisterklasse\u201c<\/span> weiterlesen<\/a><\/p>\n","protected":false},"author":1,"featured_media":0,"parent":0,"menu_order":0,"comment_status":"closed","ping_status":"closed","template":"","meta":{"ngg_post_thumbnail":0},"_links":{"self":[{"href":"http:\/\/susanne-frey.de\/index.php?rest_route=\/wp\/v2\/pages\/6"}],"collection":[{"href":"http:\/\/susanne-frey.de\/index.php?rest_route=\/wp\/v2\/pages"}],"about":[{"href":"http:\/\/susanne-frey.de\/index.php?rest_route=\/wp\/v2\/types\/page"}],"author":[{"embeddable":true,"href":"http:\/\/susanne-frey.de\/index.php?rest_route=\/wp\/v2\/users\/1"}],"replies":[{"embeddable":true,"href":"http:\/\/susanne-frey.de\/index.php?rest_route=%2Fwp%2Fv2%2Fcomments&post=6"}],"version-history":[{"count":25,"href":"http:\/\/susanne-frey.de\/index.php?rest_route=\/wp\/v2\/pages\/6\/revisions"}],"predecessor-version":[{"id":862,"href":"http:\/\/susanne-frey.de\/index.php?rest_route=\/wp\/v2\/pages\/6\/revisions\/862"}],"wp:attachment":[{"href":"http:\/\/susanne-frey.de\/index.php?rest_route=%2Fwp%2Fv2%2Fmedia&parent=6"}],"curies":[{"name":"wp","href":"https:\/\/api.w.org\/{rel}","templated":true}]}}