{"id":49,"date":"2020-02-23T15:24:50","date_gmt":"2020-02-23T15:24:50","guid":{"rendered":"http:\/\/susanne-frey.de\/?page_id=49"},"modified":"2020-04-14T18:54:21","modified_gmt":"2020-04-14T18:54:21","slug":"pollicino-hans-werner-henze","status":"publish","type":"page","link":"http:\/\/susanne-frey.de\/?page_id=49","title":{"rendered":"Pollicino"},"content":{"rendered":"\n<p>Pollicino von Hans Werner Henze<br>Koproduktion&nbsp;<a rel=\"noreferrer noopener\" href=\"http:\/\/www.staatstheater-nuernberg.de\/\" target=\"_blank\">Theater N\u00fcrnberg<\/a>, Musikschule N\u00fcrnberg und&nbsp;<a rel=\"noreferrer noopener\" href=\"https:\/\/www.kunstkulturquartier.de\/tafelhalle\" target=\"_blank\">Tafelhalle N\u00fcrnberg<\/a>. <br>Premiere am 24. Oktober 2001.&nbsp;<\/p>\n\n\n\n<p>Musikalische Leitung: Rudolf Wundling<br>Inszenierung: Susanne Frey<br>B\u00fchnenbild: Ulrich Reiter<br>Kost\u00fcme: Cornelia Kraske<br>Dramaturgie und Produktionsleitung: Uwe Sommer<br>mit Richard Kindley \/ Wilhelm Teepe, Gudrun Ebel \/ Dorota Wisniewska, Katharina Bahr und Kindern aus N\u00fcrnberg.&nbsp;<\/p>\n\n\n\n<p>Kinder und Erwachsene machen Theater f\u00fcr Kinder und Erwachsene: Insgesamt 30 Kinder, von denen die meisten noch nie auf einer B\u00fchne gestanden hatten, wurden f\u00fcr die 15 Rollen in zwei Besetzungen gecastet. Zu ihnen gesellten sich Solisten der Oper als Eltern- bzw. Menschenfresserpaar. Das Orchester wurde aus Sch\u00fclern der Musikschule zusammengestellt. B\u00fchnenbild und Kost\u00fcme entstanden unter Mitarbeit einer Schulklasse.<\/p>\n\n\n\n<div class=\"wp-block-glsb-gosign-logo-slider-block gosign-logo-slider\" data-slick=\"{&quot;dots&quot;:false,&quot;infinite&quot;:true,&quot;arrows&quot;:false,&quot;speed&quot;:800,&quot;slidesToShow&quot;:1,&quot;slidesToScroll&quot;:1,&quot;autoplay&quot;:true,&quot;autoplaySpeed&quot;:2500,&quot;gosignAllowLinkOnImages&quot;:false}\"><div class=\"logo-slider-item\"><img loading=\"lazy\" width=\"1024\" height=\"683\" src=\"http:\/\/susanne-frey.de\/wp-content\/uploads\/2020\/04\/Pollicino_1-1024x683.jpg\" alt=\"\" data-id=\"444\" data-link=\"http:\/\/susanne-frey.de\/?attachment_id=444\" class=\"wp-image-444\" srcset=\"http:\/\/susanne-frey.de\/wp-content\/uploads\/2020\/04\/Pollicino_1-1024x683.jpg 1024w, http:\/\/susanne-frey.de\/wp-content\/uploads\/2020\/04\/Pollicino_1-300x200.jpg 300w, http:\/\/susanne-frey.de\/wp-content\/uploads\/2020\/04\/Pollicino_1-768x512.jpg 768w, http:\/\/susanne-frey.de\/wp-content\/uploads\/2020\/04\/Pollicino_1.jpg 1200w\" sizes=\"(max-width: 706px) 89vw, (max-width: 767px) 82vw, 740px\" \/><\/div><div class=\"logo-slider-item\"><img loading=\"lazy\" width=\"1024\" height=\"683\" src=\"http:\/\/susanne-frey.de\/wp-content\/uploads\/2020\/04\/Pollicino_2-1024x683.jpg\" alt=\"\" data-id=\"445\" data-link=\"http:\/\/susanne-frey.de\/?attachment_id=445\" class=\"wp-image-445\" srcset=\"http:\/\/susanne-frey.de\/wp-content\/uploads\/2020\/04\/Pollicino_2-1024x683.jpg 1024w, http:\/\/susanne-frey.de\/wp-content\/uploads\/2020\/04\/Pollicino_2-300x200.jpg 300w, http:\/\/susanne-frey.de\/wp-content\/uploads\/2020\/04\/Pollicino_2-768x512.jpg 768w, http:\/\/susanne-frey.de\/wp-content\/uploads\/2020\/04\/Pollicino_2.jpg 1200w\" sizes=\"(max-width: 706px) 89vw, (max-width: 767px) 82vw, 740px\" \/><\/div><div class=\"logo-slider-item\"><img loading=\"lazy\" width=\"1024\" height=\"683\" src=\"http:\/\/susanne-frey.de\/wp-content\/uploads\/2020\/04\/Pollicino_5-1024x683.jpg\" alt=\"\" data-id=\"448\" data-link=\"http:\/\/susanne-frey.de\/?attachment_id=448\" class=\"wp-image-448\" srcset=\"http:\/\/susanne-frey.de\/wp-content\/uploads\/2020\/04\/Pollicino_5-1024x683.jpg 1024w, http:\/\/susanne-frey.de\/wp-content\/uploads\/2020\/04\/Pollicino_5-300x200.jpg 300w, http:\/\/susanne-frey.de\/wp-content\/uploads\/2020\/04\/Pollicino_5-768x512.jpg 768w, http:\/\/susanne-frey.de\/wp-content\/uploads\/2020\/04\/Pollicino_5.jpg 1200w\" sizes=\"(max-width: 706px) 89vw, (max-width: 767px) 82vw, 740px\" \/><\/div><div class=\"logo-slider-item\"><img loading=\"lazy\" width=\"1024\" height=\"683\" src=\"http:\/\/susanne-frey.de\/wp-content\/uploads\/2020\/04\/Pollicino_3-1024x683.jpg\" alt=\"\" data-id=\"446\" data-link=\"http:\/\/susanne-frey.de\/?attachment_id=446\" class=\"wp-image-446\" srcset=\"http:\/\/susanne-frey.de\/wp-content\/uploads\/2020\/04\/Pollicino_3-1024x683.jpg 1024w, http:\/\/susanne-frey.de\/wp-content\/uploads\/2020\/04\/Pollicino_3-300x200.jpg 300w, http:\/\/susanne-frey.de\/wp-content\/uploads\/2020\/04\/Pollicino_3-768x512.jpg 768w, http:\/\/susanne-frey.de\/wp-content\/uploads\/2020\/04\/Pollicino_3.jpg 1200w\" sizes=\"(max-width: 706px) 89vw, (max-width: 767px) 82vw, 740px\" \/><\/div><div class=\"logo-slider-item\"><img loading=\"lazy\" width=\"1024\" height=\"683\" src=\"http:\/\/susanne-frey.de\/wp-content\/uploads\/2020\/04\/Pollicino_4-1024x683.jpg\" alt=\"\" data-id=\"447\" data-link=\"http:\/\/susanne-frey.de\/?attachment_id=447\" class=\"wp-image-447\" srcset=\"http:\/\/susanne-frey.de\/wp-content\/uploads\/2020\/04\/Pollicino_4-1024x683.jpg 1024w, http:\/\/susanne-frey.de\/wp-content\/uploads\/2020\/04\/Pollicino_4-300x200.jpg 300w, http:\/\/susanne-frey.de\/wp-content\/uploads\/2020\/04\/Pollicino_4-768x512.jpg 768w, http:\/\/susanne-frey.de\/wp-content\/uploads\/2020\/04\/Pollicino_4.jpg 1200w\" sizes=\"(max-width: 706px) 89vw, (max-width: 767px) 82vw, 740px\" \/><\/div><div class=\"logo-slider-item\"><img loading=\"lazy\" width=\"1024\" height=\"683\" src=\"http:\/\/susanne-frey.de\/wp-content\/uploads\/2020\/04\/Pollicino_6-1024x683.jpg\" alt=\"\" data-id=\"449\" data-link=\"http:\/\/susanne-frey.de\/?attachment_id=449\" class=\"wp-image-449\" srcset=\"http:\/\/susanne-frey.de\/wp-content\/uploads\/2020\/04\/Pollicino_6-1024x683.jpg 1024w, http:\/\/susanne-frey.de\/wp-content\/uploads\/2020\/04\/Pollicino_6-300x200.jpg 300w, http:\/\/susanne-frey.de\/wp-content\/uploads\/2020\/04\/Pollicino_6-768x512.jpg 768w, http:\/\/susanne-frey.de\/wp-content\/uploads\/2020\/04\/Pollicino_6.jpg 1200w\" sizes=\"(max-width: 706px) 89vw, (max-width: 767px) 82vw, 740px\" \/><\/div><div class=\"logo-slider-item\"><img loading=\"lazy\" width=\"1024\" height=\"683\" src=\"http:\/\/susanne-frey.de\/wp-content\/uploads\/2020\/04\/Pollicino_7-1024x683.jpg\" alt=\"\" data-id=\"450\" data-link=\"http:\/\/susanne-frey.de\/?attachment_id=450\" class=\"wp-image-450\" srcset=\"http:\/\/susanne-frey.de\/wp-content\/uploads\/2020\/04\/Pollicino_7-1024x683.jpg 1024w, http:\/\/susanne-frey.de\/wp-content\/uploads\/2020\/04\/Pollicino_7-300x200.jpg 300w, http:\/\/susanne-frey.de\/wp-content\/uploads\/2020\/04\/Pollicino_7-768x512.jpg 768w, http:\/\/susanne-frey.de\/wp-content\/uploads\/2020\/04\/Pollicino_7.jpg 1200w\" sizes=\"(max-width: 706px) 89vw, (max-width: 767px) 82vw, 740px\" \/><\/div><div class=\"logo-slider-item\"><img loading=\"lazy\" width=\"1024\" height=\"683\" src=\"http:\/\/susanne-frey.de\/wp-content\/uploads\/2020\/04\/Pollicino_8-1024x683.jpg\" alt=\"\" data-id=\"451\" data-link=\"http:\/\/susanne-frey.de\/?attachment_id=451\" class=\"wp-image-451\" srcset=\"http:\/\/susanne-frey.de\/wp-content\/uploads\/2020\/04\/Pollicino_8-1024x683.jpg 1024w, http:\/\/susanne-frey.de\/wp-content\/uploads\/2020\/04\/Pollicino_8-300x200.jpg 300w, http:\/\/susanne-frey.de\/wp-content\/uploads\/2020\/04\/Pollicino_8-768x512.jpg 768w, http:\/\/susanne-frey.de\/wp-content\/uploads\/2020\/04\/Pollicino_8.jpg 1200w\" sizes=\"(max-width: 706px) 89vw, (max-width: 767px) 82vw, 740px\" \/><\/div><div class=\"logo-slider-item\"><img loading=\"lazy\" width=\"1024\" height=\"683\" src=\"http:\/\/susanne-frey.de\/wp-content\/uploads\/2020\/04\/Pollicino_9-1024x683.jpg\" alt=\"\" data-id=\"452\" data-link=\"http:\/\/susanne-frey.de\/?attachment_id=452\" class=\"wp-image-452\" srcset=\"http:\/\/susanne-frey.de\/wp-content\/uploads\/2020\/04\/Pollicino_9-1024x683.jpg 1024w, http:\/\/susanne-frey.de\/wp-content\/uploads\/2020\/04\/Pollicino_9-300x200.jpg 300w, http:\/\/susanne-frey.de\/wp-content\/uploads\/2020\/04\/Pollicino_9-768x512.jpg 768w, http:\/\/susanne-frey.de\/wp-content\/uploads\/2020\/04\/Pollicino_9.jpg 1200w\" sizes=\"(max-width: 706px) 89vw, (max-width: 767px) 82vw, 740px\" \/><\/div><div class=\"logo-slider-item\"><img loading=\"lazy\" width=\"1024\" height=\"683\" src=\"http:\/\/susanne-frey.de\/wp-content\/uploads\/2020\/04\/Pollicino_10-1024x683.jpg\" alt=\"\" data-id=\"453\" data-link=\"http:\/\/susanne-frey.de\/?attachment_id=453\" class=\"wp-image-453\" srcset=\"http:\/\/susanne-frey.de\/wp-content\/uploads\/2020\/04\/Pollicino_10-1024x683.jpg 1024w, http:\/\/susanne-frey.de\/wp-content\/uploads\/2020\/04\/Pollicino_10-300x200.jpg 300w, http:\/\/susanne-frey.de\/wp-content\/uploads\/2020\/04\/Pollicino_10-768x512.jpg 768w, http:\/\/susanne-frey.de\/wp-content\/uploads\/2020\/04\/Pollicino_10.jpg 1200w\" sizes=\"(max-width: 706px) 89vw, (max-width: 767px) 82vw, 740px\" \/><\/div><div class=\"logo-slider-item\"><img loading=\"lazy\" width=\"1024\" height=\"683\" src=\"http:\/\/susanne-frey.de\/wp-content\/uploads\/2020\/04\/Pollicino_11-1024x683.jpeg\" alt=\"\" data-id=\"454\" data-link=\"http:\/\/susanne-frey.de\/?attachment_id=454\" class=\"wp-image-454\" srcset=\"http:\/\/susanne-frey.de\/wp-content\/uploads\/2020\/04\/Pollicino_11-1024x683.jpeg 1024w, http:\/\/susanne-frey.de\/wp-content\/uploads\/2020\/04\/Pollicino_11-300x200.jpeg 300w, http:\/\/susanne-frey.de\/wp-content\/uploads\/2020\/04\/Pollicino_11-768x512.jpeg 768w, http:\/\/susanne-frey.de\/wp-content\/uploads\/2020\/04\/Pollicino_11.jpeg 1200w\" sizes=\"(max-width: 706px) 89vw, (max-width: 767px) 82vw, 740px\" \/><\/div><div class=\"logo-slider-item\"><img loading=\"lazy\" width=\"1024\" height=\"683\" src=\"http:\/\/susanne-frey.de\/wp-content\/uploads\/2020\/04\/Pollicino_12-1024x683.jpg\" alt=\"\" data-id=\"455\" data-link=\"http:\/\/susanne-frey.de\/?attachment_id=455\" class=\"wp-image-455\" srcset=\"http:\/\/susanne-frey.de\/wp-content\/uploads\/2020\/04\/Pollicino_12-1024x683.jpg 1024w, http:\/\/susanne-frey.de\/wp-content\/uploads\/2020\/04\/Pollicino_12-300x200.jpg 300w, http:\/\/susanne-frey.de\/wp-content\/uploads\/2020\/04\/Pollicino_12-768x512.jpg 768w, http:\/\/susanne-frey.de\/wp-content\/uploads\/2020\/04\/Pollicino_12.jpg 1200w\" sizes=\"(max-width: 706px) 89vw, (max-width: 767px) 82vw, 740px\" \/><\/div><div class=\"logo-slider-item\"><img loading=\"lazy\" width=\"1024\" height=\"683\" src=\"http:\/\/susanne-frey.de\/wp-content\/uploads\/2020\/04\/Pollicino_13-1024x683.jpg\" alt=\"\" data-id=\"456\" data-link=\"http:\/\/susanne-frey.de\/?attachment_id=456\" class=\"wp-image-456\" srcset=\"http:\/\/susanne-frey.de\/wp-content\/uploads\/2020\/04\/Pollicino_13-1024x683.jpg 1024w, http:\/\/susanne-frey.de\/wp-content\/uploads\/2020\/04\/Pollicino_13-300x200.jpg 300w, http:\/\/susanne-frey.de\/wp-content\/uploads\/2020\/04\/Pollicino_13-768x512.jpg 768w, http:\/\/susanne-frey.de\/wp-content\/uploads\/2020\/04\/Pollicino_13.jpg 1200w\" sizes=\"(max-width: 706px) 89vw, (max-width: 767px) 82vw, 740px\" \/><\/div><div class=\"logo-slider-item\"><img loading=\"lazy\" width=\"1024\" height=\"683\" src=\"http:\/\/susanne-frey.de\/wp-content\/uploads\/2020\/04\/Pollicino_14-1024x683.jpg\" alt=\"\" data-id=\"457\" data-link=\"http:\/\/susanne-frey.de\/?attachment_id=457\" class=\"wp-image-457\" srcset=\"http:\/\/susanne-frey.de\/wp-content\/uploads\/2020\/04\/Pollicino_14-1024x683.jpg 1024w, http:\/\/susanne-frey.de\/wp-content\/uploads\/2020\/04\/Pollicino_14-300x200.jpg 300w, http:\/\/susanne-frey.de\/wp-content\/uploads\/2020\/04\/Pollicino_14-768x512.jpg 768w, http:\/\/susanne-frey.de\/wp-content\/uploads\/2020\/04\/Pollicino_14.jpg 1200w\" sizes=\"(max-width: 706px) 89vw, (max-width: 767px) 82vw, 740px\" \/><\/div><div class=\"logo-slider-item\"><img loading=\"lazy\" width=\"1024\" height=\"683\" src=\"http:\/\/susanne-frey.de\/wp-content\/uploads\/2020\/04\/Pollicino_17-1024x683.jpg\" alt=\"\" data-id=\"459\" data-link=\"http:\/\/susanne-frey.de\/?attachment_id=459\" class=\"wp-image-459\" srcset=\"http:\/\/susanne-frey.de\/wp-content\/uploads\/2020\/04\/Pollicino_17-1024x683.jpg 1024w, http:\/\/susanne-frey.de\/wp-content\/uploads\/2020\/04\/Pollicino_17-300x200.jpg 300w, http:\/\/susanne-frey.de\/wp-content\/uploads\/2020\/04\/Pollicino_17-768x512.jpg 768w, http:\/\/susanne-frey.de\/wp-content\/uploads\/2020\/04\/Pollicino_17.jpg 1200w\" sizes=\"(max-width: 706px) 89vw, (max-width: 767px) 82vw, 740px\" \/><\/div><div class=\"logo-slider-item\"><img loading=\"lazy\" width=\"1024\" height=\"683\" src=\"http:\/\/susanne-frey.de\/wp-content\/uploads\/2020\/04\/Pollicino_16-1024x683.jpg\" alt=\"\" data-id=\"458\" data-link=\"http:\/\/susanne-frey.de\/?attachment_id=458\" class=\"wp-image-458\" srcset=\"http:\/\/susanne-frey.de\/wp-content\/uploads\/2020\/04\/Pollicino_16-1024x683.jpg 1024w, http:\/\/susanne-frey.de\/wp-content\/uploads\/2020\/04\/Pollicino_16-300x200.jpg 300w, http:\/\/susanne-frey.de\/wp-content\/uploads\/2020\/04\/Pollicino_16-768x512.jpg 768w, http:\/\/susanne-frey.de\/wp-content\/uploads\/2020\/04\/Pollicino_16.jpg 1200w\" sizes=\"(max-width: 706px) 89vw, (max-width: 767px) 82vw, 740px\" \/><\/div><\/div>\n\n\n\n<p><br>Fotos \u00a9 Marion B\u00fchrle&nbsp;<\/p>\n","protected":false},"excerpt":{"rendered":"<p>Pollicino von Hans Werner HenzeKoproduktion&nbsp;Theater N\u00fcrnberg, Musikschule N\u00fcrnberg und&nbsp;Tafelhalle N\u00fcrnberg. Premiere am 24. Oktober 2001.&nbsp; Musikalische Leitung: Rudolf WundlingInszenierung: Susanne FreyB\u00fchnenbild: Ulrich ReiterKost\u00fcme: Cornelia KraskeDramaturgie und Produktionsleitung: Uwe Sommermit Richard Kindley \/ Wilhelm Teepe, Gudrun Ebel \/ Dorota Wisniewska, Katharina Bahr und Kindern aus N\u00fcrnberg.&nbsp; Kinder und Erwachsene machen Theater f\u00fcr Kinder und Erwachsene: Insgesamt &hellip; <\/p>\n<p class=\"link-more\"><a href=\"http:\/\/susanne-frey.de\/?page_id=49\" class=\"more-link\"><span class=\"screen-reader-text\">\u201ePollicino\u201c<\/span> weiterlesen<\/a><\/p>\n","protected":false},"author":1,"featured_media":0,"parent":0,"menu_order":0,"comment_status":"closed","ping_status":"closed","template":"","meta":{"ngg_post_thumbnail":0},"_links":{"self":[{"href":"http:\/\/susanne-frey.de\/index.php?rest_route=\/wp\/v2\/pages\/49"}],"collection":[{"href":"http:\/\/susanne-frey.de\/index.php?rest_route=\/wp\/v2\/pages"}],"about":[{"href":"http:\/\/susanne-frey.de\/index.php?rest_route=\/wp\/v2\/types\/page"}],"author":[{"embeddable":true,"href":"http:\/\/susanne-frey.de\/index.php?rest_route=\/wp\/v2\/users\/1"}],"replies":[{"embeddable":true,"href":"http:\/\/susanne-frey.de\/index.php?rest_route=%2Fwp%2Fv2%2Fcomments&post=49"}],"version-history":[{"count":9,"href":"http:\/\/susanne-frey.de\/index.php?rest_route=\/wp\/v2\/pages\/49\/revisions"}],"predecessor-version":[{"id":844,"href":"http:\/\/susanne-frey.de\/index.php?rest_route=\/wp\/v2\/pages\/49\/revisions\/844"}],"wp:attachment":[{"href":"http:\/\/susanne-frey.de\/index.php?rest_route=%2Fwp%2Fv2%2Fmedia&parent=49"}],"curies":[{"name":"wp","href":"https:\/\/api.w.org\/{rel}","templated":true}]}}