{"id":44,"date":"2020-02-23T14:55:36","date_gmt":"2020-02-23T14:55:36","guid":{"rendered":"http:\/\/susanne-frey.de\/?page_id=44"},"modified":"2020-04-14T18:58:41","modified_gmt":"2020-04-14T18:58:41","slug":"orlando-furioso-antonio-vivaldi","status":"publish","type":"page","link":"http:\/\/susanne-frey.de\/?page_id=44","title":{"rendered":"Orlando Furioso"},"content":{"rendered":"\n<p>Orlando Furioso von Antonio Vivaldi<br>Koproduktion&nbsp;<a href=\"https:\/\/www.staatstheater-nuernberg.de\" target=\"_blank\" rel=\"noreferrer noopener\">Theater N\u00fcrnberg<\/a>&nbsp;und&nbsp;<a rel=\"noreferrer noopener\" href=\"http:\/\/www.dehnbergerhoftheater.de\/\" target=\"_blank\">Dehnberger HofTheater<\/a>. Premiere am 28. Mai 2001.&nbsp;<\/p>\n\n\n\n<p>Musikalische Leitung: Wolfgang Riedelbauch<br>Inszenierung: Susanne Frey<br>Ausstattung: Heiko M\u00f6nnich<br>mit Rebecca Martin,&nbsp;<a rel=\"noreferrer noopener\" href=\"http:\/\/www.frances-pappas.com\/\" target=\"_blank\">Frances Pappas<\/a>,&nbsp;<a rel=\"noreferrer noopener\" href=\"http:\/\/www.jutta-boehnert.com\/\" target=\"_blank\">Jutta B\u00f6hnert<\/a>, <a rel=\"noreferrer noopener\" href=\"https:\/\/prudenskaya.de\" target=\"_blank\">Marina Prudenskaja<\/a>, Dariusz Siedlik, Albertus Engelbrecht , Hartmut Schmiedner und den N\u00fcrnberger Philharmonikern&nbsp;<br>&#8222;AZ-Stern der Woche&#8220; der Abendzeitung N\u00fcrnberg f\u00fcr Rebecca Martin als &#8222;Orlando&#8220;.&nbsp;<\/p>\n\n\n\n<div class=\"wp-block-glsb-gosign-logo-slider-block gosign-logo-slider\" data-slick=\"{&quot;dots&quot;:false,&quot;infinite&quot;:true,&quot;arrows&quot;:false,&quot;speed&quot;:800,&quot;slidesToShow&quot;:1,&quot;slidesToScroll&quot;:1,&quot;autoplay&quot;:true,&quot;autoplaySpeed&quot;:2500,&quot;gosignAllowLinkOnImages&quot;:false}\"><div class=\"logo-slider-item\"><img loading=\"lazy\" width=\"1024\" height=\"683\" src=\"http:\/\/susanne-frey.de\/wp-content\/uploads\/2020\/04\/Orlando_1-1024x683.jpg\" alt=\"\" data-id=\"472\" data-link=\"http:\/\/susanne-frey.de\/?attachment_id=472\" class=\"wp-image-472\" srcset=\"http:\/\/susanne-frey.de\/wp-content\/uploads\/2020\/04\/Orlando_1-1024x683.jpg 1024w, http:\/\/susanne-frey.de\/wp-content\/uploads\/2020\/04\/Orlando_1-300x200.jpg 300w, http:\/\/susanne-frey.de\/wp-content\/uploads\/2020\/04\/Orlando_1-768x512.jpg 768w, http:\/\/susanne-frey.de\/wp-content\/uploads\/2020\/04\/Orlando_1.jpg 1200w\" sizes=\"(max-width: 706px) 89vw, (max-width: 767px) 82vw, 740px\" \/><\/div><div class=\"logo-slider-item\"><img loading=\"lazy\" width=\"1024\" height=\"683\" src=\"http:\/\/susanne-frey.de\/wp-content\/uploads\/2020\/04\/Orlando_9-1024x683.jpg\" alt=\"\" data-id=\"480\" data-link=\"http:\/\/susanne-frey.de\/?attachment_id=480\" class=\"wp-image-480\" srcset=\"http:\/\/susanne-frey.de\/wp-content\/uploads\/2020\/04\/Orlando_9-1024x683.jpg 1024w, http:\/\/susanne-frey.de\/wp-content\/uploads\/2020\/04\/Orlando_9-300x200.jpg 300w, http:\/\/susanne-frey.de\/wp-content\/uploads\/2020\/04\/Orlando_9-768x512.jpg 768w, http:\/\/susanne-frey.de\/wp-content\/uploads\/2020\/04\/Orlando_9.jpg 1200w\" sizes=\"(max-width: 706px) 89vw, (max-width: 767px) 82vw, 740px\" \/><\/div><div class=\"logo-slider-item\"><img loading=\"lazy\" width=\"1024\" height=\"683\" src=\"http:\/\/susanne-frey.de\/wp-content\/uploads\/2020\/04\/Orlando_15-1024x683.jpg\" alt=\"\" data-id=\"486\" data-link=\"http:\/\/susanne-frey.de\/?attachment_id=486\" class=\"wp-image-486\" srcset=\"http:\/\/susanne-frey.de\/wp-content\/uploads\/2020\/04\/Orlando_15-1024x683.jpg 1024w, http:\/\/susanne-frey.de\/wp-content\/uploads\/2020\/04\/Orlando_15-300x200.jpg 300w, http:\/\/susanne-frey.de\/wp-content\/uploads\/2020\/04\/Orlando_15-768x512.jpg 768w, http:\/\/susanne-frey.de\/wp-content\/uploads\/2020\/04\/Orlando_15.jpg 1200w\" sizes=\"(max-width: 706px) 89vw, (max-width: 767px) 82vw, 740px\" \/><\/div><div class=\"logo-slider-item\"><img loading=\"lazy\" width=\"1024\" height=\"683\" src=\"http:\/\/susanne-frey.de\/wp-content\/uploads\/2020\/04\/Orlando_12-1024x683.jpg\" alt=\"\" data-id=\"483\" data-link=\"http:\/\/susanne-frey.de\/?attachment_id=483\" class=\"wp-image-483\" srcset=\"http:\/\/susanne-frey.de\/wp-content\/uploads\/2020\/04\/Orlando_12-1024x683.jpg 1024w, http:\/\/susanne-frey.de\/wp-content\/uploads\/2020\/04\/Orlando_12-300x200.jpg 300w, http:\/\/susanne-frey.de\/wp-content\/uploads\/2020\/04\/Orlando_12-768x512.jpg 768w, http:\/\/susanne-frey.de\/wp-content\/uploads\/2020\/04\/Orlando_12.jpg 1200w\" sizes=\"(max-width: 706px) 89vw, (max-width: 767px) 82vw, 740px\" \/><\/div><div class=\"logo-slider-item\"><img loading=\"lazy\" width=\"1024\" height=\"683\" src=\"http:\/\/susanne-frey.de\/wp-content\/uploads\/2020\/04\/Orlando_16-1024x683.jpg\" alt=\"\" data-id=\"487\" data-link=\"http:\/\/susanne-frey.de\/?attachment_id=487\" class=\"wp-image-487\" srcset=\"http:\/\/susanne-frey.de\/wp-content\/uploads\/2020\/04\/Orlando_16-1024x683.jpg 1024w, http:\/\/susanne-frey.de\/wp-content\/uploads\/2020\/04\/Orlando_16-300x200.jpg 300w, http:\/\/susanne-frey.de\/wp-content\/uploads\/2020\/04\/Orlando_16-768x512.jpg 768w, http:\/\/susanne-frey.de\/wp-content\/uploads\/2020\/04\/Orlando_16.jpg 1200w\" sizes=\"(max-width: 706px) 89vw, (max-width: 767px) 82vw, 740px\" \/><\/div><div class=\"logo-slider-item\"><img loading=\"lazy\" width=\"1024\" height=\"683\" src=\"http:\/\/susanne-frey.de\/wp-content\/uploads\/2020\/04\/Orlando_11-1024x683.jpg\" alt=\"\" data-id=\"482\" data-link=\"http:\/\/susanne-frey.de\/?attachment_id=482\" class=\"wp-image-482\" srcset=\"http:\/\/susanne-frey.de\/wp-content\/uploads\/2020\/04\/Orlando_11-1024x683.jpg 1024w, http:\/\/susanne-frey.de\/wp-content\/uploads\/2020\/04\/Orlando_11-300x200.jpg 300w, http:\/\/susanne-frey.de\/wp-content\/uploads\/2020\/04\/Orlando_11-768x512.jpg 768w, http:\/\/susanne-frey.de\/wp-content\/uploads\/2020\/04\/Orlando_11.jpg 1200w\" sizes=\"(max-width: 706px) 89vw, (max-width: 767px) 82vw, 740px\" \/><\/div><div class=\"logo-slider-item\"><img loading=\"lazy\" width=\"1024\" height=\"683\" src=\"http:\/\/susanne-frey.de\/wp-content\/uploads\/2020\/04\/Orlando_10-1024x683.jpg\" alt=\"\" data-id=\"481\" data-link=\"http:\/\/susanne-frey.de\/?attachment_id=481\" class=\"wp-image-481\" srcset=\"http:\/\/susanne-frey.de\/wp-content\/uploads\/2020\/04\/Orlando_10-1024x683.jpg 1024w, http:\/\/susanne-frey.de\/wp-content\/uploads\/2020\/04\/Orlando_10-300x200.jpg 300w, http:\/\/susanne-frey.de\/wp-content\/uploads\/2020\/04\/Orlando_10-768x512.jpg 768w, http:\/\/susanne-frey.de\/wp-content\/uploads\/2020\/04\/Orlando_10.jpg 1200w\" sizes=\"(max-width: 706px) 89vw, (max-width: 767px) 82vw, 740px\" \/><\/div><div class=\"logo-slider-item\"><img loading=\"lazy\" width=\"1024\" height=\"683\" src=\"http:\/\/susanne-frey.de\/wp-content\/uploads\/2020\/04\/Orlando_8-1024x683.jpg\" alt=\"\" data-id=\"479\" data-link=\"http:\/\/susanne-frey.de\/?attachment_id=479\" class=\"wp-image-479\" srcset=\"http:\/\/susanne-frey.de\/wp-content\/uploads\/2020\/04\/Orlando_8-1024x683.jpg 1024w, http:\/\/susanne-frey.de\/wp-content\/uploads\/2020\/04\/Orlando_8-300x200.jpg 300w, http:\/\/susanne-frey.de\/wp-content\/uploads\/2020\/04\/Orlando_8-768x512.jpg 768w, http:\/\/susanne-frey.de\/wp-content\/uploads\/2020\/04\/Orlando_8.jpg 1200w\" sizes=\"(max-width: 706px) 89vw, (max-width: 767px) 82vw, 740px\" \/><\/div><div class=\"logo-slider-item\"><img loading=\"lazy\" width=\"1024\" height=\"683\" src=\"http:\/\/susanne-frey.de\/wp-content\/uploads\/2020\/04\/Orlando_14-1024x683.jpg\" alt=\"\" data-id=\"485\" data-link=\"http:\/\/susanne-frey.de\/?attachment_id=485\" class=\"wp-image-485\" srcset=\"http:\/\/susanne-frey.de\/wp-content\/uploads\/2020\/04\/Orlando_14-1024x683.jpg 1024w, http:\/\/susanne-frey.de\/wp-content\/uploads\/2020\/04\/Orlando_14-300x200.jpg 300w, http:\/\/susanne-frey.de\/wp-content\/uploads\/2020\/04\/Orlando_14-768x512.jpg 768w, http:\/\/susanne-frey.de\/wp-content\/uploads\/2020\/04\/Orlando_14.jpg 1200w\" sizes=\"(max-width: 706px) 89vw, (max-width: 767px) 82vw, 740px\" \/><\/div><div class=\"logo-slider-item\"><img loading=\"lazy\" width=\"1024\" height=\"683\" src=\"http:\/\/susanne-frey.de\/wp-content\/uploads\/2020\/04\/Orlando_13-1024x683.jpg\" alt=\"\" data-id=\"484\" data-link=\"http:\/\/susanne-frey.de\/?attachment_id=484\" class=\"wp-image-484\" srcset=\"http:\/\/susanne-frey.de\/wp-content\/uploads\/2020\/04\/Orlando_13-1024x683.jpg 1024w, http:\/\/susanne-frey.de\/wp-content\/uploads\/2020\/04\/Orlando_13-300x200.jpg 300w, http:\/\/susanne-frey.de\/wp-content\/uploads\/2020\/04\/Orlando_13-768x512.jpg 768w, http:\/\/susanne-frey.de\/wp-content\/uploads\/2020\/04\/Orlando_13.jpg 1200w\" sizes=\"(max-width: 706px) 89vw, (max-width: 767px) 82vw, 740px\" \/><\/div><div class=\"logo-slider-item\"><img loading=\"lazy\" width=\"1024\" height=\"683\" src=\"http:\/\/susanne-frey.de\/wp-content\/uploads\/2020\/04\/Orlando_5-1024x683.jpg\" alt=\"\" data-id=\"476\" data-link=\"http:\/\/susanne-frey.de\/?attachment_id=476\" class=\"wp-image-476\" srcset=\"http:\/\/susanne-frey.de\/wp-content\/uploads\/2020\/04\/Orlando_5-1024x683.jpg 1024w, http:\/\/susanne-frey.de\/wp-content\/uploads\/2020\/04\/Orlando_5-300x200.jpg 300w, http:\/\/susanne-frey.de\/wp-content\/uploads\/2020\/04\/Orlando_5-768x512.jpg 768w, http:\/\/susanne-frey.de\/wp-content\/uploads\/2020\/04\/Orlando_5.jpg 1200w\" sizes=\"(max-width: 706px) 89vw, (max-width: 767px) 82vw, 740px\" \/><\/div><div class=\"logo-slider-item\"><img loading=\"lazy\" width=\"1024\" height=\"683\" src=\"http:\/\/susanne-frey.de\/wp-content\/uploads\/2020\/04\/Orlando_7-1024x683.jpg\" alt=\"\" data-id=\"478\" data-link=\"http:\/\/susanne-frey.de\/?attachment_id=478\" class=\"wp-image-478\" srcset=\"http:\/\/susanne-frey.de\/wp-content\/uploads\/2020\/04\/Orlando_7-1024x683.jpg 1024w, http:\/\/susanne-frey.de\/wp-content\/uploads\/2020\/04\/Orlando_7-300x200.jpg 300w, http:\/\/susanne-frey.de\/wp-content\/uploads\/2020\/04\/Orlando_7-768x512.jpg 768w, http:\/\/susanne-frey.de\/wp-content\/uploads\/2020\/04\/Orlando_7.jpg 1200w\" sizes=\"(max-width: 706px) 89vw, (max-width: 767px) 82vw, 740px\" \/><\/div><div class=\"logo-slider-item\"><img loading=\"lazy\" width=\"1024\" height=\"683\" src=\"http:\/\/susanne-frey.de\/wp-content\/uploads\/2020\/04\/Orlando_4-1024x683.jpg\" alt=\"\" data-id=\"475\" data-link=\"http:\/\/susanne-frey.de\/?attachment_id=475\" class=\"wp-image-475\" srcset=\"http:\/\/susanne-frey.de\/wp-content\/uploads\/2020\/04\/Orlando_4-1024x683.jpg 1024w, http:\/\/susanne-frey.de\/wp-content\/uploads\/2020\/04\/Orlando_4-300x200.jpg 300w, http:\/\/susanne-frey.de\/wp-content\/uploads\/2020\/04\/Orlando_4-768x512.jpg 768w, http:\/\/susanne-frey.de\/wp-content\/uploads\/2020\/04\/Orlando_4.jpg 1200w\" sizes=\"(max-width: 706px) 89vw, (max-width: 767px) 82vw, 740px\" \/><\/div><div class=\"logo-slider-item\"><img loading=\"lazy\" width=\"1024\" height=\"683\" src=\"http:\/\/susanne-frey.de\/wp-content\/uploads\/2020\/04\/Orlando_3-1024x683.jpg\" alt=\"\" data-id=\"474\" data-link=\"http:\/\/susanne-frey.de\/?attachment_id=474\" class=\"wp-image-474\" srcset=\"http:\/\/susanne-frey.de\/wp-content\/uploads\/2020\/04\/Orlando_3-1024x683.jpg 1024w, http:\/\/susanne-frey.de\/wp-content\/uploads\/2020\/04\/Orlando_3-300x200.jpg 300w, http:\/\/susanne-frey.de\/wp-content\/uploads\/2020\/04\/Orlando_3-768x512.jpg 768w, http:\/\/susanne-frey.de\/wp-content\/uploads\/2020\/04\/Orlando_3.jpg 1200w\" sizes=\"(max-width: 706px) 89vw, (max-width: 767px) 82vw, 740px\" \/><\/div><div class=\"logo-slider-item\"><img loading=\"lazy\" width=\"1024\" height=\"683\" src=\"http:\/\/susanne-frey.de\/wp-content\/uploads\/2020\/04\/Orlando_6-1024x683.jpg\" alt=\"\" data-id=\"477\" data-link=\"http:\/\/susanne-frey.de\/?attachment_id=477\" class=\"wp-image-477\" srcset=\"http:\/\/susanne-frey.de\/wp-content\/uploads\/2020\/04\/Orlando_6-1024x683.jpg 1024w, http:\/\/susanne-frey.de\/wp-content\/uploads\/2020\/04\/Orlando_6-300x200.jpg 300w, http:\/\/susanne-frey.de\/wp-content\/uploads\/2020\/04\/Orlando_6-768x512.jpg 768w, http:\/\/susanne-frey.de\/wp-content\/uploads\/2020\/04\/Orlando_6.jpg 1200w\" sizes=\"(max-width: 706px) 89vw, (max-width: 767px) 82vw, 740px\" \/><\/div><div class=\"logo-slider-item\"><img loading=\"lazy\" width=\"1024\" height=\"683\" src=\"http:\/\/susanne-frey.de\/wp-content\/uploads\/2020\/04\/Orlando_17-1024x683.jpg\" alt=\"\" data-id=\"488\" data-link=\"http:\/\/susanne-frey.de\/?attachment_id=488\" class=\"wp-image-488\" srcset=\"http:\/\/susanne-frey.de\/wp-content\/uploads\/2020\/04\/Orlando_17-1024x683.jpg 1024w, http:\/\/susanne-frey.de\/wp-content\/uploads\/2020\/04\/Orlando_17-300x200.jpg 300w, http:\/\/susanne-frey.de\/wp-content\/uploads\/2020\/04\/Orlando_17-768x512.jpg 768w, http:\/\/susanne-frey.de\/wp-content\/uploads\/2020\/04\/Orlando_17.jpg 1200w\" sizes=\"(max-width: 706px) 89vw, (max-width: 767px) 82vw, 740px\" \/><\/div><div class=\"logo-slider-item\"><img loading=\"lazy\" width=\"1024\" height=\"683\" src=\"http:\/\/susanne-frey.de\/wp-content\/uploads\/2020\/04\/Orlando_19-1024x683.jpg\" alt=\"\" data-id=\"490\" data-link=\"http:\/\/susanne-frey.de\/?attachment_id=490\" class=\"wp-image-490\" srcset=\"http:\/\/susanne-frey.de\/wp-content\/uploads\/2020\/04\/Orlando_19-1024x683.jpg 1024w, http:\/\/susanne-frey.de\/wp-content\/uploads\/2020\/04\/Orlando_19-300x200.jpg 300w, http:\/\/susanne-frey.de\/wp-content\/uploads\/2020\/04\/Orlando_19-768x512.jpg 768w, http:\/\/susanne-frey.de\/wp-content\/uploads\/2020\/04\/Orlando_19.jpg 1200w\" sizes=\"(max-width: 706px) 89vw, (max-width: 767px) 82vw, 740px\" \/><\/div><div class=\"logo-slider-item\"><img loading=\"lazy\" width=\"1024\" height=\"683\" src=\"http:\/\/susanne-frey.de\/wp-content\/uploads\/2020\/04\/Orlando_18-1024x683.jpg\" alt=\"\" data-id=\"489\" data-link=\"http:\/\/susanne-frey.de\/?attachment_id=489\" class=\"wp-image-489\" srcset=\"http:\/\/susanne-frey.de\/wp-content\/uploads\/2020\/04\/Orlando_18-1024x683.jpg 1024w, http:\/\/susanne-frey.de\/wp-content\/uploads\/2020\/04\/Orlando_18-300x200.jpg 300w, http:\/\/susanne-frey.de\/wp-content\/uploads\/2020\/04\/Orlando_18-768x512.jpg 768w, http:\/\/susanne-frey.de\/wp-content\/uploads\/2020\/04\/Orlando_18.jpg 1200w\" sizes=\"(max-width: 706px) 89vw, (max-width: 767px) 82vw, 740px\" \/><\/div><\/div>\n\n\n\n<p><br>Fotos \u00a9 Heiko M\u00f6nnich<\/p>\n\n\n\n<p>In einer eigens erstellten zweist\u00fcndigen Fassung. Die Rezitative wurden in heutiges Deutsch \u00fcbertragen und von Wolfgang Riedelbauch im Stile Vivaldis musikalisch neu gestaltet. Die Arien verblieben im italienischen Original.&nbsp;<\/p>\n","protected":false},"excerpt":{"rendered":"<p>Orlando Furioso von Antonio VivaldiKoproduktion&nbsp;Theater N\u00fcrnberg&nbsp;und&nbsp;Dehnberger HofTheater. Premiere am 28. Mai 2001.&nbsp; Musikalische Leitung: Wolfgang RiedelbauchInszenierung: Susanne FreyAusstattung: Heiko M\u00f6nnichmit Rebecca Martin,&nbsp;Frances Pappas,&nbsp;Jutta B\u00f6hnert, Marina Prudenskaja, Dariusz Siedlik, Albertus Engelbrecht , Hartmut Schmiedner und den N\u00fcrnberger Philharmonikern&nbsp;&#8222;AZ-Stern der Woche&#8220; der Abendzeitung N\u00fcrnberg f\u00fcr Rebecca Martin als &#8222;Orlando&#8220;.&nbsp; Fotos \u00a9 Heiko M\u00f6nnich In einer eigens erstellten &hellip; <\/p>\n<p class=\"link-more\"><a href=\"http:\/\/susanne-frey.de\/?page_id=44\" class=\"more-link\"><span class=\"screen-reader-text\">\u201eOrlando Furioso\u201c<\/span> weiterlesen<\/a><\/p>\n","protected":false},"author":1,"featured_media":0,"parent":0,"menu_order":0,"comment_status":"closed","ping_status":"closed","template":"","meta":{"ngg_post_thumbnail":0},"_links":{"self":[{"href":"http:\/\/susanne-frey.de\/index.php?rest_route=\/wp\/v2\/pages\/44"}],"collection":[{"href":"http:\/\/susanne-frey.de\/index.php?rest_route=\/wp\/v2\/pages"}],"about":[{"href":"http:\/\/susanne-frey.de\/index.php?rest_route=\/wp\/v2\/types\/page"}],"author":[{"embeddable":true,"href":"http:\/\/susanne-frey.de\/index.php?rest_route=\/wp\/v2\/users\/1"}],"replies":[{"embeddable":true,"href":"http:\/\/susanne-frey.de\/index.php?rest_route=%2Fwp%2Fv2%2Fcomments&post=44"}],"version-history":[{"count":8,"href":"http:\/\/susanne-frey.de\/index.php?rest_route=\/wp\/v2\/pages\/44\/revisions"}],"predecessor-version":[{"id":849,"href":"http:\/\/susanne-frey.de\/index.php?rest_route=\/wp\/v2\/pages\/44\/revisions\/849"}],"wp:attachment":[{"href":"http:\/\/susanne-frey.de\/index.php?rest_route=%2Fwp%2Fv2%2Fmedia&parent=44"}],"curies":[{"name":"wp","href":"https:\/\/api.w.org\/{rel}","templated":true}]}}