{"id":240,"date":"2020-02-24T11:31:20","date_gmt":"2020-02-24T11:31:20","guid":{"rendered":"http:\/\/susanne-frey.de\/?page_id=240"},"modified":"2022-08-26T20:01:23","modified_gmt":"2022-08-26T20:01:23","slug":"inszenierungen","status":"publish","type":"page","link":"http:\/\/susanne-frey.de\/?page_id=240","title":{"rendered":"Inszenierungen"},"content":{"rendered":"\n<p><strong>Opern<\/strong><br>Wunderland<br>The brothers \/ Venus in Africa<br>Ariadne auf Naxos<br>Der Schauspieldirektor<br>Cosi fan tutte<br>Pollicino<br>Der Freisch\u00fctz<br>Orlando furioso<\/p>\n\n\n\n<p><strong>Oratorien<\/strong><br>Mass<br>Jephtha<br>Saul<br>Joshua<\/p>\n\n\n\n<p><strong>Schauspiel<\/strong><br>Wie werde ich reich und gl\u00fccklich?<br>Der Mustergatte<br>Die Kaktusbl\u00fcte<br>Meisterklasse<\/p>\n\n\n\n<p><strong>St\u00fcckentwicklungen<\/strong><br>We too \u2013 ein Musiktheaterabend \u00fcber Macht und Ohnmacht<br>Kein sch\u00f6ner Land<br>Venus &amp; Adonis<br>Mozart.M\u00fczik \u2013 ein Hochzeitsfest!<br>Voix d\u2019exil<br>La voix. Die Stimme<br>Die Katze l\u00e4sst das Mausen nicht<\/p>\n\n\n\n<p><strong>Inszenierte Konzerte<br><\/strong>Endlich<br>Land schafft Klang<br>eis zeit los<\/p>\n","protected":false},"excerpt":{"rendered":"<p>OpernWunderlandThe brothers \/ Venus in AfricaAriadne auf NaxosDer SchauspieldirektorCosi fan tuttePollicinoDer Freisch\u00fctzOrlando furioso OratorienMassJephthaSaulJoshua SchauspielWie werde ich reich und gl\u00fccklich?Der MustergatteDie Kaktusbl\u00fcteMeisterklasse St\u00fcckentwicklungenWe too \u2013 ein Musiktheaterabend \u00fcber Macht und OhnmachtKein sch\u00f6ner LandVenus &amp; AdonisMozart.M\u00fczik \u2013 ein Hochzeitsfest!Voix d\u2019exilLa voix. Die StimmeDie Katze l\u00e4sst das Mausen nicht Inszenierte KonzerteEndlichLand schafft Klangeis zeit los<\/p>\n","protected":false},"author":1,"featured_media":0,"parent":0,"menu_order":0,"comment_status":"closed","ping_status":"closed","template":"","meta":{"ngg_post_thumbnail":0},"_links":{"self":[{"href":"http:\/\/susanne-frey.de\/index.php?rest_route=\/wp\/v2\/pages\/240"}],"collection":[{"href":"http:\/\/susanne-frey.de\/index.php?rest_route=\/wp\/v2\/pages"}],"about":[{"href":"http:\/\/susanne-frey.de\/index.php?rest_route=\/wp\/v2\/types\/page"}],"author":[{"embeddable":true,"href":"http:\/\/susanne-frey.de\/index.php?rest_route=\/wp\/v2\/users\/1"}],"replies":[{"embeddable":true,"href":"http:\/\/susanne-frey.de\/index.php?rest_route=%2Fwp%2Fv2%2Fcomments&post=240"}],"version-history":[{"count":4,"href":"http:\/\/susanne-frey.de\/index.php?rest_route=\/wp\/v2\/pages\/240\/revisions"}],"predecessor-version":[{"id":918,"href":"http:\/\/susanne-frey.de\/index.php?rest_route=\/wp\/v2\/pages\/240\/revisions\/918"}],"wp:attachment":[{"href":"http:\/\/susanne-frey.de\/index.php?rest_route=%2Fwp%2Fv2%2Fmedia&parent=240"}],"curies":[{"name":"wp","href":"https:\/\/api.w.org\/{rel}","templated":true}]}}