{"id":133,"date":"2020-02-23T16:27:57","date_gmt":"2020-02-23T16:27:57","guid":{"rendered":"http:\/\/susanne-frey.de\/?page_id=133"},"modified":"2025-10-19T07:54:05","modified_gmt":"2025-10-19T07:54:05","slug":"regieassistenzen-tv","status":"publish","type":"page","link":"http:\/\/susanne-frey.de\/?page_id=133","title":{"rendered":"Regieassistenzen AV (Auswahl)"},"content":{"rendered":"\n<p>BPhilMedia (Digital Concert Hall)<br>Kirill Petrenko mit Gustav Mahler: Symphonie Nr. 9<br>Berliner Philharmoniker, 2025 (Bildregie: Michael Beyer)<\/p>\n\n\n\n<p>BPhilMedia (Digital Concert Hall)<br>Dalia Stasevska mit Werken von Jean Sibelius, Edvard Grieg, Kaija Saariaho und Claude Debussy<br>Berliner Philharmoniker, 2025 (Bildregie: Andreas Morell)<\/p>\n\n\n\n<p>BPhilMedia (Digital Concert Hall)<br>Simone Young mit Werken von Rihm und Bruckner<br>Berliner Philharmoniker, 2024 (Bildregie: Andreas Morell)<\/p>\n\n\n\n<p>BPhilMedia (Digital Concert Hall)<br>Paavo J\u00e4rvi mit Werken von Veljo Tormis, Dmitri Schostakowitsch und Anton Bruckner<br>Berliner Philharmoniker, 2024 (Bildregie: Hannah Dorn)<\/p>\n\n\n\n<p>Naxos<br>Johann Strau\u00df: Die Fledermaus<br>Bayerische Staatsoper M\u00fcnchen, 2023 (Bildregie: Myriam Hoyer)<\/p>\n\n\n\n<p>SWR<br>Die sch\u00f6ne M\u00fcllerin und die unerf\u00fcllte Liebe<br>Schuberts Liederzyklus mit Julian Pr\u00e9gardien<br>SWR, 2023 (Bildregie: Nanna Schmidt)<\/p>\n\n\n\n<p>euroarts \/ SWR<br>150th Anniversary of Sergei Rachmaninoff<br>Festspielhaus Baden-Baden, 2023 (Bildregie: Nele M\u00fcnchmayer)<\/p>\n\n\n\n<p>euroarts \/ Arte<br>Mikael Karlsson: Melancholia&nbsp;<br>Royal Swedish Opera Stockholm, 2023 (Bildregie: Andreas Morell)<\/p>\n\n\n\n<p>SWR<br>Teodor Currentzis dirigiert Nikodijevic und Schostakowitsch<br>Liederhalle Stuttgart, 2023 (Bildregie: Nele M\u00fcnchmayer)<\/p>\n\n\n\n<p>BPhilMedia (Digital Concert Hall)<br>Er\u00f6ffnungskonzert mit Kirill Peternko<br>Berliner Philharmoniker, 2023 (Bildregie: Hannah Dorn)<\/p>\n\n\n\n<p>Unitel \/ ORF\/ Arte<br>Giuseppe Verdi: Macbeth<br>Salzburger Festspiele, 2023 (Bildregie: Henning Kasten)<\/p>\n\n\n\n<p>BPhilMedia (Digital Concert Hall)<br>Ein amerikanischer Abend mit Gustavo Dudamel<br>Berliner Philharmoniker, 2023 (Bildregie: Michael Beyer)<\/p>\n\n\n\n<p>SWR<br>Kinderkonzert und Schulkonzert: Das Ligeti-Experiment<br>Konzerthaus Freiburg, 2023 (Bildregie: Nanna Schmidt)<\/p>\n\n\n\n<p>BPhilMedia (Digital Concert Hall)<br>Kirill Peternko dirigiert Elias<br>Berliner Philharmoniker, 2023 (Bildregie: Andreas Morell)<\/p>\n\n\n\n<p>Kinescope Film<br>John Neumeier: Dona nobis pacem<br>Staatsoper Hamburg, 2022 (Bildregie: Myriam Hoyer)<\/p>\n\n\n\n<p>BPhilMedia (Digital Concert Hall)<br>Kirill Peternko mit Werken von Norman, Mozart und Korngold<br>Berliner Philharmoniker, 2022 (Bildregie: Andreas Morell)<\/p>\n\n\n\n<p>Salve TV<br>La Fura dels Baus \u2013 Free Bach<br>Alte Oper Frankfurt, 2022 (Bildregie: Catharina Kleber)<\/p>\n\n\n\n<p>BPhilMedia (Digital Concert Hall)<br>Kirill Petrenko mit Werken von Xenakis, Zimmermann und Dallapiccola<br>Berliner Philharmoniker, 2022 (Bildregie: Hannah Dorn)<\/p>\n\n\n\n<p>euroarts<br>Young Euro Classic: Chineke!<br>Konzerthaus Berlin, 2022 (Bildregie: Andreas Morell)<\/p>\n\n\n\n<p>BPhilMedia (Digital Concert Hall)<\/p>\n\n\n\n<p>Kirill Peternko mit Werken von Vasks. Silvestrov, Berio, Jan\u00e1cek und Sibelius<\/p>\n\n\n\n<p>Berliner Philharmoniker, 2022 (Bildregie: Michael Beyer)<\/p>\n\n\n\n<p>3sat<br>humanist\u00e4a! nach Ernst Jandl<br>Volkstheater Wien, 2022 (Bildregie: Andreas Morell)<\/p>\n\n\n\n<p>BPhil Media (Digital Concert Hall)<br>Verdi-Requiem mit Daniel Barenboim<br>Berliner Philharmoniker, 2022 (Bildregie: Andreas Morell)<\/p>\n\n\n\n<p>BPhil Media (Digital Concert Hall)<br>Gustav Mahler Symphonie Nr. 2 mit Gustavo Dudamel<br>Berliner Philharmoniker, 2022 (Bildregie: Michael Beyer)<\/p>\n\n\n\n<p>BPhil Media (Digital Concert Hall)<br>Gustav Mahler Symphonie Nr. 3 mit Zubin Mehta&nbsp;<br>Berliner Philharmoniker, 2021 (Bildregie: Andreas Morell)<\/p>\n\n\n\n<p>RBB<br>Gala-Konzert f\u00fcr die Deutsche Aids-Stiftung<br>Deutsche Oper Berlin, 2021 (Bildregie: Hannah Dorn)<\/p>\n\n\n\n<p>3 B Produktion<br>Franz Schubert: 9. Symphonie mit Joana Mallwitz<br>Konzerthaus Berlin 2020 (Bildregie: Andreas Morell)<\/p>\n\n\n\n<p>BPhil Media (Digital Concert Hall)<br>Herbert Blomstedt mit Anton Bruckner Symphonie Nr. 5<br>Berliner Philharmoniker, 2021 (Bildregie: Hannah Dorn)<\/p>\n\n\n\n<p>Sounding images<br>Giora Feidmann \u2013 Geburtstagskonzert zum 85.<br>J\u00fcdisches Museum Berlin 2021 (Bildregie: Andreas Morell)<\/p>\n\n\n\n<p>Unitel<br>Young Concert Classic: Bundesjugendorchester<br>Konzerthaus Berlin 2021 (Bildregie: Nele M\u00fcnchmeyer)<\/p>\n\n\n\n<p>Saxonia \/ MDR<br>Er\u00f6ffnungskonzert MDR Musiksommer<br>Energiefabrik Knappenrode, 2021 (Bildregie: Joachim J\u00e4ckel)<\/p>\n\n\n\n<p>BPhil Medie \/ Unitel<br>Rundfunk-Sinfonieorchester Berlin mit Strawinsky<br>Philharmonie Berlin, 2021 (Bildregie: Michael Beyer)<\/p>\n\n\n\n<p>BPhil Media (Digital Concert Hall)<br>Herbert Blomstedt mit Sibelius und Brahms<br>Berliner Philharmoniker, 2021 (Bildregie: Hannah Dorn)<\/p>\n\n\n\n<p>3sat<br>Friedrich Schiller: Maria Stuart<br>Deutsches Theater Berlin, 2021 (Bildregie: Andreas Morell)<\/p>\n\n\n\n<p>3B-Produktion<br>Sinfonie Path\u00e9tique u.a. mit Joana Mallwitz<br>Konzerthaus Berlin, 2020 (Bildregie: Andreas Morell)<\/p>\n\n\n\n<p>Unitel<br>Tschaikowsky-Liederabend von Christof Loy<br>Oper Frankfurt, 2021 (Bildregie: Michael Beyer)<\/p>\n\n\n\n<p>3B-Produktion<br>Franz Schubert: 9. Symphonie mit Joana Mallwitz<br>Konzerthaus Berlin, 2020 (Bildregie: Andreas Morell)<\/p>\n\n\n\n<p>BPhil Media (Digital Concert Hall)<br>Marc Minkowski mit Haydn und Beethoven<br>Berliner Philharmoniker, 2020 (Bildregie: Hannah Dorn)<\/p>\n\n\n\n<p>BPhil Media (Digital Concert Hall)<br>Saison-Er\u00f6ffnung Kirill Petrenko<br>Berliner Philharmoniker, 2020 (Bildregie: Andreas Morell)<\/p>\n\n\n\n<p>BPhil Media (Digital Concert Hall)<br>Marc Minkowski mit Haydn und Beethoven<br>Oktober 2020 (Bildregie: Hannah Dorn)<\/p>\n\n\n\n<p>BPhil Media (Digital Concert Hall)<br>Saison-Er\u00f6ffnung Kirill Petrenko<br>August 2020 (Bildregie: Andreas Morell)<\/p>\n\n\n\n<p>Unitel \/ ORF<br>Richard Strauss: Elektra<br>Salzburger Festspiele 2020, (Bildregie: Myriam Hoyer)<\/p>\n\n\n\n<p>BPhilMedia (Digital Concert Hall)<br>Gustav Mahlers dritte Symphonie <br>Berliner Philharmoniker, 2020 (Bildregie: Andreas Morell)<\/p>\n\n\n\n<p>BPhilMedia (Digital Concert Hall)<br>Mozart Klavierkonzert und Anton Bruckner, Symphonie Nr. 4<br>Berliner Philharmoniker, 2020 (Bildregie: Hannah Dorn)<\/p>\n\n\n\n<p>HR<br>Robert Schumann: Klavierkonzert und Dmitrij Schostakowitsch: 7. Sinfonie<br>Alte Oper Frankfurt, 2019 (Bildregie: Nele M\u00fcnchmeyer)<\/p>\n\n\n\n<p>BPhilMedia<br>Werke von Haydn, Bart\u00f3k und Var\u00e8se<br>Berliner Philharmoniker, 2019 (Bildregie: Andreas Morell)<\/p>\n\n\n\n<p>Unitel \/ SWR<br>Beethoven-Projekt, Hamburg Ballett John Neumeier<br>Festspielhaus Baden-Baden, 2019 (Bildregie: Myriam Hoyer)<\/p>\n\n\n\n<p>HR<br>Trifonov spielt Trifonov<br>Kurhaus Wiesbaden, 2019 (Bildregie: Nele M\u00fcnchmeyer)<\/p>\n\n\n\n<p>SWR<br>Elena Mendoza und Matthias Rebstock: Der Fall Babel<br>Schwetzinger Festspiele, 2019 (Bildregie: Nele M\u00fcnchmeyer)<\/p>\n\n\n\n<p>Euroarts \/ SWR<br>Verdi-Requiem<br>Baden-Baden, 2019 (Bildregie: Nele M\u00fcnchmeyer)<\/p>\n\n\n\n<p>Berlin Phil Media<br>Richard Strauss Symphonia domestica u.a.<br>Berliner Philharmoniker, 2019 (Bildregie: Andreas Morell)<\/p>\n\n\n\n<p>HR<br>Openair des HR Sinfonieorchester in Frankfurt, 2018 (Bildregie: Nele M\u00fcnchmeyer)<\/p>\n\n\n\n<p>SWR<br>Jos\u00e9 M. S\u00e1nchez-Verd\u00fa: Argo<br>Schwetzinger Festspiele, 2018 (Bildregie: Nele M\u00fcnchmeyer)<\/p>\n\n\n\n<p>3 B-Produktion<br>Mahler&amp;Mozart<br>Elbphilharmonie Hamburg, 2018 (Bildregie: Andreas Morell)<\/p>\n\n\n\n<p>BPhilMedia<br>Werke von Robert Schumann und Anton Bruckner<br>Berliner Philharmoniker, 2018 (Bildregie: Andreas Morell)<\/p>\n\n\n\n<p>BPhilMedia<br>Sibelius Symphonie Nr. 2 u.a.<br>Berliner Philharmoniker, September 2017 (Bildregie: Andreas Morell)<\/p>\n\n\n\n<p>BPhilMedia<br>Ludovic Morlot und Joyce Didonato<br>Berliner Philharmoniker, Juni 2017 (Bildregie: Andreas Morell)<\/p>\n\n\n\n<p>Arte concert \/ SWR<br>Monteverdi: L\u2019Incoronazione di Poppea<br>Schwetzinger Festspiele, 2017 (Bildregie: Nele M\u00fcnchmeyer)<\/p>\n\n\n\n<p>BPhil Media<br>Mozart und Mahler<br>NHK Symphony orchestra Tokyo, 2017 (Bildregie: Andreas Morell)<\/p>\n\n\n\n<p>BPhil Media<br>Beethoven und Bruckner mit Christian Thielemann<br>Berliner Philharmoniker, Dezember 2016 (Bildregie: Andreas Morell)<\/p>\n\n\n\n<p>takt1<br>Mozart Sinfonien Nr. 39, 40, 41 mit Daniel Harding und Mahler Chamber Orchestra<br>Konzerthaus Dortmund, 2016 (Regie: Regie: Michael Ciniselli)&nbsp;<\/p>\n\n\n\n<p>Berlin Phil Media<br>Werke von Ernest Chausson, Claude Debussy und Gabriel Faur\u00e9 mit Christian Thielemann<br>Berliner Philharmoniker, 2016 (Regie: Andreas Morell)&nbsp;<\/p>\n\n\n\n<p>Berlin Phil Media<br>Georg Friedrich H\u00e4ndel: La Resurrezione<br>Berliner Philharmoniker, 2014 (Regie: Andreas Morell)&nbsp;<\/p>\n\n\n\n<p>Berlin Phil Media<br>Johannes Brahms: 1. und 2. Klavierkonzert<br>Berliner Philharmoniker, 2014 (Regie: Andreas Morell)&nbsp;<\/p>\n\n\n\n<p>Moving images<br>Wolfgang Amadeus Mozart: Don Giovanni<br>Salzburger Festspiele, 2014 (Regie: Andreas Morell)&nbsp;<\/p>\n\n\n\n<p>Oper f\u00fcr alle<br>Giuseppe Verdi: Rigoletto<br>Opernhaus Z\u00fcrich, 2014 (Regie: Nele M\u00fcnchmeyer)&nbsp;<\/p>\n\n\n\n<p>SWR<br>Silvesterkonzert<br>Festspielhaus Baden-Baden, 2013 (Regie: Torben Schmidt)&nbsp;<\/p>\n\n\n\n<p>HR<br>Abschlusskonzert Rheingau Musikfestival<br>Festspielhaus Baden-Baden, 2013 (Regie: Michael Ciniselli)&nbsp;<\/p>\n\n\n\n<p>HR<br>Er\u00f6ffnungskonzert Rheingau Musikfestival<br>Kloster Eberbach, 2013 (Regie: Michael Ciniselli)&nbsp;<\/p>\n\n\n\n<p>Berlin Phil Media<br>Schumann: Szenen aus Goethes Faust<br>Berliner Philharmoniker, 2013 (Regie: Andreas Morell)&nbsp;<\/p>\n\n\n\n<p>HR<br>Er\u00f6ffnungskonzert Rheingau Musikfestival<br>Kloster Eberbach, 2012 (Regie: Michael Ciniselli)&nbsp;<\/p>\n\n\n\n<p>Berlin Phil Media<br>Strauss und Bruckner mit Christian Thielemann<br>Berliner Philharmoniker, 2012 (Regie: Andreas Morell)&nbsp;<\/p>\n\n\n\n<p>Berlin Phil Media<br>Gustav Mahler, Symphonie Nr. 3 u.a. mit Sir Simon Rattle<br>Berliner Philharmoniker, 2011 (Regie: Andreas Morell)&nbsp;<\/p>\n\n\n\n<p>Berlin Phil Media<br>Arnold Sch\u00f6nberg und Gustav Mahler mit Sir Simon Rattle<br>Berliner Philharmoniker, 2010 (Regie: Andreas Morell)&nbsp;<\/p>\n\n\n\n<p>Berlin Phil Media<br>Schostakowitsch und Berg mit Andris Nelsons<br>Berliner Philharmoniker, 2010 (Regie: Torben Schmidt)&nbsp;<\/p>\n\n\n\n<p>HR<br>Er\u00f6ffnungskonzert Rheingau Musikfestival<br>Kloster Eberbach 2010 (Regie: Michael Ciniselli)&nbsp;<\/p>\n\n\n\n<p>ZDF \/ 3sat<br>Jacques Offenbach, La P\u00e9richole<br>Komische Oper Berlin 2010 (Regie: Andreas Morell)&nbsp;<\/p>\n\n\n\n<p>Staatsoper f\u00fcr Alle<br>Peter I. Tschaikowky, Eugen Onegin<br>Staatsoper Unter den Linden, Berlin 2010 (Regie: Andreas Morell)&nbsp;<\/p>\n\n\n\n<p>ZDF\/3sat<br>Christoph Marthaler: Riesenbutzbach<br>Berliner Theatertreffen 2010 (Regie: Andreas Morell)&nbsp;<\/p>\n\n\n\n<p>Berlin Phil Media<br>Sibelius, Brahms, Weber, Grieg mit Neeme J\u00e4rvi&nbsp;<br>Berliner Philharmoniker, 2010 (Regie: Andreas Morell)&nbsp;<\/p>\n\n\n\n<p>Berlin Phil Media<br>Kurt\u00e1g, Brahms, Bart\u00f3k mit Bernard Haitink und Frank Peter Zimmermann<br>Berliner Philharmoniker, 2010 (Regie: Andreas Morell)&nbsp;<\/p>\n\n\n\n<p>Staatsoper f\u00fcr Alle<br>Richard Wagner: Tristan und Isolde<br>Konzert auf dem Bebelplatz<br>Staatsoper Unter den Linden, Berlin 2009 (Regie: Andreas Morell)&nbsp;<\/p>\n\n\n\n<p>Berlin Phil Media<br>Bart\u00f3k, Britten, Strauss mit Daniel Harding und Janine Jansen<br>Berliner Philharmoniker, 2009 (Regie: Andreas Morell)&nbsp;<\/p>\n\n\n\n<p>Moving images<br>Gustav Mahler: Symphonie Nr. 9<br>Staatskapelle Berlin, 2009 (Regie: Andreas Morell)&nbsp;<\/p>\n\n\n\n<p>Berlin Phil Media<br>Joseph Haydn: Orlando Paladino<br>Berliner Philharmoniker, 2009 (Regie: Andreas Morell)&nbsp;<\/p>\n\n\n\n<p>Berlin Phil Media<br>Gustav Mahler: Symphonie Nr. 3 d-Moll<br>Berliner Philharmoniker, 2008 (Regie: Andreas Morell)&nbsp;<\/p>\n\n\n\n<p>credo:film \/ arte \/ rbb<br>Jean Genet: Die Zofen<br>Volksb\u00fchne, Berlin 2008 (Regie: Andreas Morell)&nbsp;<\/p>\n\n\n\n<p>Staatsoper f\u00fcr Alle<br>Ludwig van Beethoven: Fidelio<br>Staatsoper Unter den Linden, Berlin 2008 (Regie: Andreas Morell)&nbsp;<\/p>\n\n\n\n<p>HR<br>Er\u00f6ffnungskonzert Rheingau Musikfestival<br>Kloster Eberbach 2008, (Regie: Michael Ciniselli)&nbsp;<\/p>\n\n\n\n<p>AVE<br>Monteverdi in Saint-Denis<br>Paris 2008, (Regie: Andreas Morell)&nbsp;<\/p>\n\n\n\n<p>euroarts<br>Giuseppe Verdi: Rigoletto<br>S\u00e4chsische Staatsoper Dresden 2008, (Regie: Andreas Morell)&nbsp;<\/p>\n\n\n\n<p>ZDF \/ 3sat<br>Cole Porter: Kiss me, Kate<br>Komische Oper Berlin 2008, (Regie: Andreas Morell)&nbsp;<\/p>\n\n\n\n<p>novapool<br>Gerhard Hauptmann: Die Ratten&nbsp;<br>Deutsches Theater Berlin 2008, (Regie: Andreas Morell)&nbsp;<\/p>\n\n\n\n<p>novapool<br>J.W.Goethe: Faust I + II&nbsp;<br>Theater Meiningen 2008, (Regie: Andreas Morell)&nbsp;<\/p>\n\n\n\n<p>ZDF \/ 3sat<br>Francis Poulenc: Dialogues des Carm\u00e9lites<br>Hamburgische Staatsoper 2008, (Regie: Andreas Morell)&nbsp;<\/p>\n\n\n\n<p>ZDF \/ 3sat<br>Marco Goecke: Der Nussknacker<br>Staatstheater Stuttgart 2007, (Regie: Andreas Morell)&nbsp;<\/p>\n\n\n\n<p>euroarts<br>Neujahrskonzert, Simon Bolivar Youth Orchestra<br>Caracas 2007, (Regie: Andreas Morell)&nbsp;<\/p>\n\n\n\n<p>SWR<br>Jaques Offenbach-Gala aus Z\u00fcrich<br>Tonhalle Z\u00fcrich 2007, (Regie: Nele M\u00fcnchmeyer)&nbsp;<\/p>\n\n\n\n<p>BFMI<br>Hector Berlioz: Benvenuto Cellini<br>Salzburger Festspiele 2007, (Regie: Andreas Morell)&nbsp;<\/p>\n\n\n\n<p>HR<br>Er\u00f6ffnungskonzert Rheingau Musikfestival 2007 (Regie: Michael Ciniselli)&nbsp;<\/p>\n\n\n\n<p>ZDF \/ 3sat<br>Franz Leh\u00e1r: Land des L\u00e4chelns<br>Komische Oper Berlin 2007, (Regie: Andreas Morell)&nbsp;<\/p>\n\n\n\n<p>BFMI<br>Jules Massenet: Manon<br>Staatoper Unter den Linden Berlin 2007, (Regie: Andreas Morell)&nbsp;<\/p>\n\n\n\n<p>euroarts<br>Engelbert Humperdinck: H\u00e4nsel und Gretel<br>Semperoper Dresden 2006, (Regie: Andreas Morell)&nbsp;<\/p>\n\n\n\n<p>BFMI<br>Mozart 22: Wolfgang Amadeus Mozart \/ Chaya Czernowin: Zaide . Adama<br>Salzburger Festspiele 2006, (Regie: Andreas Morell)&nbsp;<\/p>\n\n\n\n<p>euroarts<br>Die Berliner Philharmoniker live in der Waldb\u00fchne 2006, (Regie: Andreas Morell)&nbsp;<\/p>\n\n\n\n<p>ZDF \/ 3sat<br>As time goes by &#8211; Die 12 Cellisten der Berliner Philharmoniker<br>ZDF Hauptstadtstudio 2005, (Regie: Andreas Morell)&nbsp;<\/p>\n\n\n\n<p>ZDF \/ 3sat<br>Gergiev dirigiert die Wiener Philharmoniker<br>Salzburger Festspiele 2005, (Regie: Andreas Morell)&nbsp;<\/p>\n\n\n\n<p>bce film<br><a href=\"http:\/\/www.doku-arts.de\/2006\/dld\/wo%20ich%20noch%20nie%20...%20Information%20German.pdf\" target=\"_blank\" rel=\"noreferrer noopener\">\u201e&#8230; wo ich noch nie war\u201c: Der Komponist Helmut Lachenmann<\/a><br>Luzern 2005, (Regie: Bettina Ehrhardt)&nbsp;<\/p>\n\n\n\n<p>WDR<br>Oper f\u00fcr Kinder: Merlin (Vierteiler), Oper K\u00f6ln u.a.&nbsp;<br>2005, (Regie: Andreas Morell)&nbsp;<\/p>\n\n\n\n<p>bce film<br>Chick Corea und Bobby McFerrin: \u201eWe play\u201c<br>Verbier 2002, (Regie: Bettina Ehrhardt)&nbsp;<\/p>\n\n\n\n<p>Bayerischer Rundfunk<br>Geburtstagskonzert f\u00fcr Hans Werner Henze&nbsp;<br>Muffathalle M\u00fcnchen 2001, (Regie: Georg W\u00fcbbolt)&nbsp;<\/p>\n\n\n\n<p>ZDF \/ 3sat&nbsp;<br>Oster-Gala 2001&nbsp;<br>Aalto-Theater Essen 2001, (Regie: Georg W\u00fcbbolt)&nbsp;<\/p>\n\n\n\n<p>Bayerischer Rundfunk<br>Musica Viva &#8211; Symphonieorchester des BR unter der musikalischen Leitung von Luciano Berio, Herkulessaal<br>M\u00fcnchen 1999, (Regie: Georg W\u00fcbbolt)&nbsp;<\/p>\n","protected":false},"excerpt":{"rendered":"<p>BPhilMedia (Digital Concert Hall)Kirill Petrenko mit Gustav Mahler: Symphonie Nr. 9Berliner Philharmoniker, 2025 (Bildregie: Michael Beyer) BPhilMedia (Digital Concert Hall)Dalia Stasevska mit Werken von Jean Sibelius, Edvard Grieg, Kaija Saariaho und Claude DebussyBerliner Philharmoniker, 2025 (Bildregie: Andreas Morell) BPhilMedia (Digital Concert Hall)Simone Young mit Werken von Rihm und BrucknerBerliner Philharmoniker, 2024 (Bildregie: Andreas Morell) BPhilMedia &hellip; <\/p>\n<p class=\"link-more\"><a href=\"http:\/\/susanne-frey.de\/?page_id=133\" class=\"more-link\"><span class=\"screen-reader-text\">\u201eRegieassistenzen AV (Auswahl)\u201c<\/span> weiterlesen<\/a><\/p>\n","protected":false},"author":1,"featured_media":0,"parent":0,"menu_order":0,"comment_status":"closed","ping_status":"closed","template":"","meta":{"ngg_post_thumbnail":0},"_links":{"self":[{"href":"http:\/\/susanne-frey.de\/index.php?rest_route=\/wp\/v2\/pages\/133"}],"collection":[{"href":"http:\/\/susanne-frey.de\/index.php?rest_route=\/wp\/v2\/pages"}],"about":[{"href":"http:\/\/susanne-frey.de\/index.php?rest_route=\/wp\/v2\/types\/page"}],"author":[{"embeddable":true,"href":"http:\/\/susanne-frey.de\/index.php?rest_route=\/wp\/v2\/users\/1"}],"replies":[{"embeddable":true,"href":"http:\/\/susanne-frey.de\/index.php?rest_route=%2Fwp%2Fv2%2Fcomments&post=133"}],"version-history":[{"count":10,"href":"http:\/\/susanne-frey.de\/index.php?rest_route=\/wp\/v2\/pages\/133\/revisions"}],"predecessor-version":[{"id":991,"href":"http:\/\/susanne-frey.de\/index.php?rest_route=\/wp\/v2\/pages\/133\/revisions\/991"}],"wp:attachment":[{"href":"http:\/\/susanne-frey.de\/index.php?rest_route=%2Fwp%2Fv2%2Fmedia&parent=133"}],"curies":[{"name":"wp","href":"https:\/\/api.w.org\/{rel}","templated":true}]}}