{"id":127,"date":"2020-02-23T16:21:11","date_gmt":"2020-02-23T16:21:11","guid":{"rendered":"http:\/\/susanne-frey.de\/?page_id=127"},"modified":"2024-06-27T16:56:17","modified_gmt":"2024-06-27T16:56:17","slug":"vita-english","status":"publish","type":"page","link":"http:\/\/susanne-frey.de\/?page_id=127","title":{"rendered":"Vita (english)"},"content":{"rendered":"\n<p>Susanne Frey was born in Munich and studied at Ludwig-Maximilian University, where she read German Studies, Theatre and the theory of drama, and art history. She took part in Susanne Frey\u2019s career as stage director began in 2000 at the Nuremberg Theatre with Terrence McNally\u2019s \u201cMasterclass\u201c. Jutta Richter-Haaser was awarded the Actor\u2019s Prize of the \u201cBayerische Theatertage\u201c and the Star of the Week by the Evening Newspaper at the physical embodiment of Maria Callas. Since then, Susanne has directed at numerous independent, regional and state-run theatres, in Germany as well as abroad. She directs opera, theatre, staged performances of concert repertoire and specialist productions. In 2003 she founded the artistic ensemble \u201cVoices\u201c as artistic director, with which she realises experimental music-theatre projects in the Tafelhalle Nuremberg, Radialsystem V Berlin and as guest productions. She also works as a video director specialized in the broadcast of classical concerts, for example for the Digital Concert Hall of the Berlin Philharmonic.<br><br>Since 2001 Susanne has over this been active as pedagogue. She was guest lecturer for stage craft at the Augsburg-Nuremberg Music Conservatoire (Hochschule f\u00fcr Musik N\u00fcrnberg-Augsburg), lecturer for the Acad\u00e9mie lyrique for opera singers in Vend\u00f4me, France, and in 2007 took over a professorship position for Professor Andrea Raabe at the Institute of Music Theatre at the Karlsruhe Music Conservatoire (Musikhochschule Karlsruhe). Additionally, she teaches regularly at the Folkwang University of Arts Essen (Folkwang Universit\u00e4t der K\u00fcnste Essen) and the Bavarian Vocal Academy (Bayerische Singakademie).&nbsp;<\/p>\n\n\n\n<p>From 1998 until 2001 Susanne held a full-time position at the Nuremberg Opera (Oper N\u00fcrnberg) as assistant stage director and rehearsal director and worked with Tilman Knabe, Stephan Lawless, Gottfried Pilz and Andrea Raabe. In 2002 she assisted on Claus Guth\u2019s staging of Gluck\u2019s \u201eIphig\u00e9nie en Tauride\u201c at the Salzburg Festival (Salzburger Festspiele), and took over the direction of stage rehearsals of the same production at Nuremberg Opera. In 2002 Peter Mussbach engaged Susanne at Berlin State Opera (Staatsoper Unter den Linden Berlin), where she spent a further two years as assistant stage director and rehearsal director. She assisted Doris D\u00f6rrie, Philipp Himmelmann and Peter Mussbach.&nbsp;<\/p>\n\n\n\n<p>Born in Munich Susanne Frey studied at Ludwig-Maximilian University, where she read German Studies, Theatre and the theory of drama, and art history. She took part in various projects as a member of the Madrigal Choir of the Munich Music and Theatre Conservatoire (Hochschule f\u00fcr Musik und Theater M\u00fcnchen), including the \u201cLabor\u201c of the Bavarian State Opera (Bayerische Staatsoper). She undertook voluntary work in the dramaturgue department of the Bavarian State Opera, and began as a freelance assistant director in the classical music and theatre fields for various television and production companies.\u00a0<\/p>\n\n\n\n<p>Susanne Frey lives with her family in the South of Germany and in Berlin.\u00a0<\/p>\n\n\n\n<div class=\"wp-block-glsb-gosign-logo-slider-block gosign-logo-slider\" data-slick=\"{&quot;dots&quot;:false,&quot;infinite&quot;:true,&quot;arrows&quot;:false,&quot;speed&quot;:720,&quot;slidesToShow&quot;:1,&quot;slidesToScroll&quot;:1,&quot;autoplay&quot;:true,&quot;autoplaySpeed&quot;:2639,&quot;gosignAllowLinkOnImages&quot;:false}\"><div class=\"logo-slider-item\"><img loading=\"lazy\" width=\"1024\" height=\"684\" src=\"http:\/\/susanne-frey.de\/wp-content\/uploads\/2020\/04\/Susanne_00015-e1586676833572-1024x684.jpg\" alt=\"\" data-id=\"379\" data-link=\"http:\/\/susanne-frey.de\/?attachment_id=379\" class=\"wp-image-379\" srcset=\"http:\/\/susanne-frey.de\/wp-content\/uploads\/2020\/04\/Susanne_00015-e1586676833572-1024x684.jpg 1024w, http:\/\/susanne-frey.de\/wp-content\/uploads\/2020\/04\/Susanne_00015-e1586676833572-300x200.jpg 300w, http:\/\/susanne-frey.de\/wp-content\/uploads\/2020\/04\/Susanne_00015-e1586676833572-768x513.jpg 768w, http:\/\/susanne-frey.de\/wp-content\/uploads\/2020\/04\/Susanne_00015-e1586676833572.jpg 1200w\" sizes=\"(max-width: 706px) 89vw, (max-width: 767px) 82vw, 740px\" \/><\/div><div class=\"logo-slider-item\"><img loading=\"lazy\" width=\"1024\" height=\"683\" src=\"http:\/\/susanne-frey.de\/wp-content\/uploads\/2020\/04\/Susanne_00004-1024x683.jpg\" alt=\"\" data-id=\"368\" data-link=\"http:\/\/susanne-frey.de\/?attachment_id=368\" class=\"wp-image-368\" srcset=\"http:\/\/susanne-frey.de\/wp-content\/uploads\/2020\/04\/Susanne_00004-1024x683.jpg 1024w, http:\/\/susanne-frey.de\/wp-content\/uploads\/2020\/04\/Susanne_00004-300x200.jpg 300w, http:\/\/susanne-frey.de\/wp-content\/uploads\/2020\/04\/Susanne_00004-768x512.jpg 768w, http:\/\/susanne-frey.de\/wp-content\/uploads\/2020\/04\/Susanne_00004.jpg 1200w\" sizes=\"(max-width: 706px) 89vw, (max-width: 767px) 82vw, 740px\" \/><\/div><div class=\"logo-slider-item\"><img loading=\"lazy\" width=\"1024\" height=\"684\" src=\"http:\/\/susanne-frey.de\/wp-content\/uploads\/2020\/04\/Susanne_00001-e1586677823938-1024x684.jpg\" alt=\"\" data-id=\"365\" data-link=\"http:\/\/susanne-frey.de\/?attachment_id=365\" class=\"wp-image-365\" srcset=\"http:\/\/susanne-frey.de\/wp-content\/uploads\/2020\/04\/Susanne_00001-e1586677823938-1024x684.jpg 1024w, http:\/\/susanne-frey.de\/wp-content\/uploads\/2020\/04\/Susanne_00001-e1586677823938-300x200.jpg 300w, http:\/\/susanne-frey.de\/wp-content\/uploads\/2020\/04\/Susanne_00001-e1586677823938-768x513.jpg 768w, http:\/\/susanne-frey.de\/wp-content\/uploads\/2020\/04\/Susanne_00001-e1586677823938.jpg 1200w\" sizes=\"(max-width: 706px) 89vw, (max-width: 767px) 82vw, 740px\" \/><\/div><div class=\"logo-slider-item\"><img loading=\"lazy\" width=\"1024\" height=\"683\" src=\"http:\/\/susanne-frey.de\/wp-content\/uploads\/2020\/04\/Susanne_00014-e1586676900497-1024x683.jpg\" alt=\"\" data-id=\"378\" data-link=\"http:\/\/susanne-frey.de\/?attachment_id=378\" class=\"wp-image-378\" srcset=\"http:\/\/susanne-frey.de\/wp-content\/uploads\/2020\/04\/Susanne_00014-e1586676900497-1024x683.jpg 1024w, http:\/\/susanne-frey.de\/wp-content\/uploads\/2020\/04\/Susanne_00014-e1586676900497-300x200.jpg 300w, http:\/\/susanne-frey.de\/wp-content\/uploads\/2020\/04\/Susanne_00014-e1586676900497-768x512.jpg 768w, http:\/\/susanne-frey.de\/wp-content\/uploads\/2020\/04\/Susanne_00014-e1586676900497.jpg 1198w\" sizes=\"(max-width: 706px) 89vw, (max-width: 767px) 82vw, 740px\" \/><\/div><div class=\"logo-slider-item\"><img loading=\"lazy\" width=\"1024\" height=\"684\" src=\"http:\/\/susanne-frey.de\/wp-content\/uploads\/2020\/04\/Susanne_00012-e1586676977661-1024x684.jpg\" alt=\"\" data-id=\"376\" data-link=\"http:\/\/susanne-frey.de\/?attachment_id=376\" class=\"wp-image-376\" srcset=\"http:\/\/susanne-frey.de\/wp-content\/uploads\/2020\/04\/Susanne_00012-e1586676977661-1024x684.jpg 1024w, http:\/\/susanne-frey.de\/wp-content\/uploads\/2020\/04\/Susanne_00012-e1586676977661-300x200.jpg 300w, http:\/\/susanne-frey.de\/wp-content\/uploads\/2020\/04\/Susanne_00012-e1586676977661-768x513.jpg 768w, http:\/\/susanne-frey.de\/wp-content\/uploads\/2020\/04\/Susanne_00012-e1586676977661.jpg 1200w\" sizes=\"(max-width: 706px) 89vw, (max-width: 767px) 82vw, 740px\" \/><\/div><div class=\"logo-slider-item\"><img loading=\"lazy\" width=\"1024\" height=\"684\" src=\"http:\/\/susanne-frey.de\/wp-content\/uploads\/2020\/04\/Susanne_00011-e1586677038308-1024x684.jpg\" alt=\"\" data-id=\"375\" data-link=\"http:\/\/susanne-frey.de\/?attachment_id=375\" class=\"wp-image-375\" srcset=\"http:\/\/susanne-frey.de\/wp-content\/uploads\/2020\/04\/Susanne_00011-e1586677038308-1024x684.jpg 1024w, http:\/\/susanne-frey.de\/wp-content\/uploads\/2020\/04\/Susanne_00011-e1586677038308-300x200.jpg 300w, http:\/\/susanne-frey.de\/wp-content\/uploads\/2020\/04\/Susanne_00011-e1586677038308-768x513.jpg 768w, http:\/\/susanne-frey.de\/wp-content\/uploads\/2020\/04\/Susanne_00011-e1586677038308.jpg 1200w\" sizes=\"(max-width: 706px) 89vw, (max-width: 767px) 82vw, 740px\" \/><\/div><div class=\"logo-slider-item\"><img loading=\"lazy\" width=\"1024\" height=\"684\" src=\"http:\/\/susanne-frey.de\/wp-content\/uploads\/2020\/04\/Susanne_00010-e1586677120275-1024x684.jpg\" alt=\"\" data-id=\"374\" data-link=\"http:\/\/susanne-frey.de\/?attachment_id=374\" class=\"wp-image-374\" srcset=\"http:\/\/susanne-frey.de\/wp-content\/uploads\/2020\/04\/Susanne_00010-e1586677120275-1024x684.jpg 1024w, http:\/\/susanne-frey.de\/wp-content\/uploads\/2020\/04\/Susanne_00010-e1586677120275-300x200.jpg 300w, http:\/\/susanne-frey.de\/wp-content\/uploads\/2020\/04\/Susanne_00010-e1586677120275-768x513.jpg 768w, http:\/\/susanne-frey.de\/wp-content\/uploads\/2020\/04\/Susanne_00010-e1586677120275.jpg 1200w\" sizes=\"(max-width: 706px) 89vw, (max-width: 767px) 82vw, 740px\" \/><\/div><div class=\"logo-slider-item\"><img loading=\"lazy\" width=\"1024\" height=\"683\" src=\"http:\/\/susanne-frey.de\/wp-content\/uploads\/2020\/04\/Susanne_00003-1024x683.jpg\" alt=\"\" data-id=\"367\" data-link=\"http:\/\/susanne-frey.de\/?attachment_id=367\" class=\"wp-image-367\" srcset=\"http:\/\/susanne-frey.de\/wp-content\/uploads\/2020\/04\/Susanne_00003-1024x683.jpg 1024w, http:\/\/susanne-frey.de\/wp-content\/uploads\/2020\/04\/Susanne_00003-300x200.jpg 300w, http:\/\/susanne-frey.de\/wp-content\/uploads\/2020\/04\/Susanne_00003-768x512.jpg 768w, http:\/\/susanne-frey.de\/wp-content\/uploads\/2020\/04\/Susanne_00003.jpg 1200w\" sizes=\"(max-width: 706px) 89vw, (max-width: 767px) 82vw, 740px\" \/><\/div><div class=\"logo-slider-item\"><img loading=\"lazy\" width=\"1024\" height=\"683\" src=\"http:\/\/susanne-frey.de\/wp-content\/uploads\/2020\/04\/Susanne_00005-1024x683.jpg\" alt=\"\" data-id=\"369\" data-link=\"http:\/\/susanne-frey.de\/?attachment_id=369\" class=\"wp-image-369\" srcset=\"http:\/\/susanne-frey.de\/wp-content\/uploads\/2020\/04\/Susanne_00005-1024x683.jpg 1024w, http:\/\/susanne-frey.de\/wp-content\/uploads\/2020\/04\/Susanne_00005-300x200.jpg 300w, http:\/\/susanne-frey.de\/wp-content\/uploads\/2020\/04\/Susanne_00005-768x512.jpg 768w, http:\/\/susanne-frey.de\/wp-content\/uploads\/2020\/04\/Susanne_00005.jpg 1200w\" sizes=\"(max-width: 706px) 89vw, (max-width: 767px) 82vw, 740px\" \/><\/div><div class=\"logo-slider-item\"><img loading=\"lazy\" width=\"1024\" height=\"684\" src=\"http:\/\/susanne-frey.de\/wp-content\/uploads\/2020\/04\/Susanne_00007-e1586677259604-1024x684.jpg\" alt=\"\" data-id=\"371\" data-link=\"http:\/\/susanne-frey.de\/?attachment_id=371\" class=\"wp-image-371\" srcset=\"http:\/\/susanne-frey.de\/wp-content\/uploads\/2020\/04\/Susanne_00007-e1586677259604-1024x684.jpg 1024w, http:\/\/susanne-frey.de\/wp-content\/uploads\/2020\/04\/Susanne_00007-e1586677259604-300x200.jpg 300w, http:\/\/susanne-frey.de\/wp-content\/uploads\/2020\/04\/Susanne_00007-e1586677259604-768x513.jpg 768w, http:\/\/susanne-frey.de\/wp-content\/uploads\/2020\/04\/Susanne_00007-e1586677259604.jpg 1200w\" sizes=\"(max-width: 706px) 89vw, (max-width: 767px) 82vw, 740px\" \/><\/div><div class=\"logo-slider-item\"><img loading=\"lazy\" width=\"1024\" height=\"684\" src=\"http:\/\/susanne-frey.de\/wp-content\/uploads\/2020\/04\/Susanne_00009-e1586677159977-1024x684.jpg\" alt=\"\" data-id=\"373\" data-link=\"http:\/\/susanne-frey.de\/?attachment_id=373\" class=\"wp-image-373\" srcset=\"http:\/\/susanne-frey.de\/wp-content\/uploads\/2020\/04\/Susanne_00009-e1586677159977-1024x684.jpg 1024w, http:\/\/susanne-frey.de\/wp-content\/uploads\/2020\/04\/Susanne_00009-e1586677159977-300x200.jpg 300w, http:\/\/susanne-frey.de\/wp-content\/uploads\/2020\/04\/Susanne_00009-e1586677159977-768x513.jpg 768w, http:\/\/susanne-frey.de\/wp-content\/uploads\/2020\/04\/Susanne_00009-e1586677159977.jpg 1200w\" sizes=\"(max-width: 706px) 89vw, (max-width: 767px) 82vw, 740px\" \/><\/div><div class=\"logo-slider-item\"><img loading=\"lazy\" width=\"1024\" height=\"684\" src=\"http:\/\/susanne-frey.de\/wp-content\/uploads\/2020\/04\/Susanne_00013-e1586676955278-1024x684.jpg\" alt=\"\" data-id=\"377\" data-link=\"http:\/\/susanne-frey.de\/?attachment_id=377\" class=\"wp-image-377\" srcset=\"http:\/\/susanne-frey.de\/wp-content\/uploads\/2020\/04\/Susanne_00013-e1586676955278-1024x684.jpg 1024w, http:\/\/susanne-frey.de\/wp-content\/uploads\/2020\/04\/Susanne_00013-e1586676955278-300x200.jpg 300w, http:\/\/susanne-frey.de\/wp-content\/uploads\/2020\/04\/Susanne_00013-e1586676955278-768x513.jpg 768w, http:\/\/susanne-frey.de\/wp-content\/uploads\/2020\/04\/Susanne_00013-e1586676955278.jpg 1200w\" sizes=\"(max-width: 706px) 89vw, (max-width: 767px) 82vw, 740px\" \/><\/div><div class=\"logo-slider-item\"><img loading=\"lazy\" width=\"1024\" height=\"684\" src=\"http:\/\/susanne-frey.de\/wp-content\/uploads\/2020\/04\/Susanne_00002-e1586677751981-1024x684.jpg\" alt=\"\" data-id=\"366\" data-link=\"http:\/\/susanne-frey.de\/?attachment_id=366\" class=\"wp-image-366\" srcset=\"http:\/\/susanne-frey.de\/wp-content\/uploads\/2020\/04\/Susanne_00002-e1586677751981-1024x684.jpg 1024w, http:\/\/susanne-frey.de\/wp-content\/uploads\/2020\/04\/Susanne_00002-e1586677751981-300x200.jpg 300w, http:\/\/susanne-frey.de\/wp-content\/uploads\/2020\/04\/Susanne_00002-e1586677751981-768x513.jpg 768w, http:\/\/susanne-frey.de\/wp-content\/uploads\/2020\/04\/Susanne_00002-e1586677751981.jpg 1200w\" sizes=\"(max-width: 706px) 89vw, (max-width: 767px) 82vw, 740px\" \/><\/div><div class=\"logo-slider-item\"><img loading=\"lazy\" width=\"1024\" height=\"683\" src=\"http:\/\/susanne-frey.de\/wp-content\/uploads\/2020\/04\/Susanne_00006-1024x683.jpg\" alt=\"\" data-id=\"370\" data-link=\"http:\/\/susanne-frey.de\/?attachment_id=370\" class=\"wp-image-370\"\/><\/div><\/div>\n","protected":false},"excerpt":{"rendered":"<p>Susanne Frey was born in Munich and studied at Ludwig-Maximilian University, where she read German Studies, Theatre and the theory of drama, and art history. She took part in Susanne Frey\u2019s career as stage director began in 2000 at the Nuremberg Theatre with Terrence McNally\u2019s \u201cMasterclass\u201c. Jutta Richter-Haaser was awarded the Actor\u2019s Prize of the &hellip; <\/p>\n<p class=\"link-more\"><a href=\"http:\/\/susanne-frey.de\/?page_id=127\" class=\"more-link\"><span class=\"screen-reader-text\">\u201eVita (english)\u201c<\/span> weiterlesen<\/a><\/p>\n","protected":false},"author":1,"featured_media":0,"parent":0,"menu_order":0,"comment_status":"closed","ping_status":"closed","template":"","meta":{"ngg_post_thumbnail":0},"_links":{"self":[{"href":"http:\/\/susanne-frey.de\/index.php?rest_route=\/wp\/v2\/pages\/127"}],"collection":[{"href":"http:\/\/susanne-frey.de\/index.php?rest_route=\/wp\/v2\/pages"}],"about":[{"href":"http:\/\/susanne-frey.de\/index.php?rest_route=\/wp\/v2\/types\/page"}],"author":[{"embeddable":true,"href":"http:\/\/susanne-frey.de\/index.php?rest_route=\/wp\/v2\/users\/1"}],"replies":[{"embeddable":true,"href":"http:\/\/susanne-frey.de\/index.php?rest_route=%2Fwp%2Fv2%2Fcomments&post=127"}],"version-history":[{"count":8,"href":"http:\/\/susanne-frey.de\/index.php?rest_route=\/wp\/v2\/pages\/127\/revisions"}],"predecessor-version":[{"id":925,"href":"http:\/\/susanne-frey.de\/index.php?rest_route=\/wp\/v2\/pages\/127\/revisions\/925"}],"wp:attachment":[{"href":"http:\/\/susanne-frey.de\/index.php?rest_route=%2Fwp%2Fv2%2Fmedia&parent=127"}],"curies":[{"name":"wp","href":"https:\/\/api.w.org\/{rel}","templated":true}]}}