{"id":100,"date":"2020-02-23T16:11:18","date_gmt":"2020-02-23T16:11:18","guid":{"rendered":"http:\/\/susanne-frey.de\/?page_id=100"},"modified":"2024-06-27T19:39:36","modified_gmt":"2024-06-27T19:39:36","slug":"mass","status":"publish","type":"page","link":"http:\/\/susanne-frey.de\/?page_id=100","title":{"rendered":"Mass"},"content":{"rendered":"\n<p>Mass von Leonard Bernstein<br><a href=\"https:\/\/www.tonhalle.de\/reihen\/reihe\/Sternzeichen1\/Bernstein-Mass\/\" target=\"_blank\" rel=\"noreferrer noopener\">Tonhalle D\u00fcsseldorf.<\/a> Premiere am  7.12.2018<\/p>\n\n\n\n<p>Musikalische Leitung: John Neal Axelrod<br>Regie: Susanne Frey<br>Ausstattung: Peter Sommerer<\/p>\n\n\n\n<p>Mit <a href=\"https:\/\/www.jubilantsykes.com\" target=\"_blank\" rel=\"noreferrer noopener\">Jubilant Sykes<\/a> (Celebrant), Marisol Montalvo, Street Chorus (Projektchor), Jugendchor der Akademie f\u00fcr Chor und Musiktheater, Chor des st\u00e4dtischen Musikvereins und den D\u00fcsseldorfer Symphonikern<\/p>\n\n\n\n<p>Hier geht es zum <a rel=\"noreferrer noopener\" aria-label=\"Teaser der Tonhalle (opens in a new tab)\" href=\"https:\/\/www.facebook.com\/watch\/?v=571486473275513\" target=\"_blank\">Teaser der Tonhalle<\/a>. &#8222;So etwas haben die Besucher der Sternzeichen-Symphoniekonzerte noch nicht erlebt&#8220;, schreibt die&nbsp;<a rel=\"noreferrer noopener\" aria-label=\" (opens in a new tab)\" href=\"https:\/\/rp-online.de\/nrw\/staedte\/duesseldorf\/kultur\/konzert-in-der-tonhalle_aid-35004121\" target=\"_blank\">Rheinische Post<\/a>.&nbsp;<\/p>\n\n\n\n<div class=\"wp-block-glsb-gosign-logo-slider-block gosign-logo-slider\" data-slick=\"{&quot;dots&quot;:false,&quot;infinite&quot;:true,&quot;arrows&quot;:false,&quot;speed&quot;:800,&quot;slidesToShow&quot;:1,&quot;slidesToScroll&quot;:1,&quot;autoplay&quot;:true,&quot;autoplaySpeed&quot;:2500,&quot;gosignAllowLinkOnImages&quot;:false}\"><div class=\"logo-slider-item\"><img loading=\"lazy\" width=\"1024\" height=\"683\" src=\"http:\/\/susanne-frey.de\/wp-content\/uploads\/2020\/04\/Mass1-1024x683.jpg\" alt=\"\" data-id=\"416\" data-link=\"http:\/\/susanne-frey.de\/?attachment_id=416\" class=\"wp-image-416\" srcset=\"http:\/\/susanne-frey.de\/wp-content\/uploads\/2020\/04\/Mass1-1024x683.jpg 1024w, http:\/\/susanne-frey.de\/wp-content\/uploads\/2020\/04\/Mass1-300x200.jpg 300w, http:\/\/susanne-frey.de\/wp-content\/uploads\/2020\/04\/Mass1-768x512.jpg 768w, http:\/\/susanne-frey.de\/wp-content\/uploads\/2020\/04\/Mass1.jpg 1200w\" sizes=\"(max-width: 706px) 89vw, (max-width: 767px) 82vw, 740px\" \/><\/div><div class=\"logo-slider-item\"><img loading=\"lazy\" width=\"1024\" height=\"683\" src=\"http:\/\/susanne-frey.de\/wp-content\/uploads\/2020\/04\/Mass2-1024x683.jpg\" alt=\"\" data-id=\"417\" data-link=\"http:\/\/susanne-frey.de\/?attachment_id=417\" class=\"wp-image-417\" srcset=\"http:\/\/susanne-frey.de\/wp-content\/uploads\/2020\/04\/Mass2-1024x683.jpg 1024w, http:\/\/susanne-frey.de\/wp-content\/uploads\/2020\/04\/Mass2-300x200.jpg 300w, http:\/\/susanne-frey.de\/wp-content\/uploads\/2020\/04\/Mass2-768x512.jpg 768w, http:\/\/susanne-frey.de\/wp-content\/uploads\/2020\/04\/Mass2.jpg 1200w\" sizes=\"(max-width: 706px) 89vw, (max-width: 767px) 82vw, 740px\" \/><\/div><div class=\"logo-slider-item\"><img loading=\"lazy\" width=\"1024\" height=\"683\" src=\"http:\/\/susanne-frey.de\/wp-content\/uploads\/2020\/04\/Mass7-1024x683.jpg\" alt=\"\" data-id=\"422\" data-link=\"http:\/\/susanne-frey.de\/?attachment_id=422\" class=\"wp-image-422\" srcset=\"http:\/\/susanne-frey.de\/wp-content\/uploads\/2020\/04\/Mass7-1024x683.jpg 1024w, http:\/\/susanne-frey.de\/wp-content\/uploads\/2020\/04\/Mass7-300x200.jpg 300w, http:\/\/susanne-frey.de\/wp-content\/uploads\/2020\/04\/Mass7-768x512.jpg 768w, http:\/\/susanne-frey.de\/wp-content\/uploads\/2020\/04\/Mass7.jpg 1200w\" sizes=\"(max-width: 706px) 89vw, (max-width: 767px) 82vw, 740px\" \/><\/div><div class=\"logo-slider-item\"><img loading=\"lazy\" width=\"1024\" height=\"683\" src=\"http:\/\/susanne-frey.de\/wp-content\/uploads\/2020\/04\/Mass4-1024x683.jpg\" alt=\"\" data-id=\"419\" data-link=\"http:\/\/susanne-frey.de\/?attachment_id=419\" class=\"wp-image-419\" srcset=\"http:\/\/susanne-frey.de\/wp-content\/uploads\/2020\/04\/Mass4-1024x683.jpg 1024w, http:\/\/susanne-frey.de\/wp-content\/uploads\/2020\/04\/Mass4-300x200.jpg 300w, http:\/\/susanne-frey.de\/wp-content\/uploads\/2020\/04\/Mass4-768x512.jpg 768w, http:\/\/susanne-frey.de\/wp-content\/uploads\/2020\/04\/Mass4.jpg 1200w\" sizes=\"(max-width: 706px) 89vw, (max-width: 767px) 82vw, 740px\" \/><\/div><div class=\"logo-slider-item\"><img loading=\"lazy\" width=\"1024\" height=\"683\" src=\"http:\/\/susanne-frey.de\/wp-content\/uploads\/2020\/04\/Mass5-1024x683.jpg\" alt=\"\" data-id=\"420\" data-link=\"http:\/\/susanne-frey.de\/?attachment_id=420\" class=\"wp-image-420\" srcset=\"http:\/\/susanne-frey.de\/wp-content\/uploads\/2020\/04\/Mass5-1024x683.jpg 1024w, http:\/\/susanne-frey.de\/wp-content\/uploads\/2020\/04\/Mass5-300x200.jpg 300w, http:\/\/susanne-frey.de\/wp-content\/uploads\/2020\/04\/Mass5-768x512.jpg 768w, http:\/\/susanne-frey.de\/wp-content\/uploads\/2020\/04\/Mass5.jpg 1200w\" sizes=\"(max-width: 706px) 89vw, (max-width: 767px) 82vw, 740px\" \/><\/div><div class=\"logo-slider-item\"><img loading=\"lazy\" width=\"1024\" height=\"683\" src=\"http:\/\/susanne-frey.de\/wp-content\/uploads\/2020\/04\/Mass3-1024x683.jpg\" alt=\"\" data-id=\"418\" data-link=\"http:\/\/susanne-frey.de\/?attachment_id=418\" class=\"wp-image-418\" srcset=\"http:\/\/susanne-frey.de\/wp-content\/uploads\/2020\/04\/Mass3-1024x683.jpg 1024w, http:\/\/susanne-frey.de\/wp-content\/uploads\/2020\/04\/Mass3-300x200.jpg 300w, http:\/\/susanne-frey.de\/wp-content\/uploads\/2020\/04\/Mass3-768x512.jpg 768w, http:\/\/susanne-frey.de\/wp-content\/uploads\/2020\/04\/Mass3.jpg 1200w\" sizes=\"(max-width: 706px) 89vw, (max-width: 767px) 82vw, 740px\" \/><\/div><div class=\"logo-slider-item\"><img loading=\"lazy\" width=\"1024\" height=\"683\" src=\"http:\/\/susanne-frey.de\/wp-content\/uploads\/2020\/04\/Mass6-1024x683.jpg\" alt=\"\" data-id=\"421\" data-link=\"http:\/\/susanne-frey.de\/?attachment_id=421\" class=\"wp-image-421\" srcset=\"http:\/\/susanne-frey.de\/wp-content\/uploads\/2020\/04\/Mass6-1024x683.jpg 1024w, http:\/\/susanne-frey.de\/wp-content\/uploads\/2020\/04\/Mass6-300x200.jpg 300w, http:\/\/susanne-frey.de\/wp-content\/uploads\/2020\/04\/Mass6-768x512.jpg 768w, http:\/\/susanne-frey.de\/wp-content\/uploads\/2020\/04\/Mass6.jpg 1200w\" sizes=\"(max-width: 706px) 89vw, (max-width: 767px) 82vw, 740px\" \/><\/div><div class=\"logo-slider-item\"><img loading=\"lazy\" width=\"1024\" height=\"683\" src=\"http:\/\/susanne-frey.de\/wp-content\/uploads\/2020\/04\/Mass8-1024x683.jpg\" alt=\"\" data-id=\"784\" data-link=\"http:\/\/susanne-frey.de\/?attachment_id=784\" class=\"wp-image-784\" srcset=\"http:\/\/susanne-frey.de\/wp-content\/uploads\/2020\/04\/Mass8-1024x683.jpg 1024w, http:\/\/susanne-frey.de\/wp-content\/uploads\/2020\/04\/Mass8-300x200.jpg 300w, http:\/\/susanne-frey.de\/wp-content\/uploads\/2020\/04\/Mass8-768x512.jpg 768w, http:\/\/susanne-frey.de\/wp-content\/uploads\/2020\/04\/Mass8.jpg 1200w\" sizes=\"(max-width: 706px) 89vw, (max-width: 767px) 82vw, 740px\" \/><\/div><div class=\"logo-slider-item\"><img loading=\"lazy\" width=\"1024\" height=\"615\" src=\"http:\/\/susanne-frey.de\/wp-content\/uploads\/2024\/06\/Mass-09-1024x615.jpg\" alt=\"\" data-id=\"967\" data-link=\"http:\/\/susanne-frey.de\/?attachment_id=967\" class=\"wp-image-967\" srcset=\"http:\/\/susanne-frey.de\/wp-content\/uploads\/2024\/06\/Mass-09-1024x615.jpg 1024w, http:\/\/susanne-frey.de\/wp-content\/uploads\/2024\/06\/Mass-09-300x180.jpg 300w, http:\/\/susanne-frey.de\/wp-content\/uploads\/2024\/06\/Mass-09-768x461.jpg 768w, http:\/\/susanne-frey.de\/wp-content\/uploads\/2024\/06\/Mass-09-1536x922.jpg 1536w, http:\/\/susanne-frey.de\/wp-content\/uploads\/2024\/06\/Mass-09-2048x1229.jpg 2048w, http:\/\/susanne-frey.de\/wp-content\/uploads\/2024\/06\/Mass-09-2000x1200.jpg 2000w\" sizes=\"(max-width: 706px) 89vw, (max-width: 767px) 82vw, 740px\" \/><\/div><div class=\"logo-slider-item\"><img loading=\"lazy\" width=\"1024\" height=\"672\" src=\"http:\/\/susanne-frey.de\/wp-content\/uploads\/2024\/06\/Mass-06-1024x672.jpg\" alt=\"\" data-id=\"966\" data-link=\"http:\/\/susanne-frey.de\/?attachment_id=966\" class=\"wp-image-966\" srcset=\"http:\/\/susanne-frey.de\/wp-content\/uploads\/2024\/06\/Mass-06-1024x672.jpg 1024w, http:\/\/susanne-frey.de\/wp-content\/uploads\/2024\/06\/Mass-06-300x197.jpg 300w, http:\/\/susanne-frey.de\/wp-content\/uploads\/2024\/06\/Mass-06-768x504.jpg 768w, http:\/\/susanne-frey.de\/wp-content\/uploads\/2024\/06\/Mass-06-1536x1008.jpg 1536w, http:\/\/susanne-frey.de\/wp-content\/uploads\/2024\/06\/Mass-06-2048x1344.jpg 2048w\" sizes=\"(max-width: 706px) 89vw, (max-width: 767px) 82vw, 740px\" \/><\/div><\/div>\n\n\n\n<p><br>Fotos \u00a9 Jan Roloff, Peter Sommerer<\/p>\n\n\n\n<p>&#8222;Mass ist eine ganze Welt f\u00fcr sich, die um einen Gottesdienst aufgebaut ist. Mass ist eine Art \u00f6kumenische Messe, die f\u00fcr alle Religionen und f\u00fcr jeden unter uns eine Aussage enth\u00e4lt.&#8220; <br><em>Leonard Bernstein<\/em><\/p>\n","protected":false},"excerpt":{"rendered":"<p>Mass von Leonard BernsteinTonhalle D\u00fcsseldorf. Premiere am 7.12.2018 Musikalische Leitung: John Neal AxelrodRegie: Susanne FreyAusstattung: Peter Sommerer Mit Jubilant Sykes (Celebrant), Marisol Montalvo, Street Chorus (Projektchor), Jugendchor der Akademie f\u00fcr Chor und Musiktheater, Chor des st\u00e4dtischen Musikvereins und den D\u00fcsseldorfer Symphonikern Hier geht es zum Teaser der Tonhalle. &#8222;So etwas haben die Besucher der Sternzeichen-Symphoniekonzerte &hellip; <\/p>\n<p class=\"link-more\"><a href=\"http:\/\/susanne-frey.de\/?page_id=100\" class=\"more-link\"><span class=\"screen-reader-text\">\u201eMass\u201c<\/span> weiterlesen<\/a><\/p>\n","protected":false},"author":1,"featured_media":0,"parent":0,"menu_order":0,"comment_status":"closed","ping_status":"closed","template":"","meta":{"ngg_post_thumbnail":0},"_links":{"self":[{"href":"http:\/\/susanne-frey.de\/index.php?rest_route=\/wp\/v2\/pages\/100"}],"collection":[{"href":"http:\/\/susanne-frey.de\/index.php?rest_route=\/wp\/v2\/pages"}],"about":[{"href":"http:\/\/susanne-frey.de\/index.php?rest_route=\/wp\/v2\/types\/page"}],"author":[{"embeddable":true,"href":"http:\/\/susanne-frey.de\/index.php?rest_route=\/wp\/v2\/users\/1"}],"replies":[{"embeddable":true,"href":"http:\/\/susanne-frey.de\/index.php?rest_route=%2Fwp%2Fv2%2Fcomments&post=100"}],"version-history":[{"count":28,"href":"http:\/\/susanne-frey.de\/index.php?rest_route=\/wp\/v2\/pages\/100\/revisions"}],"predecessor-version":[{"id":969,"href":"http:\/\/susanne-frey.de\/index.php?rest_route=\/wp\/v2\/pages\/100\/revisions\/969"}],"wp:attachment":[{"href":"http:\/\/susanne-frey.de\/index.php?rest_route=%2Fwp%2Fv2%2Fmedia&parent=100"}],"curies":[{"name":"wp","href":"https:\/\/api.w.org\/{rel}","templated":true}]}}